{"id":1873,"date":"2023-01-04T16:25:45","date_gmt":"2023-01-04T08:25:45","guid":{"rendered":"https:\/\/www.sinopulse.cn\/?page_id=1873"},"modified":"2025-09-02T17:08:15","modified_gmt":"2025-09-02T09:08:15","slug":"oxygen-hoses","status":"publish","type":"page","link":"https:\/\/www.sinopulse.cn\/de\/sauerstoffschlauche\/","title":{"rendered":"Sauerstoffschl\u00e4uche"},"content":{"rendered":"","protected":false},"excerpt":{"rendered":"","protected":false},"author":2,"featured_media":1882,"parent":0,"menu_order":0,"comment_status":"closed","ping_status":"closed","template":"product-category simple.php","meta":{"_acf_changed":false,"site-sidebar-layout":"default","site-content-layout":"default","ast-site-content-layout":"default","site-content-style":"default","site-sidebar-style":"default","ast-global-header-display":"","ast-banner-title-visibility":"","ast-main-header-display":"","ast-hfb-above-header-display":"","ast-hfb-below-header-display":"","ast-hfb-mobile-header-display":"","site-post-title":"","ast-breadcrumbs-content":"","ast-featured-img":"","footer-sml-layout":"","ast-disable-related-posts":"","theme-transparent-header-meta":"default","adv-header-id-meta":"","stick-header-meta":"default","header-above-stick-meta":"","header-main-stick-meta":"","header-below-stick-meta":"","astra-migrate-meta-layouts":"set","ast-page-background-enabled":"default","ast-page-background-meta":{"desktop":{"background-color":"var(--ast-global-color-4)","background-image":"","background-repeat":"repeat","background-position":"center center","background-size":"auto","background-attachment":"scroll","background-type":"","background-media":"","overlay-type":"","overlay-color":"","overlay-opacity":"","overlay-gradient":""},"tablet":{"background-color":"","background-image":"","background-repeat":"repeat","background-position":"center center","background-size":"auto","background-attachment":"scroll","background-type":"","background-media":"","overlay-type":"","overlay-color":"","overlay-opacity":"","overlay-gradient":""},"mobile":{"background-color":"","background-image":"","background-repeat":"repeat","background-position":"center center","background-size":"auto","background-attachment":"scroll","background-type":"","background-media":"","overlay-type":"","overlay-color":"","overlay-opacity":"","overlay-gradient":""}},"ast-content-background-meta":{"desktop":{"background-color":"var(--ast-global-color-5)","background-image":"","background-repeat":"repeat","background-position":"center center","background-size":"auto","background-attachment":"scroll","background-type":"","background-media":"","overlay-type":"","overlay-color":"","overlay-opacity":"","overlay-gradient":""},"tablet":{"background-color":"var(--ast-global-color-5)","background-image":"","background-repeat":"repeat","background-position":"center center","background-size":"auto","background-attachment":"scroll","background-type":"","background-media":"","overlay-type":"","overlay-color":"","overlay-opacity":"","overlay-gradient":""},"mobile":{"background-color":"var(--ast-global-color-5)","background-image":"","background-repeat":"repeat","background-position":"center center","background-size":"auto","background-attachment":"scroll","background-type":"","background-media":"","overlay-type":"","overlay-color":"","overlay-opacity":"","overlay-gradient":""}}},"categories":[61],"tags":[],"class_list":["post-1873","page","type-page","status-publish","has-post-thumbnail","hentry","category-industrial-hose"],"acf":[],"yoast_head":"<!-- This site is optimized with the Yoast SEO Premium plugin v23.1 (Yoast SEO v27.4) - https:\/\/yoast.com\/product\/yoast-seo-premium-wordpress\/ -->\n<title>Oxygen Hoses Manufacturer in China - Sinopulse<\/title>\n<meta name=\"description\" content=\"Sinopulse: Your trusted source for high-quality oxygen hoses, ensuring safe and reliable transfer in various applications.\" \/>\n<meta name=\"robots\" content=\"index, follow, max-snippet:-1, max-image-preview:large, max-video-preview:-1\" \/>\n<link rel=\"canonical\" href=\"https:\/\/www.sinopulse.cn\/de\/sauerstoffschlauche\/\" \/>\n<meta property=\"og:locale\" content=\"de_DE\" \/>\n<meta property=\"og:type\" content=\"article\" \/>\n<meta property=\"og:title\" content=\"oxygen hoses\" \/>\n<meta property=\"og:description\" content=\"Sinopulse: Your trusted source for high-quality oxygen hoses, ensuring safe and reliable transfer in various applications.\" \/>\n<meta property=\"og:url\" content=\"https:\/\/www.sinopulse.cn\/de\/sauerstoffschlauche\/\" \/>\n<meta property=\"og:site_name\" content=\"Sinopulse\" \/>\n<meta property=\"article:publisher\" content=\"https:\/\/www.facebook.com\/sinopulsehose\/\" \/>\n<meta property=\"article:modified_time\" content=\"2025-09-02T09:08:15+00:00\" \/>\n<meta property=\"og:image\" content=\"https:\/\/www.sinopulse.cn\/wp-content\/uploads\/2023\/01\/oxygen-hose2.jpg\" \/>\n\t<meta property=\"og:image:width\" content=\"1000\" \/>\n\t<meta property=\"og:image:height\" content=\"1000\" \/>\n\t<meta property=\"og:image:type\" content=\"image\/jpeg\" \/>\n<meta name=\"twitter:card\" content=\"summary_large_image\" \/>\n<meta name=\"twitter:label1\" content=\"Gesch\u00e4tzte Lesezeit\" \/>\n\t<meta name=\"twitter:data1\" content=\"1\u00a0Minute\" \/>\n<script type=\"application\/ld+json\" class=\"yoast-schema-graph\">{\"@context\":\"https:\\\/\\\/schema.org\",\"@graph\":[{\"@type\":\"WebPage\",\"@id\":\"https:\\\/\\\/www.sinopulse.cn\\\/oxygen-hoses\\\/\",\"url\":\"https:\\\/\\\/www.sinopulse.cn\\\/oxygen-hoses\\\/\",\"name\":\"Oxygen Hoses Manufacturer in China - Sinopulse\",\"isPartOf\":{\"@id\":\"https:\\\/\\\/www.sinopulse.cn\\\/#website\"},\"primaryImageOfPage\":{\"@id\":\"https:\\\/\\\/www.sinopulse.cn\\\/oxygen-hoses\\\/#primaryimage\"},\"image\":{\"@id\":\"https:\\\/\\\/www.sinopulse.cn\\\/oxygen-hoses\\\/#primaryimage\"},\"thumbnailUrl\":\"https:\\\/\\\/www.sinopulse.cn\\\/wp-content\\\/uploads\\\/2023\\\/01\\\/oxygen-hose2.jpg\",\"datePublished\":\"2023-01-04T08:25:45+00:00\",\"dateModified\":\"2025-09-02T09:08:15+00:00\",\"description\":\"Sinopulse: Your trusted source for high-quality oxygen hoses, ensuring safe and reliable transfer in various applications.\",\"breadcrumb\":{\"@id\":\"https:\\\/\\\/www.sinopulse.cn\\\/oxygen-hoses\\\/#breadcrumb\"},\"inLanguage\":\"de\",\"potentialAction\":[{\"@type\":\"ReadAction\",\"target\":[\"https:\\\/\\\/www.sinopulse.cn\\\/oxygen-hoses\\\/\"]}]},{\"@type\":\"ImageObject\",\"inLanguage\":\"de\",\"@id\":\"https:\\\/\\\/www.sinopulse.cn\\\/oxygen-hoses\\\/#primaryimage\",\"url\":\"https:\\\/\\\/www.sinopulse.cn\\\/wp-content\\\/uploads\\\/2023\\\/01\\\/oxygen-hose2.jpg\",\"contentUrl\":\"https:\\\/\\\/www.sinopulse.cn\\\/wp-content\\\/uploads\\\/2023\\\/01\\\/oxygen-hose2.jpg\",\"width\":1000,\"height\":1000,\"caption\":\"oxygen hose\"},{\"@type\":\"BreadcrumbList\",\"@id\":\"https:\\\/\\\/www.sinopulse.cn\\\/oxygen-hoses\\\/#breadcrumb\",\"itemListElement\":[{\"@type\":\"ListItem\",\"position\":1,\"name\":\"Home\",\"item\":\"https:\\\/\\\/www.sinopulse.cn\\\/\"},{\"@type\":\"ListItem\",\"position\":2,\"name\":\"oxygen hoses\"}]},{\"@type\":\"WebSite\",\"@id\":\"https:\\\/\\\/www.sinopulse.cn\\\/#website\",\"url\":\"https:\\\/\\\/www.sinopulse.cn\\\/\",\"name\":\"Sinopulse\",\"description\":\"Sinopulse Hydraulic Hose Manufacturer\",\"publisher\":{\"@id\":\"https:\\\/\\\/www.sinopulse.cn\\\/#organization\"},\"alternateName\":\"Best Hydraulic Hoses Manufacturer\",\"potentialAction\":[{\"@type\":\"SearchAction\",\"target\":{\"@type\":\"EntryPoint\",\"urlTemplate\":\"https:\\\/\\\/www.sinopulse.cn\\\/?s={search_term_string}\"},\"query-input\":{\"@type\":\"PropertyValueSpecification\",\"valueRequired\":true,\"valueName\":\"search_term_string\"}}],\"inLanguage\":\"de\"},{\"@type\":\"Organization\",\"@id\":\"https:\\\/\\\/www.sinopulse.cn\\\/#organization\",\"name\":\"Sinopulse Hose Factory Co., Ltd.\",\"alternateName\":\"Sinopulse Hose Factory\",\"url\":\"https:\\\/\\\/www.sinopulse.cn\\\/\",\"logo\":{\"@type\":\"ImageObject\",\"inLanguage\":\"de\",\"@id\":\"https:\\\/\\\/www.sinopulse.cn\\\/#\\\/schema\\\/logo\\\/image\\\/\",\"url\":\"https:\\\/\\\/www.sinopulse.cn\\\/wp-content\\\/uploads\\\/2022\\\/12\\\/cropped-SINOPULSE-logo-1.png\",\"contentUrl\":\"https:\\\/\\\/www.sinopulse.cn\\\/wp-content\\\/uploads\\\/2022\\\/12\\\/cropped-SINOPULSE-logo-1.png\",\"width\":466,\"height\":109,\"caption\":\"Sinopulse Hose Factory Co., Ltd.\"},\"image\":{\"@id\":\"https:\\\/\\\/www.sinopulse.cn\\\/#\\\/schema\\\/logo\\\/image\\\/\"},\"sameAs\":[\"https:\\\/\\\/www.facebook.com\\\/sinopulsehose\\\/\",\"https:\\\/\\\/www.linkedin.com\\\/in\\\/sinopulse-hydaulic-hose-manufacturer\\\/\"]}]}<\/script>\n<!-- \/ Yoast SEO Premium plugin. -->","yoast_head_json":{"title":"Hersteller von Sauerstoffschl\u00e4uchen in China \u2013 Sinopulse","description":"Sinopulse: Ihre vertrauensw\u00fcrdige Quelle f\u00fcr hochwertige Sauerstoffschl\u00e4uche, die eine sichere und zuverl\u00e4ssige \u00dcbertragung in verschiedenen Anwendungen gew\u00e4hrleisten.","robots":{"index":"index","follow":"follow","max-snippet":"max-snippet:-1","max-image-preview":"max-image-preview:large","max-video-preview":"max-video-preview:-1"},"canonical":"https:\/\/www.sinopulse.cn\/de\/sauerstoffschlauche\/","og_locale":"de_DE","og_type":"article","og_title":"oxygen hoses","og_description":"Sinopulse: Your trusted source for high-quality oxygen hoses, ensuring safe and reliable transfer in various applications.","og_url":"https:\/\/www.sinopulse.cn\/de\/sauerstoffschlauche\/","og_site_name":"Sinopulse","article_publisher":"https:\/\/www.facebook.com\/sinopulsehose\/","article_modified_time":"2025-09-02T09:08:15+00:00","og_image":[{"width":1000,"height":1000,"url":"https:\/\/www.sinopulse.cn\/wp-content\/uploads\/2023\/01\/oxygen-hose2.jpg","type":"image\/jpeg"}],"twitter_card":"summary_large_image","twitter_misc":{"Gesch\u00e4tzte Lesezeit":"1\u00a0Minute"},"schema":{"@context":"https:\/\/schema.org","@graph":[{"@type":"WebPage","@id":"https:\/\/www.sinopulse.cn\/oxygen-hoses\/","url":"https:\/\/www.sinopulse.cn\/oxygen-hoses\/","name":"Hersteller von Sauerstoffschl\u00e4uchen in China \u2013 Sinopulse","isPartOf":{"@id":"https:\/\/www.sinopulse.cn\/#website"},"primaryImageOfPage":{"@id":"https:\/\/www.sinopulse.cn\/oxygen-hoses\/#primaryimage"},"image":{"@id":"https:\/\/www.sinopulse.cn\/oxygen-hoses\/#primaryimage"},"thumbnailUrl":"https:\/\/www.sinopulse.cn\/wp-content\/uploads\/2023\/01\/oxygen-hose2.jpg","datePublished":"2023-01-04T08:25:45+00:00","dateModified":"2025-09-02T09:08:15+00:00","description":"Sinopulse: Ihre vertrauensw\u00fcrdige Quelle f\u00fcr hochwertige Sauerstoffschl\u00e4uche, die eine sichere und zuverl\u00e4ssige \u00dcbertragung in verschiedenen Anwendungen gew\u00e4hrleisten.","breadcrumb":{"@id":"https:\/\/www.sinopulse.cn\/oxygen-hoses\/#breadcrumb"},"inLanguage":"de","potentialAction":[{"@type":"ReadAction","target":["https:\/\/www.sinopulse.cn\/oxygen-hoses\/"]}]},{"@type":"ImageObject","inLanguage":"de","@id":"https:\/\/www.sinopulse.cn\/oxygen-hoses\/#primaryimage","url":"https:\/\/www.sinopulse.cn\/wp-content\/uploads\/2023\/01\/oxygen-hose2.jpg","contentUrl":"https:\/\/www.sinopulse.cn\/wp-content\/uploads\/2023\/01\/oxygen-hose2.jpg","width":1000,"height":1000,"caption":"oxygen hose"},{"@type":"BreadcrumbList","@id":"https:\/\/www.sinopulse.cn\/oxygen-hoses\/#breadcrumb","itemListElement":[{"@type":"ListItem","position":1,"name":"Home","item":"https:\/\/www.sinopulse.cn\/"},{"@type":"ListItem","position":2,"name":"oxygen hoses"}]},{"@type":"WebSite","@id":"https:\/\/www.sinopulse.cn\/#website","url":"https:\/\/www.sinopulse.cn\/","name":"Sinopulse","description":"Hersteller von Sinopulse-Hydraulikschl\u00e4uchen","publisher":{"@id":"https:\/\/www.sinopulse.cn\/#organization"},"alternateName":"Best Hydraulic Hoses Manufacturer","potentialAction":[{"@type":"SearchAction","target":{"@type":"EntryPoint","urlTemplate":"https:\/\/www.sinopulse.cn\/?s={search_term_string}"},"query-input":{"@type":"PropertyValueSpecification","valueRequired":true,"valueName":"search_term_string"}}],"inLanguage":"de"},{"@type":"Organization","@id":"https:\/\/www.sinopulse.cn\/#organization","name":"Sinopulse Hose Factory Co, Ltd.","alternateName":"Sinopulse Hose Factory","url":"https:\/\/www.sinopulse.cn\/","logo":{"@type":"ImageObject","inLanguage":"de","@id":"https:\/\/www.sinopulse.cn\/#\/schema\/logo\/image\/","url":"https:\/\/www.sinopulse.cn\/wp-content\/uploads\/2022\/12\/cropped-SINOPULSE-logo-1.png","contentUrl":"https:\/\/www.sinopulse.cn\/wp-content\/uploads\/2022\/12\/cropped-SINOPULSE-logo-1.png","width":466,"height":109,"caption":"Sinopulse Hose Factory Co., Ltd."},"image":{"@id":"https:\/\/www.sinopulse.cn\/#\/schema\/logo\/image\/"},"sameAs":["https:\/\/www.facebook.com\/sinopulsehose\/","https:\/\/www.linkedin.com\/in\/sinopulse-hydaulic-hose-manufacturer\/"]}]}},"_links":{"self":[{"href":"https:\/\/www.sinopulse.cn\/de\/wp-json\/wp\/v2\/pages\/1873","targetHints":{"allow":["GET"]}}],"collection":[{"href":"https:\/\/www.sinopulse.cn\/de\/wp-json\/wp\/v2\/pages"}],"about":[{"href":"https:\/\/www.sinopulse.cn\/de\/wp-json\/wp\/v2\/types\/page"}],"author":[{"embeddable":true,"href":"https:\/\/www.sinopulse.cn\/de\/wp-json\/wp\/v2\/users\/2"}],"replies":[{"embeddable":true,"href":"https:\/\/www.sinopulse.cn\/de\/wp-json\/wp\/v2\/comments?post=1873"}],"version-history":[{"count":0,"href":"https:\/\/www.sinopulse.cn\/de\/wp-json\/wp\/v2\/pages\/1873\/revisions"}],"wp:featuredmedia":[{"embeddable":true,"href":"https:\/\/www.sinopulse.cn\/de\/wp-json\/wp\/v2\/media\/1882"}],"wp:attachment":[{"href":"https:\/\/www.sinopulse.cn\/de\/wp-json\/wp\/v2\/media?parent=1873"}],"wp:term":[{"taxonomy":"category","embeddable":true,"href":"https:\/\/www.sinopulse.cn\/de\/wp-json\/wp\/v2\/categories?post=1873"},{"taxonomy":"post_tag","embeddable":true,"href":"https:\/\/www.sinopulse.cn\/de\/wp-json\/wp\/v2\/tags?post=1873"}],"curies":[{"name":"wp","href":"https:\/\/api.w.org\/{rel}","templated":true}]}}