{"id":3,"date":"2022-08-17T15:30:57","date_gmt":"2022-08-17T15:30:57","guid":{"rendered":"https:\/\/www.sinopulse.cn\/?page_id=3"},"modified":"2025-09-02T17:13:40","modified_gmt":"2025-09-02T09:13:40","slug":"privacy-policy","status":"publish","type":"page","link":"https:\/\/www.sinopulse.cn\/de\/datenschutzbestimmungen\/","title":{"rendered":"Datenschutzbestimmungen"},"content":{"rendered":"<p><b>Sinopulse <\/b>respektiert Ihre Privatsph\u00e4re und den Zweck, zu dem die Besucher unserer Website uns Informationen zur Verf\u00fcgung stellen. Wir geben die gesammelten Informationen nicht an Dritte weiter, verkaufen oder vermieten sie nicht und haben auch nicht die Absicht, dies in Zukunft zu tun.<\/p>\r\n<h3 class=\"wp-block-heading\">Gesammelte Informationen<\/h3>\r\n<p>Wenn Sie Informationen anfordern oder an uns \u00fcbermitteln, indem Sie eine E-Mail \u00fcber die Funktion \"Mail an:\" senden oder ein \"Kontakt\"-Formular ausf\u00fcllen, k\u00f6nnen wir Ihre E-Mail-Adresse sowie alle anderen von Ihnen angegebenen Informationen speichern. Diese Informationen k\u00f6nnen verwendet werden, um Sie in Zukunft per Post, E-Mail oder Telefon zu kontaktieren und Ihnen Informationen \u00fcber unsere L\u00f6sungen oder Dienstleistungen zukommen zu lassen, von denen wir glauben, dass Sie davon profitieren k\u00f6nnen. Ihre E-Mail-Adresse und andere von Ihnen bereitgestellte Informationen werden nicht an Dritte verkauft.<\/p>\r\n<h3>Von anderen gesammelte Informationen<\/h3>\r\n<p>Dieser Hinweis bezieht sich nur auf die Richtlinien der Website des Unternehmens und nicht auf Websites, auf die Benutzer \u00fcber Links von unserer Website zugreifen. Das Unternehmen ist weder f\u00fcr die Richtlinien zur Datenerfassung auf anderen Websites noch f\u00fcr die Praktiken von Websites, die mit unserer Website verlinkt sind, noch f\u00fcr die darin enthaltenen Informationen oder Inhalte verantwortlich. H\u00e4ufig werden Links zu anderen Websites lediglich als Hinweise auf Informationen zu Themen bereitgestellt, die f\u00fcr unsere Besucher n\u00fctzlich sein k\u00f6nnten. Den Nutzern wird empfohlen, die Datenschutzrichtlinien anderer Websites zu \u00fcberpr\u00fcfen.<\/p>\r\n<h3>Cookies<\/h3>\r\n<p>Die Website des Unternehmens verwendet keine Cookies. Aktualisierung, Korrektur und L\u00f6schung personenbezogener Daten Wenn Sie Ihre personenbezogenen Daten aus unseren Unterlagen entfernen lassen m\u00f6chten, senden Sie bitte eine E-Mail mit dem Betreff \"Remove personal information\".<\/p>\r\n<h3>Gesetzlich vorgeschriebene Offenlegung von Informationen<\/h3>\r\n<p>Das Unternehmen kann Informationen offenlegen, wenn es gesetzlich dazu gezwungen ist, mit anderen Worten, wenn wir in gutem Glauben davon ausgehen, dass das Gesetz dies erfordert oder zum Schutz unserer gesetzlichen Rechte.<\/p>\r\n<h3>Regelm\u00e4\u00dfige \u00c4nderungen der Politik<\/h3>\r\n<p>Bitte beachten Sie, dass das Unternehmen seine Datenschutzpraktiken von Zeit zu Zeit \u00fcberpr\u00fcft (z. B. um technologische und\/oder rechtliche \u00c4nderungen zu verfolgen) und dass sich diese Praktiken \u00e4ndern k\u00f6nnen. Um sicherzustellen, dass Sie stets mit der aktuellsten Version unserer Datenschutzrichtlinie vertraut sind, sollten Sie diese Seite als Lesezeichen speichern und regelm\u00e4\u00dfig \u00fcberpr\u00fcfen.<\/p>\r\n<p>Diese Erkl\u00e4rung wird im Namen des Unternehmens abgegeben und ist ab dem 8. Februar 2023 g\u00fcltig. Diese Erkl\u00e4rung stellt keine Vereinbarung zwischen dem Unternehmen und den Nutzern dar und begr\u00fcndet daher keine Rechtsanspr\u00fcche f\u00fcr irgendeine Partei.<\/p>\r\n<p>&nbsp;<\/p>","protected":false},"excerpt":{"rendered":"<p>Sinopulse respektiert Ihre Privatsph\u00e4re und den Zweck, zu dem unsere Website-Besucher uns Informationen zur Verf\u00fcgung stellen. Wir geben keine der gesammelten Informationen an Dritte weiter, verkaufen oder vermieten sie nicht und beabsichtigen dies auch nicht [\u2026]<\/p>","protected":false},"author":2,"featured_media":0,"parent":0,"menu_order":0,"comment_status":"closed","ping_status":"closed","template":"","meta":{"_acf_changed":false,"site-sidebar-layout":"no-sidebar","site-content-layout":"content-boxed-container","ast-site-content-layout":"default","site-content-style":"default","site-sidebar-style":"default","ast-global-header-display":"","ast-banner-title-visibility":"","ast-main-header-display":"","ast-hfb-above-header-display":"","ast-hfb-below-header-display":"","ast-hfb-mobile-header-display":"","site-post-title":"","ast-breadcrumbs-content":"","ast-featured-img":"","footer-sml-layout":"","ast-disable-related-posts":"","theme-transparent-header-meta":"default","adv-header-id-meta":"","stick-header-meta":"default","header-above-stick-meta":"","header-main-stick-meta":"","header-below-stick-meta":"","astra-migrate-meta-layouts":"default","ast-page-background-enabled":"default","ast-page-background-meta":{"desktop":{"background-color":"var(--ast-global-color-4)","background-image":"","background-repeat":"repeat","background-position":"center center","background-size":"auto","background-attachment":"scroll","background-type":"","background-media":"","overlay-type":"","overlay-color":"","overlay-opacity":"","overlay-gradient":""},"tablet":{"background-color":"","background-image":"","background-repeat":"repeat","background-position":"center center","background-size":"auto","background-attachment":"scroll","background-type":"","background-media":"","overlay-type":"","overlay-color":"","overlay-opacity":"","overlay-gradient":""},"mobile":{"background-color":"","background-image":"","background-repeat":"repeat","background-position":"center center","background-size":"auto","background-attachment":"scroll","background-type":"","background-media":"","overlay-type":"","overlay-color":"","overlay-opacity":"","overlay-gradient":""}},"ast-content-background-meta":{"desktop":{"background-color":"var(--ast-global-color-5)","background-image":"","background-repeat":"repeat","background-position":"center center","background-size":"auto","background-attachment":"scroll","background-type":"","background-media":"","overlay-type":"","overlay-color":"","overlay-opacity":"","overlay-gradient":""},"tablet":{"background-color":"var(--ast-global-color-5)","background-image":"","background-repeat":"repeat","background-position":"center center","background-size":"auto","background-attachment":"scroll","background-type":"","background-media":"","overlay-type":"","overlay-color":"","overlay-opacity":"","overlay-gradient":""},"mobile":{"background-color":"var(--ast-global-color-5)","background-image":"","background-repeat":"repeat","background-position":"center center","background-size":"auto","background-attachment":"scroll","background-type":"","background-media":"","overlay-type":"","overlay-color":"","overlay-opacity":"","overlay-gradient":""}}},"categories":[1],"tags":[],"class_list":["post-3","page","type-page","status-publish","hentry","category-blog"],"acf":[],"yoast_head":"<!-- This site is optimized with the Yoast SEO Premium plugin v23.1 (Yoast SEO v27.3) - https:\/\/yoast.com\/product\/yoast-seo-premium-wordpress\/ -->\n<title>Privacy Policy | Sinopulse Factory &amp; Supplier in China<\/title>\n<meta name=\"robots\" content=\"index, follow, max-snippet:-1, max-image-preview:large, max-video-preview:-1\" \/>\n<link rel=\"canonical\" href=\"https:\/\/www.sinopulse.cn\/de\/datenschutzbestimmungen\/\" \/>\n<meta property=\"og:locale\" content=\"de_DE\" \/>\n<meta property=\"og:type\" content=\"article\" \/>\n<meta property=\"og:title\" content=\"Privacy Policy\" \/>\n<meta property=\"og:description\" content=\"Sinopulse respects your privacy and the purpose for which our site visitors provide us information. We do not share, sell, or rent any of the information collected to any third parties and do not intend to do so [&hellip;]\" \/>\n<meta property=\"og:url\" content=\"https:\/\/www.sinopulse.cn\/de\/datenschutzbestimmungen\/\" \/>\n<meta property=\"og:site_name\" content=\"Sinopulse\" \/>\n<meta property=\"article:publisher\" content=\"https:\/\/www.facebook.com\/sinopulsehose\/\" \/>\n<meta property=\"article:modified_time\" content=\"2025-09-02T09:13:40+00:00\" \/>\n<meta property=\"og:image\" content=\"https:\/\/www.sinopulse.cn\/wp-content\/uploads\/2023\/02\/Hydraulic-Hose.jpg\" \/>\n\t<meta property=\"og:image:width\" content=\"1200\" \/>\n\t<meta property=\"og:image:height\" content=\"675\" \/>\n\t<meta property=\"og:image:type\" content=\"image\/jpeg\" \/>\n<meta name=\"twitter:card\" content=\"summary_large_image\" \/>\n<meta name=\"twitter:label1\" content=\"Gesch\u00e4tzte Lesezeit\" \/>\n\t<meta name=\"twitter:data1\" content=\"2\u00a0Minuten\" \/>\n<script type=\"application\/ld+json\" class=\"yoast-schema-graph\">{\"@context\":\"https:\\\/\\\/schema.org\",\"@graph\":[{\"@type\":\"WebPage\",\"@id\":\"https:\\\/\\\/www.sinopulse.cn\\\/privacy-policy\\\/\",\"url\":\"https:\\\/\\\/www.sinopulse.cn\\\/privacy-policy\\\/\",\"name\":\"Privacy Policy | Sinopulse Factory & Supplier in China\",\"isPartOf\":{\"@id\":\"https:\\\/\\\/www.sinopulse.cn\\\/#website\"},\"datePublished\":\"2022-08-17T15:30:57+00:00\",\"dateModified\":\"2025-09-02T09:13:40+00:00\",\"breadcrumb\":{\"@id\":\"https:\\\/\\\/www.sinopulse.cn\\\/privacy-policy\\\/#breadcrumb\"},\"inLanguage\":\"de\",\"potentialAction\":[{\"@type\":\"ReadAction\",\"target\":[\"https:\\\/\\\/www.sinopulse.cn\\\/privacy-policy\\\/\"]}]},{\"@type\":\"BreadcrumbList\",\"@id\":\"https:\\\/\\\/www.sinopulse.cn\\\/privacy-policy\\\/#breadcrumb\",\"itemListElement\":[{\"@type\":\"ListItem\",\"position\":1,\"name\":\"Home\",\"item\":\"https:\\\/\\\/www.sinopulse.cn\\\/\"},{\"@type\":\"ListItem\",\"position\":2,\"name\":\"Privacy Policy\"}]},{\"@type\":\"WebSite\",\"@id\":\"https:\\\/\\\/www.sinopulse.cn\\\/#website\",\"url\":\"https:\\\/\\\/www.sinopulse.cn\\\/\",\"name\":\"Sinopulse\",\"description\":\"Sinopulse Hydraulic Hose Manufacturer\",\"publisher\":{\"@id\":\"https:\\\/\\\/www.sinopulse.cn\\\/#organization\"},\"alternateName\":\"Best Hydraulic Hoses Manufacturer\",\"potentialAction\":[{\"@type\":\"SearchAction\",\"target\":{\"@type\":\"EntryPoint\",\"urlTemplate\":\"https:\\\/\\\/www.sinopulse.cn\\\/?s={search_term_string}\"},\"query-input\":{\"@type\":\"PropertyValueSpecification\",\"valueRequired\":true,\"valueName\":\"search_term_string\"}}],\"inLanguage\":\"de\"},{\"@type\":\"Organization\",\"@id\":\"https:\\\/\\\/www.sinopulse.cn\\\/#organization\",\"name\":\"Sinopulse Hose Factory Co., Ltd.\",\"alternateName\":\"Sinopulse Hose Factory\",\"url\":\"https:\\\/\\\/www.sinopulse.cn\\\/\",\"logo\":{\"@type\":\"ImageObject\",\"inLanguage\":\"de\",\"@id\":\"https:\\\/\\\/www.sinopulse.cn\\\/#\\\/schema\\\/logo\\\/image\\\/\",\"url\":\"https:\\\/\\\/www.sinopulse.cn\\\/wp-content\\\/uploads\\\/2022\\\/12\\\/cropped-SINOPULSE-logo-1.png\",\"contentUrl\":\"https:\\\/\\\/www.sinopulse.cn\\\/wp-content\\\/uploads\\\/2022\\\/12\\\/cropped-SINOPULSE-logo-1.png\",\"width\":466,\"height\":109,\"caption\":\"Sinopulse Hose Factory Co., Ltd.\"},\"image\":{\"@id\":\"https:\\\/\\\/www.sinopulse.cn\\\/#\\\/schema\\\/logo\\\/image\\\/\"},\"sameAs\":[\"https:\\\/\\\/www.facebook.com\\\/sinopulsehose\\\/\",\"https:\\\/\\\/www.linkedin.com\\\/in\\\/sinopulse-hydaulic-hose-manufacturer\\\/\"]}]}<\/script>\n<!-- \/ Yoast SEO Premium plugin. -->","yoast_head_json":{"title":"Datenschutzrichtlinie | Sinopulse Fabrik &amp; Lieferant in China","robots":{"index":"index","follow":"follow","max-snippet":"max-snippet:-1","max-image-preview":"max-image-preview:large","max-video-preview":"max-video-preview:-1"},"canonical":"https:\/\/www.sinopulse.cn\/de\/datenschutzbestimmungen\/","og_locale":"de_DE","og_type":"article","og_title":"Privacy Policy","og_description":"Sinopulse respects your privacy and the purpose for which our site visitors provide us information. We do not share, sell, or rent any of the information collected to any third parties and do not intend to do so [&hellip;]","og_url":"https:\/\/www.sinopulse.cn\/de\/datenschutzbestimmungen\/","og_site_name":"Sinopulse","article_publisher":"https:\/\/www.facebook.com\/sinopulsehose\/","article_modified_time":"2025-09-02T09:13:40+00:00","og_image":[{"width":1200,"height":675,"url":"https:\/\/www.sinopulse.cn\/wp-content\/uploads\/2023\/02\/Hydraulic-Hose.jpg","type":"image\/jpeg"}],"twitter_card":"summary_large_image","twitter_misc":{"Gesch\u00e4tzte Lesezeit":"2\u00a0Minuten"},"schema":{"@context":"https:\/\/schema.org","@graph":[{"@type":"WebPage","@id":"https:\/\/www.sinopulse.cn\/privacy-policy\/","url":"https:\/\/www.sinopulse.cn\/privacy-policy\/","name":"Datenschutzrichtlinie | Sinopulse Fabrik &amp; Lieferant in China","isPartOf":{"@id":"https:\/\/www.sinopulse.cn\/#website"},"datePublished":"2022-08-17T15:30:57+00:00","dateModified":"2025-09-02T09:13:40+00:00","breadcrumb":{"@id":"https:\/\/www.sinopulse.cn\/privacy-policy\/#breadcrumb"},"inLanguage":"de","potentialAction":[{"@type":"ReadAction","target":["https:\/\/www.sinopulse.cn\/privacy-policy\/"]}]},{"@type":"BreadcrumbList","@id":"https:\/\/www.sinopulse.cn\/privacy-policy\/#breadcrumb","itemListElement":[{"@type":"ListItem","position":1,"name":"Home","item":"https:\/\/www.sinopulse.cn\/"},{"@type":"ListItem","position":2,"name":"Privacy Policy"}]},{"@type":"WebSite","@id":"https:\/\/www.sinopulse.cn\/#website","url":"https:\/\/www.sinopulse.cn\/","name":"Sinopulse","description":"Hersteller von Sinopulse-Hydraulikschl\u00e4uchen","publisher":{"@id":"https:\/\/www.sinopulse.cn\/#organization"},"alternateName":"Best Hydraulic Hoses Manufacturer","potentialAction":[{"@type":"SearchAction","target":{"@type":"EntryPoint","urlTemplate":"https:\/\/www.sinopulse.cn\/?s={search_term_string}"},"query-input":{"@type":"PropertyValueSpecification","valueRequired":true,"valueName":"search_term_string"}}],"inLanguage":"de"},{"@type":"Organization","@id":"https:\/\/www.sinopulse.cn\/#organization","name":"Sinopulse Hose Factory Co, Ltd.","alternateName":"Sinopulse Hose Factory","url":"https:\/\/www.sinopulse.cn\/","logo":{"@type":"ImageObject","inLanguage":"de","@id":"https:\/\/www.sinopulse.cn\/#\/schema\/logo\/image\/","url":"https:\/\/www.sinopulse.cn\/wp-content\/uploads\/2022\/12\/cropped-SINOPULSE-logo-1.png","contentUrl":"https:\/\/www.sinopulse.cn\/wp-content\/uploads\/2022\/12\/cropped-SINOPULSE-logo-1.png","width":466,"height":109,"caption":"Sinopulse Hose Factory Co., Ltd."},"image":{"@id":"https:\/\/www.sinopulse.cn\/#\/schema\/logo\/image\/"},"sameAs":["https:\/\/www.facebook.com\/sinopulsehose\/","https:\/\/www.linkedin.com\/in\/sinopulse-hydaulic-hose-manufacturer\/"]}]}},"_links":{"self":[{"href":"https:\/\/www.sinopulse.cn\/de\/wp-json\/wp\/v2\/pages\/3","targetHints":{"allow":["GET"]}}],"collection":[{"href":"https:\/\/www.sinopulse.cn\/de\/wp-json\/wp\/v2\/pages"}],"about":[{"href":"https:\/\/www.sinopulse.cn\/de\/wp-json\/wp\/v2\/types\/page"}],"author":[{"embeddable":true,"href":"https:\/\/www.sinopulse.cn\/de\/wp-json\/wp\/v2\/users\/2"}],"replies":[{"embeddable":true,"href":"https:\/\/www.sinopulse.cn\/de\/wp-json\/wp\/v2\/comments?post=3"}],"version-history":[{"count":0,"href":"https:\/\/www.sinopulse.cn\/de\/wp-json\/wp\/v2\/pages\/3\/revisions"}],"wp:attachment":[{"href":"https:\/\/www.sinopulse.cn\/de\/wp-json\/wp\/v2\/media?parent=3"}],"wp:term":[{"taxonomy":"category","embeddable":true,"href":"https:\/\/www.sinopulse.cn\/de\/wp-json\/wp\/v2\/categories?post=3"},{"taxonomy":"post_tag","embeddable":true,"href":"https:\/\/www.sinopulse.cn\/de\/wp-json\/wp\/v2\/tags?post=3"}],"curies":[{"name":"wp","href":"https:\/\/api.w.org\/{rel}","templated":true}]}}