{"id":5443,"date":"2024-08-10T20:30:52","date_gmt":"2024-08-10T12:30:52","guid":{"rendered":"https:\/\/www.sinopulse.cn\/?page_id=5443"},"modified":"2025-09-02T15:17:45","modified_gmt":"2025-09-02T07:17:45","slug":"hot-air-blower-hose","status":"publish","type":"page","link":"https:\/\/www.sinopulse.cn\/de\/luft-und-wasserschlauche\/heisluftgeblase-schlauch\/","title":{"rendered":"Hei\u00dfluftgebl\u00e4se-Schlauch"},"content":{"rendered":"","protected":false},"excerpt":{"rendered":"","protected":false},"author":2,"featured_media":13818,"parent":1894,"menu_order":0,"comment_status":"closed","ping_status":"closed","template":"product-category simple.php","meta":{"_acf_changed":false,"site-sidebar-layout":"default","site-content-layout":"","ast-site-content-layout":"default","site-content-style":"default","site-sidebar-style":"default","ast-global-header-display":"","ast-banner-title-visibility":"","ast-main-header-display":"","ast-hfb-above-header-display":"","ast-hfb-below-header-display":"","ast-hfb-mobile-header-display":"","site-post-title":"","ast-breadcrumbs-content":"","ast-featured-img":"","footer-sml-layout":"","ast-disable-related-posts":"","theme-transparent-header-meta":"default","adv-header-id-meta":"","stick-header-meta":"default","header-above-stick-meta":"","header-main-stick-meta":"","header-below-stick-meta":"","astra-migrate-meta-layouts":"set","ast-page-background-enabled":"default","ast-page-background-meta":{"desktop":{"background-color":"var(--ast-global-color-4)","background-image":"","background-repeat":"repeat","background-position":"center center","background-size":"auto","background-attachment":"scroll","background-type":"","background-media":"","overlay-type":"","overlay-color":"","overlay-opacity":"","overlay-gradient":""},"tablet":{"background-color":"","background-image":"","background-repeat":"repeat","background-position":"center center","background-size":"auto","background-attachment":"scroll","background-type":"","background-media":"","overlay-type":"","overlay-color":"","overlay-opacity":"","overlay-gradient":""},"mobile":{"background-color":"","background-image":"","background-repeat":"repeat","background-position":"center center","background-size":"auto","background-attachment":"scroll","background-type":"","background-media":"","overlay-type":"","overlay-color":"","overlay-opacity":"","overlay-gradient":""}},"ast-content-background-meta":{"desktop":{"background-color":"var(--ast-global-color-5)","background-image":"","background-repeat":"repeat","background-position":"center center","background-size":"auto","background-attachment":"scroll","background-type":"","background-media":"","overlay-type":"","overlay-color":"","overlay-opacity":"","overlay-gradient":""},"tablet":{"background-color":"var(--ast-global-color-5)","background-image":"","background-repeat":"repeat","background-position":"center center","background-size":"auto","background-attachment":"scroll","background-type":"","background-media":"","overlay-type":"","overlay-color":"","overlay-opacity":"","overlay-gradient":""},"mobile":{"background-color":"var(--ast-global-color-5)","background-image":"","background-repeat":"repeat","background-position":"center center","background-size":"auto","background-attachment":"scroll","background-type":"","background-media":"","overlay-type":"","overlay-color":"","overlay-opacity":"","overlay-gradient":""}}},"categories":[61,64],"tags":[37],"class_list":["post-5443","page","type-page","status-publish","has-post-thumbnail","hentry","category-industrial-hose","category-industrial-hose-fittings","tag-hose"],"acf":[],"yoast_head":"<!-- This site is optimized with the Yoast SEO Premium plugin v23.1 (Yoast SEO v27.4) - https:\/\/yoast.com\/product\/yoast-seo-premium-wordpress\/ -->\n<title>Hot Air Blower Hose | Sinopulse Factory &amp; Supplier in China<\/title>\n<meta name=\"description\" content=\"Rubber Hot Air Blower Hose is designed for transferring hot air from manifold blowers or in-plant compressors to tanks on dried bulk material trucks. Can also be used for transferring mild chemicals at ambient temperatures.\" \/>\n<meta name=\"robots\" content=\"index, follow, max-snippet:-1, max-image-preview:large, max-video-preview:-1\" \/>\n<link rel=\"canonical\" href=\"https:\/\/www.sinopulse.cn\/de\/luft-und-wasserschlauche\/heisluftgeblase-schlauch\/\" \/>\n<meta property=\"og:locale\" content=\"de_DE\" \/>\n<meta property=\"og:type\" content=\"article\" \/>\n<meta property=\"og:title\" content=\"Hot Air Blower Hose\" \/>\n<meta property=\"og:description\" content=\"Rubber Hot Air Blower Hose is designed for transferring hot air from manifold blowers or in-plant compressors to tanks on dried bulk material trucks. Can also be used for transferring mild chemicals at ambient temperatures.\" \/>\n<meta property=\"og:url\" content=\"https:\/\/www.sinopulse.cn\/de\/luft-und-wasserschlauche\/heisluftgeblase-schlauch\/\" \/>\n<meta property=\"og:site_name\" content=\"Sinopulse\" \/>\n<meta property=\"article:publisher\" content=\"https:\/\/www.facebook.com\/sinopulsehose\/\" \/>\n<meta property=\"article:modified_time\" content=\"2025-09-02T07:17:45+00:00\" \/>\n<meta property=\"og:image\" content=\"https:\/\/www.sinopulse.cn\/wp-content\/uploads\/2025\/04\/Hot-Air-Blower-Hose.jpg\" \/>\n\t<meta property=\"og:image:width\" content=\"1280\" \/>\n\t<meta property=\"og:image:height\" content=\"720\" \/>\n\t<meta property=\"og:image:type\" content=\"image\/jpeg\" \/>\n<meta name=\"twitter:card\" content=\"summary_large_image\" \/>\n<meta name=\"twitter:label1\" content=\"Gesch\u00e4tzte Lesezeit\" \/>\n\t<meta name=\"twitter:data1\" content=\"1\u00a0Minute\" \/>\n<script type=\"application\/ld+json\" class=\"yoast-schema-graph\">{\"@context\":\"https:\\\/\\\/schema.org\",\"@graph\":[{\"@type\":\"WebPage\",\"@id\":\"https:\\\/\\\/www.sinopulse.cn\\\/air-and-water-hoses\\\/hot-air-blower-hose\\\/\",\"url\":\"https:\\\/\\\/www.sinopulse.cn\\\/air-and-water-hoses\\\/hot-air-blower-hose\\\/\",\"name\":\"Hot Air Blower Hose | Sinopulse Factory & Supplier in China\",\"isPartOf\":{\"@id\":\"https:\\\/\\\/www.sinopulse.cn\\\/#website\"},\"primaryImageOfPage\":{\"@id\":\"https:\\\/\\\/www.sinopulse.cn\\\/air-and-water-hoses\\\/hot-air-blower-hose\\\/#primaryimage\"},\"image\":{\"@id\":\"https:\\\/\\\/www.sinopulse.cn\\\/air-and-water-hoses\\\/hot-air-blower-hose\\\/#primaryimage\"},\"thumbnailUrl\":\"https:\\\/\\\/www.sinopulse.cn\\\/wp-content\\\/uploads\\\/2025\\\/04\\\/Hot-Air-Blower-Hose.jpg\",\"datePublished\":\"2024-08-10T12:30:52+00:00\",\"dateModified\":\"2025-09-02T07:17:45+00:00\",\"description\":\"Rubber Hot Air Blower Hose is designed for transferring hot air from manifold blowers or in-plant compressors to tanks on dried bulk material trucks. Can also be used for transferring mild chemicals at ambient temperatures.\",\"breadcrumb\":{\"@id\":\"https:\\\/\\\/www.sinopulse.cn\\\/air-and-water-hoses\\\/hot-air-blower-hose\\\/#breadcrumb\"},\"inLanguage\":\"de\",\"potentialAction\":[{\"@type\":\"ReadAction\",\"target\":[\"https:\\\/\\\/www.sinopulse.cn\\\/air-and-water-hoses\\\/hot-air-blower-hose\\\/\"]}]},{\"@type\":\"ImageObject\",\"inLanguage\":\"de\",\"@id\":\"https:\\\/\\\/www.sinopulse.cn\\\/air-and-water-hoses\\\/hot-air-blower-hose\\\/#primaryimage\",\"url\":\"https:\\\/\\\/www.sinopulse.cn\\\/wp-content\\\/uploads\\\/2025\\\/04\\\/Hot-Air-Blower-Hose.jpg\",\"contentUrl\":\"https:\\\/\\\/www.sinopulse.cn\\\/wp-content\\\/uploads\\\/2025\\\/04\\\/Hot-Air-Blower-Hose.jpg\",\"width\":1280,\"height\":720,\"caption\":\"Hot Air Blower Hose\"},{\"@type\":\"BreadcrumbList\",\"@id\":\"https:\\\/\\\/www.sinopulse.cn\\\/air-and-water-hoses\\\/hot-air-blower-hose\\\/#breadcrumb\",\"itemListElement\":[{\"@type\":\"ListItem\",\"position\":1,\"name\":\"Home\",\"item\":\"https:\\\/\\\/www.sinopulse.cn\\\/\"},{\"@type\":\"ListItem\",\"position\":2,\"name\":\"Air and water hoses\",\"item\":\"https:\\\/\\\/www.sinopulse.cn\\\/air-and-water-hoses\\\/\"},{\"@type\":\"ListItem\",\"position\":3,\"name\":\"Hot Air Blower Hose\"}]},{\"@type\":\"WebSite\",\"@id\":\"https:\\\/\\\/www.sinopulse.cn\\\/#website\",\"url\":\"https:\\\/\\\/www.sinopulse.cn\\\/\",\"name\":\"Sinopulse\",\"description\":\"Sinopulse Hydraulic Hose Manufacturer\",\"publisher\":{\"@id\":\"https:\\\/\\\/www.sinopulse.cn\\\/#organization\"},\"alternateName\":\"Best Hydraulic Hoses Manufacturer\",\"potentialAction\":[{\"@type\":\"SearchAction\",\"target\":{\"@type\":\"EntryPoint\",\"urlTemplate\":\"https:\\\/\\\/www.sinopulse.cn\\\/?s={search_term_string}\"},\"query-input\":{\"@type\":\"PropertyValueSpecification\",\"valueRequired\":true,\"valueName\":\"search_term_string\"}}],\"inLanguage\":\"de\"},{\"@type\":\"Organization\",\"@id\":\"https:\\\/\\\/www.sinopulse.cn\\\/#organization\",\"name\":\"Sinopulse Hose Factory Co., Ltd.\",\"alternateName\":\"Sinopulse Hose Factory\",\"url\":\"https:\\\/\\\/www.sinopulse.cn\\\/\",\"logo\":{\"@type\":\"ImageObject\",\"inLanguage\":\"de\",\"@id\":\"https:\\\/\\\/www.sinopulse.cn\\\/#\\\/schema\\\/logo\\\/image\\\/\",\"url\":\"https:\\\/\\\/www.sinopulse.cn\\\/wp-content\\\/uploads\\\/2022\\\/12\\\/cropped-SINOPULSE-logo-1.png\",\"contentUrl\":\"https:\\\/\\\/www.sinopulse.cn\\\/wp-content\\\/uploads\\\/2022\\\/12\\\/cropped-SINOPULSE-logo-1.png\",\"width\":466,\"height\":109,\"caption\":\"Sinopulse Hose Factory Co., Ltd.\"},\"image\":{\"@id\":\"https:\\\/\\\/www.sinopulse.cn\\\/#\\\/schema\\\/logo\\\/image\\\/\"},\"sameAs\":[\"https:\\\/\\\/www.facebook.com\\\/sinopulsehose\\\/\",\"https:\\\/\\\/www.linkedin.com\\\/in\\\/sinopulse-hydaulic-hose-manufacturer\\\/\"]}]}<\/script>\n<!-- \/ Yoast SEO Premium plugin. -->","yoast_head_json":{"title":"Hei\u00dfluftgebl\u00e4seschlauch | Sinopulse Fabrik &amp; Lieferant in China","description":"Der Gummischlauch f\u00fcr Hei\u00dfluftgebl\u00e4se ist f\u00fcr die \u00dcbertragung hei\u00dfer Luft von Verteilergebl\u00e4sen oder werksinternen Kompressoren zu Tanks auf Lastwagen mit trockenem Sch\u00fcttgut konzipiert. Kann auch f\u00fcr die \u00dcbertragung milder Chemikalien bei Umgebungstemperaturen verwendet werden.","robots":{"index":"index","follow":"follow","max-snippet":"max-snippet:-1","max-image-preview":"max-image-preview:large","max-video-preview":"max-video-preview:-1"},"canonical":"https:\/\/www.sinopulse.cn\/de\/luft-und-wasserschlauche\/heisluftgeblase-schlauch\/","og_locale":"de_DE","og_type":"article","og_title":"Hot Air Blower Hose","og_description":"Rubber Hot Air Blower Hose is designed for transferring hot air from manifold blowers or in-plant compressors to tanks on dried bulk material trucks. Can also be used for transferring mild chemicals at ambient temperatures.","og_url":"https:\/\/www.sinopulse.cn\/de\/luft-und-wasserschlauche\/heisluftgeblase-schlauch\/","og_site_name":"Sinopulse","article_publisher":"https:\/\/www.facebook.com\/sinopulsehose\/","article_modified_time":"2025-09-02T07:17:45+00:00","og_image":[{"width":1280,"height":720,"url":"https:\/\/www.sinopulse.cn\/wp-content\/uploads\/2025\/04\/Hot-Air-Blower-Hose.jpg","type":"image\/jpeg"}],"twitter_card":"summary_large_image","twitter_misc":{"Gesch\u00e4tzte Lesezeit":"1\u00a0Minute"},"schema":{"@context":"https:\/\/schema.org","@graph":[{"@type":"WebPage","@id":"https:\/\/www.sinopulse.cn\/air-and-water-hoses\/hot-air-blower-hose\/","url":"https:\/\/www.sinopulse.cn\/air-and-water-hoses\/hot-air-blower-hose\/","name":"Hei\u00dfluftgebl\u00e4seschlauch | Sinopulse Fabrik &amp; Lieferant in China","isPartOf":{"@id":"https:\/\/www.sinopulse.cn\/#website"},"primaryImageOfPage":{"@id":"https:\/\/www.sinopulse.cn\/air-and-water-hoses\/hot-air-blower-hose\/#primaryimage"},"image":{"@id":"https:\/\/www.sinopulse.cn\/air-and-water-hoses\/hot-air-blower-hose\/#primaryimage"},"thumbnailUrl":"https:\/\/www.sinopulse.cn\/wp-content\/uploads\/2025\/04\/Hot-Air-Blower-Hose.jpg","datePublished":"2024-08-10T12:30:52+00:00","dateModified":"2025-09-02T07:17:45+00:00","description":"Der Gummischlauch f\u00fcr Hei\u00dfluftgebl\u00e4se ist f\u00fcr die \u00dcbertragung hei\u00dfer Luft von Verteilergebl\u00e4sen oder werksinternen Kompressoren zu Tanks auf Lastwagen mit trockenem Sch\u00fcttgut konzipiert. Kann auch f\u00fcr die \u00dcbertragung milder Chemikalien bei Umgebungstemperaturen verwendet werden.","breadcrumb":{"@id":"https:\/\/www.sinopulse.cn\/air-and-water-hoses\/hot-air-blower-hose\/#breadcrumb"},"inLanguage":"de","potentialAction":[{"@type":"ReadAction","target":["https:\/\/www.sinopulse.cn\/air-and-water-hoses\/hot-air-blower-hose\/"]}]},{"@type":"ImageObject","inLanguage":"de","@id":"https:\/\/www.sinopulse.cn\/air-and-water-hoses\/hot-air-blower-hose\/#primaryimage","url":"https:\/\/www.sinopulse.cn\/wp-content\/uploads\/2025\/04\/Hot-Air-Blower-Hose.jpg","contentUrl":"https:\/\/www.sinopulse.cn\/wp-content\/uploads\/2025\/04\/Hot-Air-Blower-Hose.jpg","width":1280,"height":720,"caption":"Hot Air Blower Hose"},{"@type":"BreadcrumbList","@id":"https:\/\/www.sinopulse.cn\/air-and-water-hoses\/hot-air-blower-hose\/#breadcrumb","itemListElement":[{"@type":"ListItem","position":1,"name":"Home","item":"https:\/\/www.sinopulse.cn\/"},{"@type":"ListItem","position":2,"name":"Air and water hoses","item":"https:\/\/www.sinopulse.cn\/air-and-water-hoses\/"},{"@type":"ListItem","position":3,"name":"Hot Air Blower Hose"}]},{"@type":"WebSite","@id":"https:\/\/www.sinopulse.cn\/#website","url":"https:\/\/www.sinopulse.cn\/","name":"Sinopulse","description":"Hersteller von Sinopulse-Hydraulikschl\u00e4uchen","publisher":{"@id":"https:\/\/www.sinopulse.cn\/#organization"},"alternateName":"Best Hydraulic Hoses Manufacturer","potentialAction":[{"@type":"SearchAction","target":{"@type":"EntryPoint","urlTemplate":"https:\/\/www.sinopulse.cn\/?s={search_term_string}"},"query-input":{"@type":"PropertyValueSpecification","valueRequired":true,"valueName":"search_term_string"}}],"inLanguage":"de"},{"@type":"Organization","@id":"https:\/\/www.sinopulse.cn\/#organization","name":"Sinopulse Hose Factory Co, Ltd.","alternateName":"Sinopulse Hose Factory","url":"https:\/\/www.sinopulse.cn\/","logo":{"@type":"ImageObject","inLanguage":"de","@id":"https:\/\/www.sinopulse.cn\/#\/schema\/logo\/image\/","url":"https:\/\/www.sinopulse.cn\/wp-content\/uploads\/2022\/12\/cropped-SINOPULSE-logo-1.png","contentUrl":"https:\/\/www.sinopulse.cn\/wp-content\/uploads\/2022\/12\/cropped-SINOPULSE-logo-1.png","width":466,"height":109,"caption":"Sinopulse Hose Factory Co., Ltd."},"image":{"@id":"https:\/\/www.sinopulse.cn\/#\/schema\/logo\/image\/"},"sameAs":["https:\/\/www.facebook.com\/sinopulsehose\/","https:\/\/www.linkedin.com\/in\/sinopulse-hydaulic-hose-manufacturer\/"]}]}},"_links":{"self":[{"href":"https:\/\/www.sinopulse.cn\/de\/wp-json\/wp\/v2\/pages\/5443","targetHints":{"allow":["GET"]}}],"collection":[{"href":"https:\/\/www.sinopulse.cn\/de\/wp-json\/wp\/v2\/pages"}],"about":[{"href":"https:\/\/www.sinopulse.cn\/de\/wp-json\/wp\/v2\/types\/page"}],"author":[{"embeddable":true,"href":"https:\/\/www.sinopulse.cn\/de\/wp-json\/wp\/v2\/users\/2"}],"replies":[{"embeddable":true,"href":"https:\/\/www.sinopulse.cn\/de\/wp-json\/wp\/v2\/comments?post=5443"}],"version-history":[{"count":0,"href":"https:\/\/www.sinopulse.cn\/de\/wp-json\/wp\/v2\/pages\/5443\/revisions"}],"up":[{"embeddable":true,"href":"https:\/\/www.sinopulse.cn\/de\/wp-json\/wp\/v2\/pages\/1894"}],"wp:featuredmedia":[{"embeddable":true,"href":"https:\/\/www.sinopulse.cn\/de\/wp-json\/wp\/v2\/media\/13818"}],"wp:attachment":[{"href":"https:\/\/www.sinopulse.cn\/de\/wp-json\/wp\/v2\/media?parent=5443"}],"wp:term":[{"taxonomy":"category","embeddable":true,"href":"https:\/\/www.sinopulse.cn\/de\/wp-json\/wp\/v2\/categories?post=5443"},{"taxonomy":"post_tag","embeddable":true,"href":"https:\/\/www.sinopulse.cn\/de\/wp-json\/wp\/v2\/tags?post=5443"}],"curies":[{"name":"wp","href":"https:\/\/api.w.org\/{rel}","templated":true}]}}