{"id":4189,"date":"2023-05-11T11:45:05","date_gmt":"2023-05-11T03:45:05","guid":{"rendered":"https:\/\/www.sinopulse.cn\/?page_id=4189"},"modified":"2025-09-23T10:21:51","modified_gmt":"2025-09-23T02:21:51","slug":"sae-100r14-hydraulic-hose","status":"publish","type":"page","link":"https:\/\/www.sinopulse.cn\/es\/sae-100r14\/","title":{"rendered":"Manguera hidr\u00e1ulica SAE 100R14"},"content":{"rendered":"","protected":false},"excerpt":{"rendered":"","protected":false},"author":2,"featured_media":13776,"parent":0,"menu_order":0,"comment_status":"closed","ping_status":"closed","template":"product-category simple.php","meta":{"_acf_changed":false,"site-sidebar-layout":"default","site-content-layout":"default","ast-site-content-layout":"default","site-content-style":"default","site-sidebar-style":"default","ast-global-header-display":"","ast-banner-title-visibility":"","ast-main-header-display":"","ast-hfb-above-header-display":"","ast-hfb-below-header-display":"","ast-hfb-mobile-header-display":"","site-post-title":"","ast-breadcrumbs-content":"","ast-featured-img":"","footer-sml-layout":"","ast-disable-related-posts":"","theme-transparent-header-meta":"default","adv-header-id-meta":"","stick-header-meta":"default","header-above-stick-meta":"","header-main-stick-meta":"","header-below-stick-meta":"","astra-migrate-meta-layouts":"set","ast-page-background-enabled":"default","ast-page-background-meta":{"desktop":{"background-color":"var(--ast-global-color-4)","background-image":"","background-repeat":"repeat","background-position":"center center","background-size":"auto","background-attachment":"scroll","background-type":"","background-media":"","overlay-type":"","overlay-color":"","overlay-opacity":"","overlay-gradient":""},"tablet":{"background-color":"","background-image":"","background-repeat":"repeat","background-position":"center center","background-size":"auto","background-attachment":"scroll","background-type":"","background-media":"","overlay-type":"","overlay-color":"","overlay-opacity":"","overlay-gradient":""},"mobile":{"background-color":"","background-image":"","background-repeat":"repeat","background-position":"center center","background-size":"auto","background-attachment":"scroll","background-type":"","background-media":"","overlay-type":"","overlay-color":"","overlay-opacity":"","overlay-gradient":""}},"ast-content-background-meta":{"desktop":{"background-color":"var(--ast-global-color-5)","background-image":"","background-repeat":"repeat","background-position":"center center","background-size":"auto","background-attachment":"scroll","background-type":"","background-media":"","overlay-type":"","overlay-color":"","overlay-opacity":"","overlay-gradient":""},"tablet":{"background-color":"var(--ast-global-color-5)","background-image":"","background-repeat":"repeat","background-position":"center center","background-size":"auto","background-attachment":"scroll","background-type":"","background-media":"","overlay-type":"","overlay-color":"","overlay-opacity":"","overlay-gradient":""},"mobile":{"background-color":"var(--ast-global-color-5)","background-image":"","background-repeat":"repeat","background-position":"center center","background-size":"auto","background-attachment":"scroll","background-type":"","background-media":"","overlay-type":"","overlay-color":"","overlay-opacity":"","overlay-gradient":""}}},"categories":[60,63,69],"tags":[42,48,49,55,56,57,40,73,76,75,80,37,104,43,41,45,46,52,53,44,54,47,74,77,58,51,355,356,357,78],"class_list":["post-4189","page","type-page","status-publish","has-post-thumbnail","hentry","category-hydraulic-hose","category-hydraulic-hose-fittings","category-hydraulic-systems","tag-bulk-hydraulic-hose","tag-china-din-standard-hydraulic-hose","tag-china-flexible-hydraulic-hose","tag-china-hydraulic-hose","tag-china-hydraulic-hose-suppliers","tag-china-hydraulic-rubber-hose","tag-custom-hydraulic-hoses","tag-flexible-hydraulic-hose","tag-high-pressure-hose","tag-high-temperature-hoses","tag-high-pulse-hydraulic-hoses","tag-hose","tag-hydraulic-hose-and-fittings-manufacturers","tag-hydraulic-hose-bulk","tag-hydraulic-hose-custom","tag-hydraulic-hose-distributors","tag-hydraulic-hose-factory","tag-hydraulic-hose-pipe-manufacturer","tag-hydraulic-hose-pipe-supplier","tag-hydraulic-hose-supplier","tag-hydraulic-hose-wholesale","tag-hydraulic-hoses-manufacturer","tag-low-temperature-hose","tag-low-pressure-hose","tag-oem-hydraulic-hose","tag-pressure-hydraulic-hose","tag-sae-100r14","tag-sae-100r14-type-a","tag-sae-100r14a-ptfe-hose","tag-smooth-cover-hydraulic-hose"],"acf":[],"yoast_head":"<!-- This site is optimized with the Yoast SEO Premium plugin v23.1 (Yoast SEO v27.3) - https:\/\/yoast.com\/product\/yoast-seo-premium-wordpress\/ -->\n<title>SAE 100R14 Hydraulic Hose | Sinopulse Factory &amp; Supplier in China<\/title>\n<meta name=\"description\" content=\"SAE 100R14R14 is a PTFE-lined, stainless steel wire-reinforced hydraulic hose.SAE 100R14 Type A PTFE hydraulic hose consists of a polytetrafluoroethylene (PTFE) inner hose with a 303 x x series stainless steel wire-reinforced cover. PTFE tubing is ideal for transporting ultra-high and low temperature hydraulic fluids in the -65\u00b0F to +400\u00b0F range. is ideal for high pressure applications with its 6 spiral layers of steel wire reinforcement, offering superior strength and flexibility\" \/>\n<meta name=\"robots\" content=\"index, follow, max-snippet:-1, max-image-preview:large, max-video-preview:-1\" \/>\n<link rel=\"canonical\" href=\"https:\/\/www.sinopulse.cn\/es\/sae-100r14\/\" \/>\n<meta property=\"og:locale\" content=\"es_ES\" \/>\n<meta property=\"og:type\" content=\"article\" \/>\n<meta property=\"og:title\" content=\"SAE 100R14 Hydraulic Hose\" \/>\n<meta property=\"og:description\" content=\"SAE 100R14R14 is a PTFE-lined, stainless steel wire-reinforced hydraulic hose.SAE 100R14 Type A PTFE hydraulic hose consists of a polytetrafluoroethylene (PTFE) inner hose with a 303 x x series stainless steel wire-reinforced cover. PTFE tubing is ideal for transporting ultra-high and low temperature hydraulic fluids in the -65\u00b0F to +400\u00b0F range. is ideal for high pressure applications with its 6 spiral layers of steel wire reinforcement, offering superior strength and flexibility\" \/>\n<meta property=\"og:url\" content=\"https:\/\/www.sinopulse.cn\/es\/sae-100r14\/\" \/>\n<meta property=\"og:site_name\" content=\"Sinopulse\" \/>\n<meta property=\"article:publisher\" content=\"https:\/\/www.facebook.com\/sinopulsehose\/\" \/>\n<meta property=\"article:modified_time\" content=\"2025-09-23T02:21:51+00:00\" \/>\n<meta property=\"og:image\" content=\"https:\/\/www.sinopulse.cn\/wp-content\/uploads\/2025\/04\/SAE-100R14-hydraulic-hose.jpg\" \/>\n\t<meta property=\"og:image:width\" content=\"1280\" \/>\n\t<meta property=\"og:image:height\" content=\"720\" \/>\n\t<meta property=\"og:image:type\" content=\"image\/jpeg\" \/>\n<meta name=\"twitter:card\" content=\"summary_large_image\" \/>\n<meta name=\"twitter:label1\" content=\"Tiempo de lectura\" \/>\n\t<meta name=\"twitter:data1\" content=\"1 minuto\" \/>\n<script type=\"application\/ld+json\" class=\"yoast-schema-graph\">{\"@context\":\"https:\\\/\\\/schema.org\",\"@graph\":[{\"@type\":\"WebPage\",\"@id\":\"https:\\\/\\\/www.sinopulse.cn\\\/sae-100r14-hydraulic-hose\\\/\",\"url\":\"https:\\\/\\\/www.sinopulse.cn\\\/sae-100r14-hydraulic-hose\\\/\",\"name\":\"SAE 100R14 Hydraulic Hose | Sinopulse Factory & Supplier in China\",\"isPartOf\":{\"@id\":\"https:\\\/\\\/www.sinopulse.cn\\\/#website\"},\"primaryImageOfPage\":{\"@id\":\"https:\\\/\\\/www.sinopulse.cn\\\/sae-100r14-hydraulic-hose\\\/#primaryimage\"},\"image\":{\"@id\":\"https:\\\/\\\/www.sinopulse.cn\\\/sae-100r14-hydraulic-hose\\\/#primaryimage\"},\"thumbnailUrl\":\"https:\\\/\\\/www.sinopulse.cn\\\/wp-content\\\/uploads\\\/2025\\\/04\\\/SAE-100R14-hydraulic-hose.jpg\",\"datePublished\":\"2023-05-11T03:45:05+00:00\",\"dateModified\":\"2025-09-23T02:21:51+00:00\",\"description\":\"SAE 100R14R14 is a PTFE-lined, stainless steel wire-reinforced hydraulic hose.SAE 100R14 Type A PTFE hydraulic hose consists of a polytetrafluoroethylene (PTFE) inner hose with a 303 x x series stainless steel wire-reinforced cover. PTFE tubing is ideal for transporting ultra-high and low temperature hydraulic fluids in the -65\u00b0F to +400\u00b0F range. is ideal for high pressure applications with its 6 spiral layers of steel wire reinforcement, offering superior strength and flexibility\",\"breadcrumb\":{\"@id\":\"https:\\\/\\\/www.sinopulse.cn\\\/sae-100r14-hydraulic-hose\\\/#breadcrumb\"},\"inLanguage\":\"es\",\"potentialAction\":[{\"@type\":\"ReadAction\",\"target\":[\"https:\\\/\\\/www.sinopulse.cn\\\/sae-100r14-hydraulic-hose\\\/\"]}]},{\"@type\":\"ImageObject\",\"inLanguage\":\"es\",\"@id\":\"https:\\\/\\\/www.sinopulse.cn\\\/sae-100r14-hydraulic-hose\\\/#primaryimage\",\"url\":\"https:\\\/\\\/www.sinopulse.cn\\\/wp-content\\\/uploads\\\/2025\\\/04\\\/SAE-100R14-hydraulic-hose.jpg\",\"contentUrl\":\"https:\\\/\\\/www.sinopulse.cn\\\/wp-content\\\/uploads\\\/2025\\\/04\\\/SAE-100R14-hydraulic-hose.jpg\",\"width\":1280,\"height\":720,\"caption\":\"SAE 100R14 hydraulic hose\"},{\"@type\":\"BreadcrumbList\",\"@id\":\"https:\\\/\\\/www.sinopulse.cn\\\/sae-100r14-hydraulic-hose\\\/#breadcrumb\",\"itemListElement\":[{\"@type\":\"ListItem\",\"position\":1,\"name\":\"Home\",\"item\":\"https:\\\/\\\/www.sinopulse.cn\\\/\"},{\"@type\":\"ListItem\",\"position\":2,\"name\":\"Hydraulic hose\",\"item\":\"https:\\\/\\\/www.sinopulse.cn\\\/category\\\/hydraulic-hose\\\/\"},{\"@type\":\"ListItem\",\"position\":3,\"name\":\"SAE 100R14 Hydraulic Hose\"}]},{\"@type\":\"WebSite\",\"@id\":\"https:\\\/\\\/www.sinopulse.cn\\\/#website\",\"url\":\"https:\\\/\\\/www.sinopulse.cn\\\/\",\"name\":\"Sinopulse\",\"description\":\"Sinopulse Hydraulic Hose Manufacturer\",\"publisher\":{\"@id\":\"https:\\\/\\\/www.sinopulse.cn\\\/#organization\"},\"alternateName\":\"Best Hydraulic Hoses Manufacturer\",\"potentialAction\":[{\"@type\":\"SearchAction\",\"target\":{\"@type\":\"EntryPoint\",\"urlTemplate\":\"https:\\\/\\\/www.sinopulse.cn\\\/?s={search_term_string}\"},\"query-input\":{\"@type\":\"PropertyValueSpecification\",\"valueRequired\":true,\"valueName\":\"search_term_string\"}}],\"inLanguage\":\"es\"},{\"@type\":\"Organization\",\"@id\":\"https:\\\/\\\/www.sinopulse.cn\\\/#organization\",\"name\":\"Sinopulse Hose Factory Co., Ltd.\",\"alternateName\":\"Sinopulse Hose Factory\",\"url\":\"https:\\\/\\\/www.sinopulse.cn\\\/\",\"logo\":{\"@type\":\"ImageObject\",\"inLanguage\":\"es\",\"@id\":\"https:\\\/\\\/www.sinopulse.cn\\\/#\\\/schema\\\/logo\\\/image\\\/\",\"url\":\"https:\\\/\\\/www.sinopulse.cn\\\/wp-content\\\/uploads\\\/2022\\\/12\\\/cropped-SINOPULSE-logo-1.png\",\"contentUrl\":\"https:\\\/\\\/www.sinopulse.cn\\\/wp-content\\\/uploads\\\/2022\\\/12\\\/cropped-SINOPULSE-logo-1.png\",\"width\":466,\"height\":109,\"caption\":\"Sinopulse Hose Factory Co., Ltd.\"},\"image\":{\"@id\":\"https:\\\/\\\/www.sinopulse.cn\\\/#\\\/schema\\\/logo\\\/image\\\/\"},\"sameAs\":[\"https:\\\/\\\/www.facebook.com\\\/sinopulsehose\\\/\",\"https:\\\/\\\/www.linkedin.com\\\/in\\\/sinopulse-hydaulic-hose-manufacturer\\\/\"]}]}<\/script>\n<!-- \/ Yoast SEO Premium plugin. -->","yoast_head_json":{"title":"Manguera hidr\u00e1ulica SAE 100R14 | F\u00e1brica y proveedor Sinopulse en China","description":"SAE 100R14R14 es una manguera hidr\u00e1ulica reforzada con alambre de acero inoxidable y revestida con PTFE. La manguera hidr\u00e1ulica SAE 100R14 Tipo A de PTFE consta de una manguera interior de politetrafluoroetileno (PTFE) con una cubierta reforzada con alambre de acero inoxidable de la serie 303 xx. Los tubos de PTFE son ideales para transportar fluidos hidr\u00e1ulicos de temperaturas ultra altas y bajas en el rango de -65 \u00b0F a +400 \u00b0F. Es ideal para aplicaciones de alta presi\u00f3n con sus 6 capas en espiral de refuerzo de alambre de acero, que ofrecen una resistencia y flexibilidad superiores.","robots":{"index":"index","follow":"follow","max-snippet":"max-snippet:-1","max-image-preview":"max-image-preview:large","max-video-preview":"max-video-preview:-1"},"canonical":"https:\/\/www.sinopulse.cn\/es\/sae-100r14\/","og_locale":"es_ES","og_type":"article","og_title":"SAE 100R14 Hydraulic Hose","og_description":"SAE 100R14R14 is a PTFE-lined, stainless steel wire-reinforced hydraulic hose.SAE 100R14 Type A PTFE hydraulic hose consists of a polytetrafluoroethylene (PTFE) inner hose with a 303 x x series stainless steel wire-reinforced cover. PTFE tubing is ideal for transporting ultra-high and low temperature hydraulic fluids in the -65\u00b0F to +400\u00b0F range. is ideal for high pressure applications with its 6 spiral layers of steel wire reinforcement, offering superior strength and flexibility","og_url":"https:\/\/www.sinopulse.cn\/es\/sae-100r14\/","og_site_name":"Sinopulse","article_publisher":"https:\/\/www.facebook.com\/sinopulsehose\/","article_modified_time":"2025-09-23T02:21:51+00:00","og_image":[{"width":1280,"height":720,"url":"https:\/\/www.sinopulse.cn\/wp-content\/uploads\/2025\/04\/SAE-100R14-hydraulic-hose.jpg","type":"image\/jpeg"}],"twitter_card":"summary_large_image","twitter_misc":{"Tiempo de lectura":"1 minuto"},"schema":{"@context":"https:\/\/schema.org","@graph":[{"@type":"WebPage","@id":"https:\/\/www.sinopulse.cn\/sae-100r14-hydraulic-hose\/","url":"https:\/\/www.sinopulse.cn\/sae-100r14-hydraulic-hose\/","name":"Manguera hidr\u00e1ulica SAE 100R14 | F\u00e1brica y proveedor Sinopulse en China","isPartOf":{"@id":"https:\/\/www.sinopulse.cn\/#website"},"primaryImageOfPage":{"@id":"https:\/\/www.sinopulse.cn\/sae-100r14-hydraulic-hose\/#primaryimage"},"image":{"@id":"https:\/\/www.sinopulse.cn\/sae-100r14-hydraulic-hose\/#primaryimage"},"thumbnailUrl":"https:\/\/www.sinopulse.cn\/wp-content\/uploads\/2025\/04\/SAE-100R14-hydraulic-hose.jpg","datePublished":"2023-05-11T03:45:05+00:00","dateModified":"2025-09-23T02:21:51+00:00","description":"SAE 100R14R14 es una manguera hidr\u00e1ulica reforzada con alambre de acero inoxidable y revestida con PTFE. La manguera hidr\u00e1ulica SAE 100R14 Tipo A de PTFE consta de una manguera interior de politetrafluoroetileno (PTFE) con una cubierta reforzada con alambre de acero inoxidable de la serie 303 xx. Los tubos de PTFE son ideales para transportar fluidos hidr\u00e1ulicos de temperaturas ultra altas y bajas en el rango de -65 \u00b0F a +400 \u00b0F. Es ideal para aplicaciones de alta presi\u00f3n con sus 6 capas en espiral de refuerzo de alambre de acero, que ofrecen una resistencia y flexibilidad superiores.","breadcrumb":{"@id":"https:\/\/www.sinopulse.cn\/sae-100r14-hydraulic-hose\/#breadcrumb"},"inLanguage":"es","potentialAction":[{"@type":"ReadAction","target":["https:\/\/www.sinopulse.cn\/sae-100r14-hydraulic-hose\/"]}]},{"@type":"ImageObject","inLanguage":"es","@id":"https:\/\/www.sinopulse.cn\/sae-100r14-hydraulic-hose\/#primaryimage","url":"https:\/\/www.sinopulse.cn\/wp-content\/uploads\/2025\/04\/SAE-100R14-hydraulic-hose.jpg","contentUrl":"https:\/\/www.sinopulse.cn\/wp-content\/uploads\/2025\/04\/SAE-100R14-hydraulic-hose.jpg","width":1280,"height":720,"caption":"SAE 100R14 hydraulic hose"},{"@type":"BreadcrumbList","@id":"https:\/\/www.sinopulse.cn\/sae-100r14-hydraulic-hose\/#breadcrumb","itemListElement":[{"@type":"ListItem","position":1,"name":"Home","item":"https:\/\/www.sinopulse.cn\/"},{"@type":"ListItem","position":2,"name":"Hydraulic hose","item":"https:\/\/www.sinopulse.cn\/category\/hydraulic-hose\/"},{"@type":"ListItem","position":3,"name":"SAE 100R14 Hydraulic Hose"}]},{"@type":"WebSite","@id":"https:\/\/www.sinopulse.cn\/#website","url":"https:\/\/www.sinopulse.cn\/","name":"Sinopulse","description":"Fabricante de mangueras hidr\u00e1ulicas Sinopulse","publisher":{"@id":"https:\/\/www.sinopulse.cn\/#organization"},"alternateName":"Best Hydraulic Hoses Manufacturer","potentialAction":[{"@type":"SearchAction","target":{"@type":"EntryPoint","urlTemplate":"https:\/\/www.sinopulse.cn\/?s={search_term_string}"},"query-input":{"@type":"PropertyValueSpecification","valueRequired":true,"valueName":"search_term_string"}}],"inLanguage":"es"},{"@type":"Organization","@id":"https:\/\/www.sinopulse.cn\/#organization","name":"Sinopulse Hose Factory Co., Ltd.","alternateName":"Sinopulse Hose Factory","url":"https:\/\/www.sinopulse.cn\/","logo":{"@type":"ImageObject","inLanguage":"es","@id":"https:\/\/www.sinopulse.cn\/#\/schema\/logo\/image\/","url":"https:\/\/www.sinopulse.cn\/wp-content\/uploads\/2022\/12\/cropped-SINOPULSE-logo-1.png","contentUrl":"https:\/\/www.sinopulse.cn\/wp-content\/uploads\/2022\/12\/cropped-SINOPULSE-logo-1.png","width":466,"height":109,"caption":"Sinopulse Hose Factory Co., Ltd."},"image":{"@id":"https:\/\/www.sinopulse.cn\/#\/schema\/logo\/image\/"},"sameAs":["https:\/\/www.facebook.com\/sinopulsehose\/","https:\/\/www.linkedin.com\/in\/sinopulse-hydaulic-hose-manufacturer\/"]}]}},"_links":{"self":[{"href":"https:\/\/www.sinopulse.cn\/es\/wp-json\/wp\/v2\/pages\/4189","targetHints":{"allow":["GET"]}}],"collection":[{"href":"https:\/\/www.sinopulse.cn\/es\/wp-json\/wp\/v2\/pages"}],"about":[{"href":"https:\/\/www.sinopulse.cn\/es\/wp-json\/wp\/v2\/types\/page"}],"author":[{"embeddable":true,"href":"https:\/\/www.sinopulse.cn\/es\/wp-json\/wp\/v2\/users\/2"}],"replies":[{"embeddable":true,"href":"https:\/\/www.sinopulse.cn\/es\/wp-json\/wp\/v2\/comments?post=4189"}],"version-history":[{"count":0,"href":"https:\/\/www.sinopulse.cn\/es\/wp-json\/wp\/v2\/pages\/4189\/revisions"}],"wp:featuredmedia":[{"embeddable":true,"href":"https:\/\/www.sinopulse.cn\/es\/wp-json\/wp\/v2\/media\/13776"}],"wp:attachment":[{"href":"https:\/\/www.sinopulse.cn\/es\/wp-json\/wp\/v2\/media?parent=4189"}],"wp:term":[{"taxonomy":"category","embeddable":true,"href":"https:\/\/www.sinopulse.cn\/es\/wp-json\/wp\/v2\/categories?post=4189"},{"taxonomy":"post_tag","embeddable":true,"href":"https:\/\/www.sinopulse.cn\/es\/wp-json\/wp\/v2\/tags?post=4189"}],"curies":[{"name":"wp","href":"https:\/\/api.w.org\/{rel}","templated":true}]}}