{"id":3,"date":"2022-08-17T15:30:57","date_gmt":"2022-08-17T15:30:57","guid":{"rendered":"https:\/\/www.sinopulse.cn\/?page_id=3"},"modified":"2025-09-02T17:13:40","modified_gmt":"2025-09-02T09:13:40","slug":"privacy-policy","status":"publish","type":"page","link":"https:\/\/www.sinopulse.cn\/pt\/politica-de-privacidade\/","title":{"rendered":"pol\u00edtica de Privacidade"},"content":{"rendered":"<p><b>Pulso Sino <\/b>respeita a sua privacidade e a finalidade para a qual os visitantes do nosso site nos fornecem informa\u00e7\u00f5es. N\u00e3o compartilhamos, vendemos ou alugamos nenhuma informa\u00e7\u00e3o coletada a terceiros e n\u00e3o pretendemos faz\u00ea-lo no futuro.<\/p>\r\n<h3 class=\"wp-block-heading\">Informa\u00e7\u00f5es coletadas<\/h3>\r\n<p>Se voc\u00ea nos solicitar ou enviar informa\u00e7\u00f5es enviando um e-mail atrav\u00e9s da fun\u00e7\u00e3o \u201cenviar para:\u201d ou preenchendo um formul\u00e1rio de \u201ccontato\u201d, poderemos salvar seu endere\u00e7o de e-mail, bem como qualquer outra informa\u00e7\u00e3o que voc\u00ea possa fornecer. Essas informa\u00e7\u00f5es poder\u00e3o ser usadas para contat\u00e1-lo no futuro por correio, e-mail ou telefone, para transmitir informa\u00e7\u00f5es sobre nossas solu\u00e7\u00f5es ou servi\u00e7os que acreditamos que possam benefici\u00e1-lo. Seu e-mail e outras informa\u00e7\u00f5es que voc\u00ea fornecer n\u00e3o ser\u00e3o vendidas a terceiros.<\/p>\r\n<h3>Informa\u00e7\u00f5es coletadas por terceiros<\/h3>\r\n<p>Este aviso aborda apenas a pol\u00edtica do site da Empresa e n\u00e3o de sites que os usu\u00e1rios acessam por meio de links do nosso site. A Empresa n\u00e3o \u00e9 respons\u00e1vel pelas pol\u00edticas de coleta de informa\u00e7\u00f5es de outros sites, nem pelas pr\u00e1ticas empregadas pelos sites vinculados ao ou do nosso site, nem pelas informa\u00e7\u00f5es ou conte\u00fado neles contidos. Muitas vezes, os links para outros sites s\u00e3o fornecidos apenas como indicadores de informa\u00e7\u00f5es sobre t\u00f3picos que podem ser \u00fateis aos nossos visitantes. Os usu\u00e1rios s\u00e3o aconselhados a revisar a pol\u00edtica de privacidade de outros sites.<\/p>\r\n<h3>Biscoitos<\/h3>\r\n<p>O site da empresa n\u00e3o utiliza cookies. Atualiza\u00e7\u00e3o, corre\u00e7\u00e3o e exclus\u00e3o de informa\u00e7\u00f5es pessoais Se desejar que suas informa\u00e7\u00f5es pessoais sejam removidas de nossos registros, envie um e-mail com \u201cRemover informa\u00e7\u00f5es pessoais\u201d na linha de assunto.<\/p>\r\n<h3>Divulga\u00e7\u00e3o de informa\u00e7\u00f5es legalmente obrigat\u00f3ria<\/h3>\r\n<p>A Empresa poder\u00e1 divulgar informa\u00e7\u00f5es quando legalmente obrigada a faz\u00ea-lo; por outras palavras, quando acreditamos, de boa f\u00e9, que a lei assim o exige ou para a protec\u00e7\u00e3o dos nossos direitos legais.<\/p>\r\n<h3>Mudan\u00e7as peri\u00f3dicas na pol\u00edtica<\/h3>\r\n<p>Observe que a Empresa revisa suas pr\u00e1ticas de privacidade de tempos em tempos (ou seja, para rastrear mudan\u00e7as tecnol\u00f3gicas e\/ou legais) e que essas pr\u00e1ticas est\u00e3o sujeitas a altera\u00e7\u00f5es. Para garantir familiaridade cont\u00ednua com a vers\u00e3o mais atual de nossa pol\u00edtica de privacidade, marque e revise periodicamente esta p\u00e1gina.<\/p>\r\n<p>Esta declara\u00e7\u00e3o de pol\u00edtica \u00e9 feita em nome da Empresa e entra em vigor a partir de 8 de fevereiro de 2023. Esta declara\u00e7\u00e3o n\u00e3o cria um acordo entre a Empresa e os usu\u00e1rios e, como tal, n\u00e3o cria quaisquer direitos legais para nenhuma das partes.<\/p>\r\n<p>&nbsp;<\/p>","protected":false},"excerpt":{"rendered":"<p>A Sinopulse respeita a sua privacidade e a finalidade para a qual os visitantes do nosso site nos fornecem informa\u00e7\u00f5es. N\u00e3o compartilhamos, vendemos ou alugamos nenhuma das informa\u00e7\u00f5es coletadas a terceiros e n\u00e3o pretendemos faz\u00ea-lo [...]<\/p>","protected":false},"author":2,"featured_media":0,"parent":0,"menu_order":0,"comment_status":"closed","ping_status":"closed","template":"","meta":{"_acf_changed":false,"site-sidebar-layout":"no-sidebar","site-content-layout":"content-boxed-container","ast-site-content-layout":"default","site-content-style":"default","site-sidebar-style":"default","ast-global-header-display":"","ast-banner-title-visibility":"","ast-main-header-display":"","ast-hfb-above-header-display":"","ast-hfb-below-header-display":"","ast-hfb-mobile-header-display":"","site-post-title":"","ast-breadcrumbs-content":"","ast-featured-img":"","footer-sml-layout":"","ast-disable-related-posts":"","theme-transparent-header-meta":"default","adv-header-id-meta":"","stick-header-meta":"default","header-above-stick-meta":"","header-main-stick-meta":"","header-below-stick-meta":"","astra-migrate-meta-layouts":"default","ast-page-background-enabled":"default","ast-page-background-meta":{"desktop":{"background-color":"var(--ast-global-color-4)","background-image":"","background-repeat":"repeat","background-position":"center center","background-size":"auto","background-attachment":"scroll","background-type":"","background-media":"","overlay-type":"","overlay-color":"","overlay-opacity":"","overlay-gradient":""},"tablet":{"background-color":"","background-image":"","background-repeat":"repeat","background-position":"center center","background-size":"auto","background-attachment":"scroll","background-type":"","background-media":"","overlay-type":"","overlay-color":"","overlay-opacity":"","overlay-gradient":""},"mobile":{"background-color":"","background-image":"","background-repeat":"repeat","background-position":"center center","background-size":"auto","background-attachment":"scroll","background-type":"","background-media":"","overlay-type":"","overlay-color":"","overlay-opacity":"","overlay-gradient":""}},"ast-content-background-meta":{"desktop":{"background-color":"var(--ast-global-color-5)","background-image":"","background-repeat":"repeat","background-position":"center center","background-size":"auto","background-attachment":"scroll","background-type":"","background-media":"","overlay-type":"","overlay-color":"","overlay-opacity":"","overlay-gradient":""},"tablet":{"background-color":"var(--ast-global-color-5)","background-image":"","background-repeat":"repeat","background-position":"center center","background-size":"auto","background-attachment":"scroll","background-type":"","background-media":"","overlay-type":"","overlay-color":"","overlay-opacity":"","overlay-gradient":""},"mobile":{"background-color":"var(--ast-global-color-5)","background-image":"","background-repeat":"repeat","background-position":"center center","background-size":"auto","background-attachment":"scroll","background-type":"","background-media":"","overlay-type":"","overlay-color":"","overlay-opacity":"","overlay-gradient":""}}},"categories":[1],"tags":[],"class_list":["post-3","page","type-page","status-publish","hentry","category-blog"],"acf":[],"yoast_head":"<!-- This site is optimized with the Yoast SEO Premium plugin v23.1 (Yoast SEO v27.3) - https:\/\/yoast.com\/product\/yoast-seo-premium-wordpress\/ -->\n<title>Privacy Policy | Sinopulse Factory &amp; Supplier in China<\/title>\n<meta name=\"robots\" content=\"index, follow, max-snippet:-1, max-image-preview:large, max-video-preview:-1\" \/>\n<link rel=\"canonical\" href=\"https:\/\/www.sinopulse.cn\/pt\/politica-de-privacidade\/\" \/>\n<meta property=\"og:locale\" content=\"pt_PT\" \/>\n<meta property=\"og:type\" content=\"article\" \/>\n<meta property=\"og:title\" content=\"Privacy Policy\" \/>\n<meta property=\"og:description\" content=\"Sinopulse respects your privacy and the purpose for which our site visitors provide us information. We do not share, sell, or rent any of the information collected to any third parties and do not intend to do so [&hellip;]\" \/>\n<meta property=\"og:url\" content=\"https:\/\/www.sinopulse.cn\/pt\/politica-de-privacidade\/\" \/>\n<meta property=\"og:site_name\" content=\"Sinopulse\" \/>\n<meta property=\"article:publisher\" content=\"https:\/\/www.facebook.com\/sinopulsehose\/\" \/>\n<meta property=\"article:modified_time\" content=\"2025-09-02T09:13:40+00:00\" \/>\n<meta property=\"og:image\" content=\"https:\/\/www.sinopulse.cn\/wp-content\/uploads\/2023\/02\/Hydraulic-Hose.jpg\" \/>\n\t<meta property=\"og:image:width\" content=\"1200\" \/>\n\t<meta property=\"og:image:height\" content=\"675\" \/>\n\t<meta property=\"og:image:type\" content=\"image\/jpeg\" \/>\n<meta name=\"twitter:card\" content=\"summary_large_image\" \/>\n<meta name=\"twitter:label1\" content=\"Tempo estimado de leitura\" \/>\n\t<meta name=\"twitter:data1\" content=\"2 minutos\" \/>\n<script type=\"application\/ld+json\" class=\"yoast-schema-graph\">{\"@context\":\"https:\\\/\\\/schema.org\",\"@graph\":[{\"@type\":\"WebPage\",\"@id\":\"https:\\\/\\\/www.sinopulse.cn\\\/privacy-policy\\\/\",\"url\":\"https:\\\/\\\/www.sinopulse.cn\\\/privacy-policy\\\/\",\"name\":\"Privacy Policy | Sinopulse Factory & Supplier in China\",\"isPartOf\":{\"@id\":\"https:\\\/\\\/www.sinopulse.cn\\\/#website\"},\"datePublished\":\"2022-08-17T15:30:57+00:00\",\"dateModified\":\"2025-09-02T09:13:40+00:00\",\"breadcrumb\":{\"@id\":\"https:\\\/\\\/www.sinopulse.cn\\\/privacy-policy\\\/#breadcrumb\"},\"inLanguage\":\"pt-PT\",\"potentialAction\":[{\"@type\":\"ReadAction\",\"target\":[\"https:\\\/\\\/www.sinopulse.cn\\\/privacy-policy\\\/\"]}]},{\"@type\":\"BreadcrumbList\",\"@id\":\"https:\\\/\\\/www.sinopulse.cn\\\/privacy-policy\\\/#breadcrumb\",\"itemListElement\":[{\"@type\":\"ListItem\",\"position\":1,\"name\":\"Home\",\"item\":\"https:\\\/\\\/www.sinopulse.cn\\\/\"},{\"@type\":\"ListItem\",\"position\":2,\"name\":\"Privacy Policy\"}]},{\"@type\":\"WebSite\",\"@id\":\"https:\\\/\\\/www.sinopulse.cn\\\/#website\",\"url\":\"https:\\\/\\\/www.sinopulse.cn\\\/\",\"name\":\"Sinopulse\",\"description\":\"Sinopulse Hydraulic Hose Manufacturer\",\"publisher\":{\"@id\":\"https:\\\/\\\/www.sinopulse.cn\\\/#organization\"},\"alternateName\":\"Best Hydraulic Hoses Manufacturer\",\"potentialAction\":[{\"@type\":\"SearchAction\",\"target\":{\"@type\":\"EntryPoint\",\"urlTemplate\":\"https:\\\/\\\/www.sinopulse.cn\\\/?s={search_term_string}\"},\"query-input\":{\"@type\":\"PropertyValueSpecification\",\"valueRequired\":true,\"valueName\":\"search_term_string\"}}],\"inLanguage\":\"pt-PT\"},{\"@type\":\"Organization\",\"@id\":\"https:\\\/\\\/www.sinopulse.cn\\\/#organization\",\"name\":\"Sinopulse Hose Factory Co., Ltd.\",\"alternateName\":\"Sinopulse Hose Factory\",\"url\":\"https:\\\/\\\/www.sinopulse.cn\\\/\",\"logo\":{\"@type\":\"ImageObject\",\"inLanguage\":\"pt-PT\",\"@id\":\"https:\\\/\\\/www.sinopulse.cn\\\/#\\\/schema\\\/logo\\\/image\\\/\",\"url\":\"https:\\\/\\\/www.sinopulse.cn\\\/wp-content\\\/uploads\\\/2022\\\/12\\\/cropped-SINOPULSE-logo-1.png\",\"contentUrl\":\"https:\\\/\\\/www.sinopulse.cn\\\/wp-content\\\/uploads\\\/2022\\\/12\\\/cropped-SINOPULSE-logo-1.png\",\"width\":466,\"height\":109,\"caption\":\"Sinopulse Hose Factory Co., Ltd.\"},\"image\":{\"@id\":\"https:\\\/\\\/www.sinopulse.cn\\\/#\\\/schema\\\/logo\\\/image\\\/\"},\"sameAs\":[\"https:\\\/\\\/www.facebook.com\\\/sinopulsehose\\\/\",\"https:\\\/\\\/www.linkedin.com\\\/in\\\/sinopulse-hydaulic-hose-manufacturer\\\/\"]}]}<\/script>\n<!-- \/ Yoast SEO Premium plugin. -->","yoast_head_json":{"title":"Pol\u00edtica de Privacidade | F\u00e1brica e Fornecedora da Sinopulse na China","robots":{"index":"index","follow":"follow","max-snippet":"max-snippet:-1","max-image-preview":"max-image-preview:large","max-video-preview":"max-video-preview:-1"},"canonical":"https:\/\/www.sinopulse.cn\/pt\/politica-de-privacidade\/","og_locale":"pt_PT","og_type":"article","og_title":"Privacy Policy","og_description":"Sinopulse respects your privacy and the purpose for which our site visitors provide us information. We do not share, sell, or rent any of the information collected to any third parties and do not intend to do so [&hellip;]","og_url":"https:\/\/www.sinopulse.cn\/pt\/politica-de-privacidade\/","og_site_name":"Sinopulse","article_publisher":"https:\/\/www.facebook.com\/sinopulsehose\/","article_modified_time":"2025-09-02T09:13:40+00:00","og_image":[{"width":1200,"height":675,"url":"https:\/\/www.sinopulse.cn\/wp-content\/uploads\/2023\/02\/Hydraulic-Hose.jpg","type":"image\/jpeg"}],"twitter_card":"summary_large_image","twitter_misc":{"Tempo estimado de leitura":"2 minutos"},"schema":{"@context":"https:\/\/schema.org","@graph":[{"@type":"WebPage","@id":"https:\/\/www.sinopulse.cn\/privacy-policy\/","url":"https:\/\/www.sinopulse.cn\/privacy-policy\/","name":"Pol\u00edtica de Privacidade | F\u00e1brica e Fornecedora da Sinopulse na China","isPartOf":{"@id":"https:\/\/www.sinopulse.cn\/#website"},"datePublished":"2022-08-17T15:30:57+00:00","dateModified":"2025-09-02T09:13:40+00:00","breadcrumb":{"@id":"https:\/\/www.sinopulse.cn\/privacy-policy\/#breadcrumb"},"inLanguage":"pt-PT","potentialAction":[{"@type":"ReadAction","target":["https:\/\/www.sinopulse.cn\/privacy-policy\/"]}]},{"@type":"BreadcrumbList","@id":"https:\/\/www.sinopulse.cn\/privacy-policy\/#breadcrumb","itemListElement":[{"@type":"ListItem","position":1,"name":"Home","item":"https:\/\/www.sinopulse.cn\/"},{"@type":"ListItem","position":2,"name":"Privacy Policy"}]},{"@type":"WebSite","@id":"https:\/\/www.sinopulse.cn\/#website","url":"https:\/\/www.sinopulse.cn\/","name":"Pulso Sino","description":"Fabricante de mangueiras hidr\u00e1ulicas Sinopulse","publisher":{"@id":"https:\/\/www.sinopulse.cn\/#organization"},"alternateName":"Best Hydraulic Hoses Manufacturer","potentialAction":[{"@type":"SearchAction","target":{"@type":"EntryPoint","urlTemplate":"https:\/\/www.sinopulse.cn\/?s={search_term_string}"},"query-input":{"@type":"PropertyValueSpecification","valueRequired":true,"valueName":"search_term_string"}}],"inLanguage":"pt-PT"},{"@type":"Organization","@id":"https:\/\/www.sinopulse.cn\/#organization","name":"F\u00e1brica de mangueiras Sinopulse Co., Ltd.","alternateName":"Sinopulse Hose Factory","url":"https:\/\/www.sinopulse.cn\/","logo":{"@type":"ImageObject","inLanguage":"pt-PT","@id":"https:\/\/www.sinopulse.cn\/#\/schema\/logo\/image\/","url":"https:\/\/www.sinopulse.cn\/wp-content\/uploads\/2022\/12\/cropped-SINOPULSE-logo-1.png","contentUrl":"https:\/\/www.sinopulse.cn\/wp-content\/uploads\/2022\/12\/cropped-SINOPULSE-logo-1.png","width":466,"height":109,"caption":"Sinopulse Hose Factory Co., Ltd."},"image":{"@id":"https:\/\/www.sinopulse.cn\/#\/schema\/logo\/image\/"},"sameAs":["https:\/\/www.facebook.com\/sinopulsehose\/","https:\/\/www.linkedin.com\/in\/sinopulse-hydaulic-hose-manufacturer\/"]}]}},"_links":{"self":[{"href":"https:\/\/www.sinopulse.cn\/pt\/wp-json\/wp\/v2\/pages\/3","targetHints":{"allow":["GET"]}}],"collection":[{"href":"https:\/\/www.sinopulse.cn\/pt\/wp-json\/wp\/v2\/pages"}],"about":[{"href":"https:\/\/www.sinopulse.cn\/pt\/wp-json\/wp\/v2\/types\/page"}],"author":[{"embeddable":true,"href":"https:\/\/www.sinopulse.cn\/pt\/wp-json\/wp\/v2\/users\/2"}],"replies":[{"embeddable":true,"href":"https:\/\/www.sinopulse.cn\/pt\/wp-json\/wp\/v2\/comments?post=3"}],"version-history":[{"count":0,"href":"https:\/\/www.sinopulse.cn\/pt\/wp-json\/wp\/v2\/pages\/3\/revisions"}],"wp:attachment":[{"href":"https:\/\/www.sinopulse.cn\/pt\/wp-json\/wp\/v2\/media?parent=3"}],"wp:term":[{"taxonomy":"category","embeddable":true,"href":"https:\/\/www.sinopulse.cn\/pt\/wp-json\/wp\/v2\/categories?post=3"},{"taxonomy":"post_tag","embeddable":true,"href":"https:\/\/www.sinopulse.cn\/pt\/wp-json\/wp\/v2\/tags?post=3"}],"curies":[{"name":"wp","href":"https:\/\/api.w.org\/{rel}","templated":true}]}}