{"id":5750,"date":"2024-09-26T14:36:22","date_gmt":"2024-09-26T06:36:22","guid":{"rendered":"https:\/\/www.sinopulse.cn\/?page_id=5750"},"modified":"2025-09-04T15:05:54","modified_gmt":"2025-09-04T07:05:54","slug":"four-steel-wire-spiral-hydraulic-hose","status":"publish","type":"page","link":"https:\/\/www.sinopulse.cn\/pt\/mangueira-hidraulica-espiral-de-fio\/mangueira-hidraulica-espiral-de-quatro-fios-de-aco\/","title":{"rendered":"Mangueira hidr\u00e1ulica de 4 fios"},"content":{"rendered":"","protected":false},"excerpt":{"rendered":"","protected":false},"author":2,"featured_media":12755,"parent":1297,"menu_order":0,"comment_status":"closed","ping_status":"closed","template":"product-category simple.php","meta":{"_acf_changed":false,"site-sidebar-layout":"default","site-content-layout":"","ast-site-content-layout":"default","site-content-style":"default","site-sidebar-style":"default","ast-global-header-display":"","ast-banner-title-visibility":"","ast-main-header-display":"","ast-hfb-above-header-display":"","ast-hfb-below-header-display":"","ast-hfb-mobile-header-display":"","site-post-title":"","ast-breadcrumbs-content":"","ast-featured-img":"","footer-sml-layout":"","ast-disable-related-posts":"","theme-transparent-header-meta":"default","adv-header-id-meta":"","stick-header-meta":"default","header-above-stick-meta":"","header-main-stick-meta":"","header-below-stick-meta":"","astra-migrate-meta-layouts":"set","ast-page-background-enabled":"default","ast-page-background-meta":{"desktop":{"background-color":"var(--ast-global-color-4)","background-image":"","background-repeat":"repeat","background-position":"center center","background-size":"auto","background-attachment":"scroll","background-type":"","background-media":"","overlay-type":"","overlay-color":"","overlay-opacity":"","overlay-gradient":""},"tablet":{"background-color":"","background-image":"","background-repeat":"repeat","background-position":"center center","background-size":"auto","background-attachment":"scroll","background-type":"","background-media":"","overlay-type":"","overlay-color":"","overlay-opacity":"","overlay-gradient":""},"mobile":{"background-color":"","background-image":"","background-repeat":"repeat","background-position":"center center","background-size":"auto","background-attachment":"scroll","background-type":"","background-media":"","overlay-type":"","overlay-color":"","overlay-opacity":"","overlay-gradient":""}},"ast-content-background-meta":{"desktop":{"background-color":"var(--ast-global-color-5)","background-image":"","background-repeat":"repeat","background-position":"center center","background-size":"auto","background-attachment":"scroll","background-type":"","background-media":"","overlay-type":"","overlay-color":"","overlay-opacity":"","overlay-gradient":""},"tablet":{"background-color":"var(--ast-global-color-5)","background-image":"","background-repeat":"repeat","background-position":"center center","background-size":"auto","background-attachment":"scroll","background-type":"","background-media":"","overlay-type":"","overlay-color":"","overlay-opacity":"","overlay-gradient":""},"mobile":{"background-color":"var(--ast-global-color-5)","background-image":"","background-repeat":"repeat","background-position":"center center","background-size":"auto","background-attachment":"scroll","background-type":"","background-media":"","overlay-type":"","overlay-color":"","overlay-opacity":"","overlay-gradient":""}}},"categories":[60,63,69],"tags":[139,260,269,42,48,49,55,56,57,40,73,129,76,75,80,95,38,104,43,41,45,46,99,52,53,44,54,47,74,58,51,78],"class_list":["post-5750","page","type-page","status-publish","has-post-thumbnail","hentry","category-hydraulic-hose","category-hydraulic-hose-fittings","category-hydraulic-systems","tag-2-wire-vs-4-wire-hydraulic-hose","tag-4sh-hose","tag-best-superior-high-pressure-hydraulic-hose-4sh","tag-bulk-hydraulic-hose","tag-china-din-standard-hydraulic-hose","tag-china-flexible-hydraulic-hose","tag-china-hydraulic-hose","tag-china-hydraulic-hose-suppliers","tag-china-hydraulic-rubber-hose","tag-custom-hydraulic-hoses","tag-flexible-hydraulic-hose","tag-four-steel-wire-spiral-hydraulic-hose-4sp4sh","tag-high-pressure-hose","tag-high-temperature-hoses","tag-high-pulse-hydraulic-hoses","tag-hose-supplier","tag-hydraulic-hose","tag-hydraulic-hose-and-fittings-manufacturers","tag-hydraulic-hose-bulk","tag-hydraulic-hose-custom","tag-hydraulic-hose-distributors","tag-hydraulic-hose-factory","tag-hydraulic-hose-manufacturing","tag-hydraulic-hose-pipe-manufacturer","tag-hydraulic-hose-pipe-supplier","tag-hydraulic-hose-supplier","tag-hydraulic-hose-wholesale","tag-hydraulic-hoses-manufacturer","tag-low-temperature-hose","tag-oem-hydraulic-hose","tag-pressure-hydraulic-hose","tag-smooth-cover-hydraulic-hose"],"acf":[],"yoast_head":"<!-- This site is optimized with the Yoast SEO Premium plugin v23.1 (Yoast SEO v27.3) - https:\/\/yoast.com\/product\/yoast-seo-premium-wordpress\/ -->\n<title>4-Wire Hydraulic HoseS | 4SP\/4SH\/R12 | Sinopulse Manufacturer<\/title>\n<meta name=\"description\" content=\"The hoses have 4 spiral piles of steel wire wrapped in alternating directions and made of oil-resistant, weather-resistant, and water-resistant rubber.\u00a0\" \/>\n<meta name=\"robots\" content=\"index, follow, max-snippet:-1, max-image-preview:large, max-video-preview:-1\" \/>\n<link rel=\"canonical\" href=\"https:\/\/www.sinopulse.cn\/pt\/mangueira-hidraulica-espiral-de-fio\/mangueira-hidraulica-espiral-de-quatro-fios-de-aco\/\" \/>\n<meta property=\"og:locale\" content=\"pt_PT\" \/>\n<meta property=\"og:type\" content=\"article\" \/>\n<meta property=\"og:title\" content=\"4 Wire Hydraulic Hose\" \/>\n<meta property=\"og:description\" content=\"The hoses have 4 spiral piles of steel wire wrapped in alternating directions and made of oil-resistant, weather-resistant, and water-resistant rubber.\u00a0\" \/>\n<meta property=\"og:url\" content=\"https:\/\/www.sinopulse.cn\/pt\/mangueira-hidraulica-espiral-de-fio\/mangueira-hidraulica-espiral-de-quatro-fios-de-aco\/\" \/>\n<meta property=\"og:site_name\" content=\"Sinopulse\" \/>\n<meta property=\"article:publisher\" content=\"https:\/\/www.facebook.com\/sinopulsehose\/\" \/>\n<meta property=\"article:modified_time\" content=\"2025-09-04T07:05:54+00:00\" \/>\n<meta property=\"og:image\" content=\"https:\/\/www.sinopulse.cn\/wp-content\/uploads\/2025\/02\/4-Wire-Hydraulic-Hose-1024x512.png\" \/>\n\t<meta property=\"og:image:width\" content=\"1024\" \/>\n\t<meta property=\"og:image:height\" content=\"512\" \/>\n\t<meta property=\"og:image:type\" content=\"image\/png\" \/>\n<meta name=\"twitter:card\" content=\"summary_large_image\" \/>\n<meta name=\"twitter:label1\" content=\"Tempo estimado de leitura\" \/>\n\t<meta name=\"twitter:data1\" content=\"1 minuto\" \/>\n<script type=\"application\/ld+json\" class=\"yoast-schema-graph\">{\"@context\":\"https:\\\/\\\/schema.org\",\"@graph\":[{\"@type\":\"WebPage\",\"@id\":\"https:\\\/\\\/www.sinopulse.cn\\\/wire-spiral-hydraulic-hose\\\/four-steel-wire-spiral-hydraulic-hose\\\/\",\"url\":\"https:\\\/\\\/www.sinopulse.cn\\\/wire-spiral-hydraulic-hose\\\/four-steel-wire-spiral-hydraulic-hose\\\/\",\"name\":\"4-Wire Hydraulic HoseS | 4SP\\\/4SH\\\/R12 | Sinopulse Manufacturer\",\"isPartOf\":{\"@id\":\"https:\\\/\\\/www.sinopulse.cn\\\/#website\"},\"primaryImageOfPage\":{\"@id\":\"https:\\\/\\\/www.sinopulse.cn\\\/wire-spiral-hydraulic-hose\\\/four-steel-wire-spiral-hydraulic-hose\\\/#primaryimage\"},\"image\":{\"@id\":\"https:\\\/\\\/www.sinopulse.cn\\\/wire-spiral-hydraulic-hose\\\/four-steel-wire-spiral-hydraulic-hose\\\/#primaryimage\"},\"thumbnailUrl\":\"https:\\\/\\\/www.sinopulse.cn\\\/wp-content\\\/uploads\\\/2025\\\/02\\\/4-Wire-Hydraulic-Hose.png\",\"datePublished\":\"2024-09-26T06:36:22+00:00\",\"dateModified\":\"2025-09-04T07:05:54+00:00\",\"description\":\"The hoses have 4 spiral piles of steel wire wrapped in alternating directions and made of oil-resistant, weather-resistant, and water-resistant rubber.\u00a0\",\"breadcrumb\":{\"@id\":\"https:\\\/\\\/www.sinopulse.cn\\\/wire-spiral-hydraulic-hose\\\/four-steel-wire-spiral-hydraulic-hose\\\/#breadcrumb\"},\"inLanguage\":\"pt-PT\",\"potentialAction\":[{\"@type\":\"ReadAction\",\"target\":[\"https:\\\/\\\/www.sinopulse.cn\\\/wire-spiral-hydraulic-hose\\\/four-steel-wire-spiral-hydraulic-hose\\\/\"]}]},{\"@type\":\"ImageObject\",\"inLanguage\":\"pt-PT\",\"@id\":\"https:\\\/\\\/www.sinopulse.cn\\\/wire-spiral-hydraulic-hose\\\/four-steel-wire-spiral-hydraulic-hose\\\/#primaryimage\",\"url\":\"https:\\\/\\\/www.sinopulse.cn\\\/wp-content\\\/uploads\\\/2025\\\/02\\\/4-Wire-Hydraulic-Hose.png\",\"contentUrl\":\"https:\\\/\\\/www.sinopulse.cn\\\/wp-content\\\/uploads\\\/2025\\\/02\\\/4-Wire-Hydraulic-Hose.png\",\"width\":1750,\"height\":875,\"caption\":\"4 Wire Hydraulic Hose\"},{\"@type\":\"BreadcrumbList\",\"@id\":\"https:\\\/\\\/www.sinopulse.cn\\\/wire-spiral-hydraulic-hose\\\/four-steel-wire-spiral-hydraulic-hose\\\/#breadcrumb\",\"itemListElement\":[{\"@type\":\"ListItem\",\"position\":1,\"name\":\"Home\",\"item\":\"https:\\\/\\\/www.sinopulse.cn\\\/\"},{\"@type\":\"ListItem\",\"position\":2,\"name\":\"Hydraulic hose\",\"item\":\"https:\\\/\\\/www.sinopulse.cn\\\/category\\\/hydraulic-hose\\\/\"},{\"@type\":\"ListItem\",\"position\":3,\"name\":\"Wire Spiral Hydraulic Hose\",\"item\":\"https:\\\/\\\/www.sinopulse.cn\\\/wire-spiral-hydraulic-hose\\\/\"},{\"@type\":\"ListItem\",\"position\":4,\"name\":\"4 Wire Hydraulic Hose\"}]},{\"@type\":\"WebSite\",\"@id\":\"https:\\\/\\\/www.sinopulse.cn\\\/#website\",\"url\":\"https:\\\/\\\/www.sinopulse.cn\\\/\",\"name\":\"Sinopulse\",\"description\":\"Sinopulse Hydraulic Hose Manufacturer\",\"publisher\":{\"@id\":\"https:\\\/\\\/www.sinopulse.cn\\\/#organization\"},\"alternateName\":\"Best Hydraulic Hoses Manufacturer\",\"potentialAction\":[{\"@type\":\"SearchAction\",\"target\":{\"@type\":\"EntryPoint\",\"urlTemplate\":\"https:\\\/\\\/www.sinopulse.cn\\\/?s={search_term_string}\"},\"query-input\":{\"@type\":\"PropertyValueSpecification\",\"valueRequired\":true,\"valueName\":\"search_term_string\"}}],\"inLanguage\":\"pt-PT\"},{\"@type\":\"Organization\",\"@id\":\"https:\\\/\\\/www.sinopulse.cn\\\/#organization\",\"name\":\"Sinopulse Hose Factory Co., Ltd.\",\"alternateName\":\"Sinopulse Hose Factory\",\"url\":\"https:\\\/\\\/www.sinopulse.cn\\\/\",\"logo\":{\"@type\":\"ImageObject\",\"inLanguage\":\"pt-PT\",\"@id\":\"https:\\\/\\\/www.sinopulse.cn\\\/#\\\/schema\\\/logo\\\/image\\\/\",\"url\":\"https:\\\/\\\/www.sinopulse.cn\\\/wp-content\\\/uploads\\\/2022\\\/12\\\/cropped-SINOPULSE-logo-1.png\",\"contentUrl\":\"https:\\\/\\\/www.sinopulse.cn\\\/wp-content\\\/uploads\\\/2022\\\/12\\\/cropped-SINOPULSE-logo-1.png\",\"width\":466,\"height\":109,\"caption\":\"Sinopulse Hose Factory Co., Ltd.\"},\"image\":{\"@id\":\"https:\\\/\\\/www.sinopulse.cn\\\/#\\\/schema\\\/logo\\\/image\\\/\"},\"sameAs\":[\"https:\\\/\\\/www.facebook.com\\\/sinopulsehose\\\/\",\"https:\\\/\\\/www.linkedin.com\\\/in\\\/sinopulse-hydaulic-hose-manufacturer\\\/\"]}]}<\/script>\n<!-- \/ Yoast SEO Premium plugin. -->","yoast_head_json":{"title":"Mangueiras hidr\u00e1ulicas de 4 fios | 4SP\/4SH\/R12 | Fabricante Sinopulse","description":"As mangueiras t\u00eam 4 espirais de fios de a\u00e7o enrolados em dire\u00e7\u00f5es alternadas e s\u00e3o feitas de borracha resistente a \u00f3leo, \u00e0s intemp\u00e9ries e \u00e0 \u00e1gua.\u00a0","robots":{"index":"index","follow":"follow","max-snippet":"max-snippet:-1","max-image-preview":"max-image-preview:large","max-video-preview":"max-video-preview:-1"},"canonical":"https:\/\/www.sinopulse.cn\/pt\/mangueira-hidraulica-espiral-de-fio\/mangueira-hidraulica-espiral-de-quatro-fios-de-aco\/","og_locale":"pt_PT","og_type":"article","og_title":"4 Wire Hydraulic Hose","og_description":"The hoses have 4 spiral piles of steel wire wrapped in alternating directions and made of oil-resistant, weather-resistant, and water-resistant rubber.\u00a0","og_url":"https:\/\/www.sinopulse.cn\/pt\/mangueira-hidraulica-espiral-de-fio\/mangueira-hidraulica-espiral-de-quatro-fios-de-aco\/","og_site_name":"Sinopulse","article_publisher":"https:\/\/www.facebook.com\/sinopulsehose\/","article_modified_time":"2025-09-04T07:05:54+00:00","og_image":[{"width":1024,"height":512,"url":"https:\/\/www.sinopulse.cn\/wp-content\/uploads\/2025\/02\/4-Wire-Hydraulic-Hose-1024x512.png","type":"image\/png"}],"twitter_card":"summary_large_image","twitter_misc":{"Tempo estimado de leitura":"1 minuto"},"schema":{"@context":"https:\/\/schema.org","@graph":[{"@type":"WebPage","@id":"https:\/\/www.sinopulse.cn\/wire-spiral-hydraulic-hose\/four-steel-wire-spiral-hydraulic-hose\/","url":"https:\/\/www.sinopulse.cn\/wire-spiral-hydraulic-hose\/four-steel-wire-spiral-hydraulic-hose\/","name":"Mangueiras hidr\u00e1ulicas de 4 fios | 4SP\/4SH\/R12 | Fabricante Sinopulse","isPartOf":{"@id":"https:\/\/www.sinopulse.cn\/#website"},"primaryImageOfPage":{"@id":"https:\/\/www.sinopulse.cn\/wire-spiral-hydraulic-hose\/four-steel-wire-spiral-hydraulic-hose\/#primaryimage"},"image":{"@id":"https:\/\/www.sinopulse.cn\/wire-spiral-hydraulic-hose\/four-steel-wire-spiral-hydraulic-hose\/#primaryimage"},"thumbnailUrl":"https:\/\/www.sinopulse.cn\/wp-content\/uploads\/2025\/02\/4-Wire-Hydraulic-Hose.png","datePublished":"2024-09-26T06:36:22+00:00","dateModified":"2025-09-04T07:05:54+00:00","description":"As mangueiras t\u00eam 4 espirais de fios de a\u00e7o enrolados em dire\u00e7\u00f5es alternadas e s\u00e3o feitas de borracha resistente a \u00f3leo, \u00e0s intemp\u00e9ries e \u00e0 \u00e1gua.\u00a0","breadcrumb":{"@id":"https:\/\/www.sinopulse.cn\/wire-spiral-hydraulic-hose\/four-steel-wire-spiral-hydraulic-hose\/#breadcrumb"},"inLanguage":"pt-PT","potentialAction":[{"@type":"ReadAction","target":["https:\/\/www.sinopulse.cn\/wire-spiral-hydraulic-hose\/four-steel-wire-spiral-hydraulic-hose\/"]}]},{"@type":"ImageObject","inLanguage":"pt-PT","@id":"https:\/\/www.sinopulse.cn\/wire-spiral-hydraulic-hose\/four-steel-wire-spiral-hydraulic-hose\/#primaryimage","url":"https:\/\/www.sinopulse.cn\/wp-content\/uploads\/2025\/02\/4-Wire-Hydraulic-Hose.png","contentUrl":"https:\/\/www.sinopulse.cn\/wp-content\/uploads\/2025\/02\/4-Wire-Hydraulic-Hose.png","width":1750,"height":875,"caption":"4 Wire Hydraulic Hose"},{"@type":"BreadcrumbList","@id":"https:\/\/www.sinopulse.cn\/wire-spiral-hydraulic-hose\/four-steel-wire-spiral-hydraulic-hose\/#breadcrumb","itemListElement":[{"@type":"ListItem","position":1,"name":"Home","item":"https:\/\/www.sinopulse.cn\/"},{"@type":"ListItem","position":2,"name":"Hydraulic hose","item":"https:\/\/www.sinopulse.cn\/category\/hydraulic-hose\/"},{"@type":"ListItem","position":3,"name":"Wire Spiral Hydraulic Hose","item":"https:\/\/www.sinopulse.cn\/wire-spiral-hydraulic-hose\/"},{"@type":"ListItem","position":4,"name":"4 Wire Hydraulic Hose"}]},{"@type":"WebSite","@id":"https:\/\/www.sinopulse.cn\/#website","url":"https:\/\/www.sinopulse.cn\/","name":"Pulso Sino","description":"Fabricante de mangueiras hidr\u00e1ulicas Sinopulse","publisher":{"@id":"https:\/\/www.sinopulse.cn\/#organization"},"alternateName":"Best Hydraulic Hoses Manufacturer","potentialAction":[{"@type":"SearchAction","target":{"@type":"EntryPoint","urlTemplate":"https:\/\/www.sinopulse.cn\/?s={search_term_string}"},"query-input":{"@type":"PropertyValueSpecification","valueRequired":true,"valueName":"search_term_string"}}],"inLanguage":"pt-PT"},{"@type":"Organization","@id":"https:\/\/www.sinopulse.cn\/#organization","name":"F\u00e1brica de mangueiras Sinopulse Co., Ltd.","alternateName":"Sinopulse Hose Factory","url":"https:\/\/www.sinopulse.cn\/","logo":{"@type":"ImageObject","inLanguage":"pt-PT","@id":"https:\/\/www.sinopulse.cn\/#\/schema\/logo\/image\/","url":"https:\/\/www.sinopulse.cn\/wp-content\/uploads\/2022\/12\/cropped-SINOPULSE-logo-1.png","contentUrl":"https:\/\/www.sinopulse.cn\/wp-content\/uploads\/2022\/12\/cropped-SINOPULSE-logo-1.png","width":466,"height":109,"caption":"Sinopulse Hose Factory Co., Ltd."},"image":{"@id":"https:\/\/www.sinopulse.cn\/#\/schema\/logo\/image\/"},"sameAs":["https:\/\/www.facebook.com\/sinopulsehose\/","https:\/\/www.linkedin.com\/in\/sinopulse-hydaulic-hose-manufacturer\/"]}]}},"_links":{"self":[{"href":"https:\/\/www.sinopulse.cn\/pt\/wp-json\/wp\/v2\/pages\/5750","targetHints":{"allow":["GET"]}}],"collection":[{"href":"https:\/\/www.sinopulse.cn\/pt\/wp-json\/wp\/v2\/pages"}],"about":[{"href":"https:\/\/www.sinopulse.cn\/pt\/wp-json\/wp\/v2\/types\/page"}],"author":[{"embeddable":true,"href":"https:\/\/www.sinopulse.cn\/pt\/wp-json\/wp\/v2\/users\/2"}],"replies":[{"embeddable":true,"href":"https:\/\/www.sinopulse.cn\/pt\/wp-json\/wp\/v2\/comments?post=5750"}],"version-history":[{"count":0,"href":"https:\/\/www.sinopulse.cn\/pt\/wp-json\/wp\/v2\/pages\/5750\/revisions"}],"up":[{"embeddable":true,"href":"https:\/\/www.sinopulse.cn\/pt\/wp-json\/wp\/v2\/pages\/1297"}],"wp:featuredmedia":[{"embeddable":true,"href":"https:\/\/www.sinopulse.cn\/pt\/wp-json\/wp\/v2\/media\/12755"}],"wp:attachment":[{"href":"https:\/\/www.sinopulse.cn\/pt\/wp-json\/wp\/v2\/media?parent=5750"}],"wp:term":[{"taxonomy":"category","embeddable":true,"href":"https:\/\/www.sinopulse.cn\/pt\/wp-json\/wp\/v2\/categories?post=5750"},{"taxonomy":"post_tag","embeddable":true,"href":"https:\/\/www.sinopulse.cn\/pt\/wp-json\/wp\/v2\/tags?post=5750"}],"curies":[{"name":"wp","href":"https:\/\/api.w.org\/{rel}","templated":true}]}}