{"id":5788,"date":"2024-09-26T16:50:39","date_gmt":"2024-09-26T08:50:39","guid":{"rendered":"https:\/\/www.sinopulse.cn\/?page_id=5788"},"modified":"2025-12-04T09:30:13","modified_gmt":"2025-12-04T01:30:13","slug":"en-853-2sn-sae-100r2at","status":"publish","type":"page","link":"https:\/\/www.sinopulse.cn\/pt\/em-853-2sn-sae-100r2at\/","title":{"rendered":"DIN EN853 2SN\/SAE 100R2AT"},"content":{"rendered":"","protected":false},"excerpt":{"rendered":"","protected":false},"author":2,"featured_media":13759,"parent":0,"menu_order":0,"comment_status":"closed","ping_status":"closed","template":"product-category simple.php","meta":{"_acf_changed":false,"site-sidebar-layout":"default","site-content-layout":"","ast-site-content-layout":"default","site-content-style":"default","site-sidebar-style":"default","ast-global-header-display":"","ast-banner-title-visibility":"","ast-main-header-display":"","ast-hfb-above-header-display":"","ast-hfb-below-header-display":"","ast-hfb-mobile-header-display":"","site-post-title":"","ast-breadcrumbs-content":"","ast-featured-img":"","footer-sml-layout":"","ast-disable-related-posts":"","theme-transparent-header-meta":"default","adv-header-id-meta":"","stick-header-meta":"default","header-above-stick-meta":"","header-main-stick-meta":"","header-below-stick-meta":"","astra-migrate-meta-layouts":"set","ast-page-background-enabled":"default","ast-page-background-meta":{"desktop":{"background-color":"var(--ast-global-color-4)","background-image":"","background-repeat":"repeat","background-position":"center center","background-size":"auto","background-attachment":"scroll","background-type":"","background-media":"","overlay-type":"","overlay-color":"","overlay-opacity":"","overlay-gradient":""},"tablet":{"background-color":"","background-image":"","background-repeat":"repeat","background-position":"center center","background-size":"auto","background-attachment":"scroll","background-type":"","background-media":"","overlay-type":"","overlay-color":"","overlay-opacity":"","overlay-gradient":""},"mobile":{"background-color":"","background-image":"","background-repeat":"repeat","background-position":"center center","background-size":"auto","background-attachment":"scroll","background-type":"","background-media":"","overlay-type":"","overlay-color":"","overlay-opacity":"","overlay-gradient":""}},"ast-content-background-meta":{"desktop":{"background-color":"var(--ast-global-color-5)","background-image":"","background-repeat":"repeat","background-position":"center center","background-size":"auto","background-attachment":"scroll","background-type":"","background-media":"","overlay-type":"","overlay-color":"","overlay-opacity":"","overlay-gradient":""},"tablet":{"background-color":"var(--ast-global-color-5)","background-image":"","background-repeat":"repeat","background-position":"center center","background-size":"auto","background-attachment":"scroll","background-type":"","background-media":"","overlay-type":"","overlay-color":"","overlay-opacity":"","overlay-gradient":""},"mobile":{"background-color":"var(--ast-global-color-5)","background-image":"","background-repeat":"repeat","background-position":"center center","background-size":"auto","background-attachment":"scroll","background-type":"","background-media":"","overlay-type":"","overlay-color":"","overlay-opacity":"","overlay-gradient":""}}},"categories":[60,63],"tags":[136,138,142,200,201,205,202,206,207,208,197,209,203,190,37,38,204,192,210,211,212,213,214,58,51,191,193,198,194,195,196,199],"class_list":["post-5788","page","type-page","status-publish","has-post-thumbnail","hentry","category-hydraulic-hose","category-hydraulic-hose-fittings","tag-2-wire-hydraulic-hose","tag-2-wire-hydraulic-hose-pressure-rating","tag-2-wire-hydraulic-hose-rating","tag-2sn-hose","tag-2sn-hose-meaning","tag-2sn-hose-pressure-rating","tag-2sn-hydraulic-hose","tag-2sn-hydraulic-hose-factories","tag-2sn-hydraulic-hose-factory","tag-2sn-hydraulic-hose-supplier","tag-en-853-2sn-sae-100r2at","tag-en-853-2sn-hose","tag-en-853-2sn-hydraulic-hose","tag-en853-2sn","tag-hose","tag-hydraulic-hose","tag-hydraulic-hose-2sn","tag-hydraulic-hose-sae-100r2at","tag-oem-2sn-hydraulic-hose-factories","tag-oem-2sn-hydraulic-hose-manufacturer","tag-oem-2sn-hydraulic-hose-manufacturers","tag-oem-2sn-hydraulic-hose-supplier","tag-oem-2sn-hydraulic-hose-suppliers","tag-oem-hydraulic-hose","tag-pressure-hydraulic-hose","tag-sae-100r2at","tag-sae-100r2at-hydraulic-hose","tag-sae-100r2at-parker","tag-sae-100r2at-pressure-rating","tag-sae-100r2at-reusable-hose-fittings","tag-sae-100r2at-specifications","tag-type-sae-100r2at-4000psi"],"acf":[],"yoast_head":"<!-- This site is optimized with the Yoast SEO Premium plugin v23.1 (Yoast SEO v27.3) - https:\/\/yoast.com\/product\/yoast-seo-premium-wordpress\/ -->\n<title>EN 853 2SN - SAE 100r2AT Hydraulic Hoses | Sinopulse<\/title>\n<meta name=\"description\" content=\"EN 853 2SN - SAE 100r2AT hoses are produced with oil-resistant Resistant Synthetic Rubber and reinforced with\u00a0Two High Tensile Steel Wire Braids.\" \/>\n<meta name=\"robots\" content=\"index, follow, max-snippet:-1, max-image-preview:large, max-video-preview:-1\" \/>\n<link rel=\"canonical\" href=\"https:\/\/www.sinopulse.cn\/pt\/em-853-2sn-sae-100r2at\/\" \/>\n<meta property=\"og:locale\" content=\"pt_PT\" \/>\n<meta property=\"og:type\" content=\"article\" \/>\n<meta property=\"og:title\" content=\"DIN EN853 2SN\/SAE 100R2AT\" \/>\n<meta property=\"og:description\" content=\"EN 853 2SN - SAE 100r2AT hoses are produced with oil-resistant Resistant Synthetic Rubber and reinforced with\u00a0Two High Tensile Steel Wire Braids.\" \/>\n<meta property=\"og:url\" content=\"https:\/\/www.sinopulse.cn\/pt\/em-853-2sn-sae-100r2at\/\" \/>\n<meta property=\"og:site_name\" content=\"Sinopulse\" \/>\n<meta property=\"article:publisher\" content=\"https:\/\/www.facebook.com\/sinopulsehose\/\" \/>\n<meta property=\"article:modified_time\" content=\"2025-12-04T01:30:13+00:00\" \/>\n<meta property=\"og:image\" content=\"https:\/\/www.sinopulse.cn\/wp-content\/uploads\/2025\/04\/DIN-EN853-2SN-SAE-100R2AT-hydraulic-hose.jpg\" \/>\n\t<meta property=\"og:image:width\" content=\"1280\" \/>\n\t<meta property=\"og:image:height\" content=\"720\" \/>\n\t<meta property=\"og:image:type\" content=\"image\/jpeg\" \/>\n<meta name=\"twitter:card\" content=\"summary_large_image\" \/>\n<meta name=\"twitter:label1\" content=\"Tempo estimado de leitura\" \/>\n\t<meta name=\"twitter:data1\" content=\"1 minuto\" \/>\n<script type=\"application\/ld+json\" class=\"yoast-schema-graph\">{\"@context\":\"https:\\\/\\\/schema.org\",\"@graph\":[{\"@type\":\"WebPage\",\"@id\":\"https:\\\/\\\/www.sinopulse.cn\\\/en-853-2sn-sae-100r2at\\\/\",\"url\":\"https:\\\/\\\/www.sinopulse.cn\\\/en-853-2sn-sae-100r2at\\\/\",\"name\":\"EN 853 2SN - SAE 100r2AT Hydraulic Hoses | Sinopulse\",\"isPartOf\":{\"@id\":\"https:\\\/\\\/www.sinopulse.cn\\\/#website\"},\"primaryImageOfPage\":{\"@id\":\"https:\\\/\\\/www.sinopulse.cn\\\/en-853-2sn-sae-100r2at\\\/#primaryimage\"},\"image\":{\"@id\":\"https:\\\/\\\/www.sinopulse.cn\\\/en-853-2sn-sae-100r2at\\\/#primaryimage\"},\"thumbnailUrl\":\"https:\\\/\\\/www.sinopulse.cn\\\/wp-content\\\/uploads\\\/2025\\\/04\\\/DIN-EN853-2SN-SAE-100R2AT-hydraulic-hose.jpg\",\"datePublished\":\"2024-09-26T08:50:39+00:00\",\"dateModified\":\"2025-12-04T01:30:13+00:00\",\"description\":\"EN 853 2SN - SAE 100r2AT hoses are produced with oil-resistant Resistant Synthetic Rubber and reinforced with\u00a0Two High Tensile Steel Wire Braids.\",\"breadcrumb\":{\"@id\":\"https:\\\/\\\/www.sinopulse.cn\\\/en-853-2sn-sae-100r2at\\\/#breadcrumb\"},\"inLanguage\":\"pt-PT\",\"potentialAction\":[{\"@type\":\"ReadAction\",\"target\":[\"https:\\\/\\\/www.sinopulse.cn\\\/en-853-2sn-sae-100r2at\\\/\"]}]},{\"@type\":\"ImageObject\",\"inLanguage\":\"pt-PT\",\"@id\":\"https:\\\/\\\/www.sinopulse.cn\\\/en-853-2sn-sae-100r2at\\\/#primaryimage\",\"url\":\"https:\\\/\\\/www.sinopulse.cn\\\/wp-content\\\/uploads\\\/2025\\\/04\\\/DIN-EN853-2SN-SAE-100R2AT-hydraulic-hose.jpg\",\"contentUrl\":\"https:\\\/\\\/www.sinopulse.cn\\\/wp-content\\\/uploads\\\/2025\\\/04\\\/DIN-EN853-2SN-SAE-100R2AT-hydraulic-hose.jpg\",\"width\":1280,\"height\":720,\"caption\":\"DIN EN853 2SN SAE 100R2AT hydraulic hose\"},{\"@type\":\"BreadcrumbList\",\"@id\":\"https:\\\/\\\/www.sinopulse.cn\\\/en-853-2sn-sae-100r2at\\\/#breadcrumb\",\"itemListElement\":[{\"@type\":\"ListItem\",\"position\":1,\"name\":\"Home\",\"item\":\"https:\\\/\\\/www.sinopulse.cn\\\/\"},{\"@type\":\"ListItem\",\"position\":2,\"name\":\"Hydraulic hose\",\"item\":\"https:\\\/\\\/www.sinopulse.cn\\\/category\\\/hydraulic-hose\\\/\"},{\"@type\":\"ListItem\",\"position\":3,\"name\":\"DIN EN853 2SN\\\/SAE 100R2AT\"}]},{\"@type\":\"WebSite\",\"@id\":\"https:\\\/\\\/www.sinopulse.cn\\\/#website\",\"url\":\"https:\\\/\\\/www.sinopulse.cn\\\/\",\"name\":\"Sinopulse\",\"description\":\"Sinopulse Hydraulic Hose Manufacturer\",\"publisher\":{\"@id\":\"https:\\\/\\\/www.sinopulse.cn\\\/#organization\"},\"alternateName\":\"Best Hydraulic Hoses Manufacturer\",\"potentialAction\":[{\"@type\":\"SearchAction\",\"target\":{\"@type\":\"EntryPoint\",\"urlTemplate\":\"https:\\\/\\\/www.sinopulse.cn\\\/?s={search_term_string}\"},\"query-input\":{\"@type\":\"PropertyValueSpecification\",\"valueRequired\":true,\"valueName\":\"search_term_string\"}}],\"inLanguage\":\"pt-PT\"},{\"@type\":\"Organization\",\"@id\":\"https:\\\/\\\/www.sinopulse.cn\\\/#organization\",\"name\":\"Sinopulse Hose Factory Co., Ltd.\",\"alternateName\":\"Sinopulse Hose Factory\",\"url\":\"https:\\\/\\\/www.sinopulse.cn\\\/\",\"logo\":{\"@type\":\"ImageObject\",\"inLanguage\":\"pt-PT\",\"@id\":\"https:\\\/\\\/www.sinopulse.cn\\\/#\\\/schema\\\/logo\\\/image\\\/\",\"url\":\"https:\\\/\\\/www.sinopulse.cn\\\/wp-content\\\/uploads\\\/2022\\\/12\\\/cropped-SINOPULSE-logo-1.png\",\"contentUrl\":\"https:\\\/\\\/www.sinopulse.cn\\\/wp-content\\\/uploads\\\/2022\\\/12\\\/cropped-SINOPULSE-logo-1.png\",\"width\":466,\"height\":109,\"caption\":\"Sinopulse Hose Factory Co., Ltd.\"},\"image\":{\"@id\":\"https:\\\/\\\/www.sinopulse.cn\\\/#\\\/schema\\\/logo\\\/image\\\/\"},\"sameAs\":[\"https:\\\/\\\/www.facebook.com\\\/sinopulsehose\\\/\",\"https:\\\/\\\/www.linkedin.com\\\/in\\\/sinopulse-hydaulic-hose-manufacturer\\\/\"]}]}<\/script>\n<!-- \/ Yoast SEO Premium plugin. -->","yoast_head_json":{"title":"EN 853 2SN - SAE 100r2AT Mangueiras Hidr\u00e1ulicas | Sinopulse","description":"As mangueiras EN 853 2SN - SAE 100r2AT s\u00e3o produzidas com borracha sint\u00e9tica resistente a \u00f3leo e refor\u00e7adas com duas tran\u00e7as de fios de a\u00e7o de alta resist\u00eancia.","robots":{"index":"index","follow":"follow","max-snippet":"max-snippet:-1","max-image-preview":"max-image-preview:large","max-video-preview":"max-video-preview:-1"},"canonical":"https:\/\/www.sinopulse.cn\/pt\/em-853-2sn-sae-100r2at\/","og_locale":"pt_PT","og_type":"article","og_title":"DIN EN853 2SN\/SAE 100R2AT","og_description":"EN 853 2SN - SAE 100r2AT hoses are produced with oil-resistant Resistant Synthetic Rubber and reinforced with\u00a0Two High Tensile Steel Wire Braids.","og_url":"https:\/\/www.sinopulse.cn\/pt\/em-853-2sn-sae-100r2at\/","og_site_name":"Sinopulse","article_publisher":"https:\/\/www.facebook.com\/sinopulsehose\/","article_modified_time":"2025-12-04T01:30:13+00:00","og_image":[{"width":1280,"height":720,"url":"https:\/\/www.sinopulse.cn\/wp-content\/uploads\/2025\/04\/DIN-EN853-2SN-SAE-100R2AT-hydraulic-hose.jpg","type":"image\/jpeg"}],"twitter_card":"summary_large_image","twitter_misc":{"Tempo estimado de leitura":"1 minuto"},"schema":{"@context":"https:\/\/schema.org","@graph":[{"@type":"WebPage","@id":"https:\/\/www.sinopulse.cn\/en-853-2sn-sae-100r2at\/","url":"https:\/\/www.sinopulse.cn\/en-853-2sn-sae-100r2at\/","name":"EN 853 2SN - SAE 100r2AT Mangueiras Hidr\u00e1ulicas | Sinopulse","isPartOf":{"@id":"https:\/\/www.sinopulse.cn\/#website"},"primaryImageOfPage":{"@id":"https:\/\/www.sinopulse.cn\/en-853-2sn-sae-100r2at\/#primaryimage"},"image":{"@id":"https:\/\/www.sinopulse.cn\/en-853-2sn-sae-100r2at\/#primaryimage"},"thumbnailUrl":"https:\/\/www.sinopulse.cn\/wp-content\/uploads\/2025\/04\/DIN-EN853-2SN-SAE-100R2AT-hydraulic-hose.jpg","datePublished":"2024-09-26T08:50:39+00:00","dateModified":"2025-12-04T01:30:13+00:00","description":"As mangueiras EN 853 2SN - SAE 100r2AT s\u00e3o produzidas com borracha sint\u00e9tica resistente a \u00f3leo e refor\u00e7adas com duas tran\u00e7as de fios de a\u00e7o de alta resist\u00eancia.","breadcrumb":{"@id":"https:\/\/www.sinopulse.cn\/en-853-2sn-sae-100r2at\/#breadcrumb"},"inLanguage":"pt-PT","potentialAction":[{"@type":"ReadAction","target":["https:\/\/www.sinopulse.cn\/en-853-2sn-sae-100r2at\/"]}]},{"@type":"ImageObject","inLanguage":"pt-PT","@id":"https:\/\/www.sinopulse.cn\/en-853-2sn-sae-100r2at\/#primaryimage","url":"https:\/\/www.sinopulse.cn\/wp-content\/uploads\/2025\/04\/DIN-EN853-2SN-SAE-100R2AT-hydraulic-hose.jpg","contentUrl":"https:\/\/www.sinopulse.cn\/wp-content\/uploads\/2025\/04\/DIN-EN853-2SN-SAE-100R2AT-hydraulic-hose.jpg","width":1280,"height":720,"caption":"DIN EN853 2SN SAE 100R2AT hydraulic hose"},{"@type":"BreadcrumbList","@id":"https:\/\/www.sinopulse.cn\/en-853-2sn-sae-100r2at\/#breadcrumb","itemListElement":[{"@type":"ListItem","position":1,"name":"Home","item":"https:\/\/www.sinopulse.cn\/"},{"@type":"ListItem","position":2,"name":"Hydraulic hose","item":"https:\/\/www.sinopulse.cn\/category\/hydraulic-hose\/"},{"@type":"ListItem","position":3,"name":"DIN EN853 2SN\/SAE 100R2AT"}]},{"@type":"WebSite","@id":"https:\/\/www.sinopulse.cn\/#website","url":"https:\/\/www.sinopulse.cn\/","name":"Pulso Sino","description":"Fabricante de mangueiras hidr\u00e1ulicas Sinopulse","publisher":{"@id":"https:\/\/www.sinopulse.cn\/#organization"},"alternateName":"Best Hydraulic Hoses Manufacturer","potentialAction":[{"@type":"SearchAction","target":{"@type":"EntryPoint","urlTemplate":"https:\/\/www.sinopulse.cn\/?s={search_term_string}"},"query-input":{"@type":"PropertyValueSpecification","valueRequired":true,"valueName":"search_term_string"}}],"inLanguage":"pt-PT"},{"@type":"Organization","@id":"https:\/\/www.sinopulse.cn\/#organization","name":"F\u00e1brica de mangueiras Sinopulse Co., Ltd.","alternateName":"Sinopulse Hose Factory","url":"https:\/\/www.sinopulse.cn\/","logo":{"@type":"ImageObject","inLanguage":"pt-PT","@id":"https:\/\/www.sinopulse.cn\/#\/schema\/logo\/image\/","url":"https:\/\/www.sinopulse.cn\/wp-content\/uploads\/2022\/12\/cropped-SINOPULSE-logo-1.png","contentUrl":"https:\/\/www.sinopulse.cn\/wp-content\/uploads\/2022\/12\/cropped-SINOPULSE-logo-1.png","width":466,"height":109,"caption":"Sinopulse Hose Factory Co., Ltd."},"image":{"@id":"https:\/\/www.sinopulse.cn\/#\/schema\/logo\/image\/"},"sameAs":["https:\/\/www.facebook.com\/sinopulsehose\/","https:\/\/www.linkedin.com\/in\/sinopulse-hydaulic-hose-manufacturer\/"]}]}},"_links":{"self":[{"href":"https:\/\/www.sinopulse.cn\/pt\/wp-json\/wp\/v2\/pages\/5788","targetHints":{"allow":["GET"]}}],"collection":[{"href":"https:\/\/www.sinopulse.cn\/pt\/wp-json\/wp\/v2\/pages"}],"about":[{"href":"https:\/\/www.sinopulse.cn\/pt\/wp-json\/wp\/v2\/types\/page"}],"author":[{"embeddable":true,"href":"https:\/\/www.sinopulse.cn\/pt\/wp-json\/wp\/v2\/users\/2"}],"replies":[{"embeddable":true,"href":"https:\/\/www.sinopulse.cn\/pt\/wp-json\/wp\/v2\/comments?post=5788"}],"version-history":[{"count":0,"href":"https:\/\/www.sinopulse.cn\/pt\/wp-json\/wp\/v2\/pages\/5788\/revisions"}],"wp:featuredmedia":[{"embeddable":true,"href":"https:\/\/www.sinopulse.cn\/pt\/wp-json\/wp\/v2\/media\/13759"}],"wp:attachment":[{"href":"https:\/\/www.sinopulse.cn\/pt\/wp-json\/wp\/v2\/media?parent=5788"}],"wp:term":[{"taxonomy":"category","embeddable":true,"href":"https:\/\/www.sinopulse.cn\/pt\/wp-json\/wp\/v2\/categories?post=5788"},{"taxonomy":"post_tag","embeddable":true,"href":"https:\/\/www.sinopulse.cn\/pt\/wp-json\/wp\/v2\/tags?post=5788"}],"curies":[{"name":"wp","href":"https:\/\/api.w.org\/{rel}","templated":true}]}}