{"id":5812,"date":"2024-09-27T14:48:20","date_gmt":"2024-09-27T06:48:20","guid":{"rendered":"https:\/\/www.sinopulse.cn\/?page_id=5812"},"modified":"2025-12-24T11:07:50","modified_gmt":"2025-12-24T03:07:50","slug":"sae-100r16-hose","status":"publish","type":"page","link":"https:\/\/www.sinopulse.cn\/pt\/mangueira-sae-100r16\/","title":{"rendered":"SAE 100R16"},"content":{"rendered":"","protected":false},"excerpt":{"rendered":"","protected":false},"author":2,"featured_media":13751,"parent":0,"menu_order":0,"comment_status":"closed","ping_status":"closed","template":"product-category simple.php","meta":{"_acf_changed":false,"site-sidebar-layout":"default","site-content-layout":"","ast-site-content-layout":"default","site-content-style":"default","site-sidebar-style":"default","ast-global-header-display":"","ast-banner-title-visibility":"","ast-main-header-display":"","ast-hfb-above-header-display":"","ast-hfb-below-header-display":"","ast-hfb-mobile-header-display":"","site-post-title":"","ast-breadcrumbs-content":"","ast-featured-img":"","footer-sml-layout":"","ast-disable-related-posts":"","theme-transparent-header-meta":"default","adv-header-id-meta":"","stick-header-meta":"default","header-above-stick-meta":"","header-main-stick-meta":"","header-below-stick-meta":"","astra-migrate-meta-layouts":"set","ast-page-background-enabled":"default","ast-page-background-meta":{"desktop":{"background-color":"var(--ast-global-color-4)","background-image":"","background-repeat":"repeat","background-position":"center center","background-size":"auto","background-attachment":"scroll","background-type":"","background-media":"","overlay-type":"","overlay-color":"","overlay-opacity":"","overlay-gradient":""},"tablet":{"background-color":"","background-image":"","background-repeat":"repeat","background-position":"center center","background-size":"auto","background-attachment":"scroll","background-type":"","background-media":"","overlay-type":"","overlay-color":"","overlay-opacity":"","overlay-gradient":""},"mobile":{"background-color":"","background-image":"","background-repeat":"repeat","background-position":"center center","background-size":"auto","background-attachment":"scroll","background-type":"","background-media":"","overlay-type":"","overlay-color":"","overlay-opacity":"","overlay-gradient":""}},"ast-content-background-meta":{"desktop":{"background-color":"var(--ast-global-color-5)","background-image":"","background-repeat":"repeat","background-position":"center center","background-size":"auto","background-attachment":"scroll","background-type":"","background-media":"","overlay-type":"","overlay-color":"","overlay-opacity":"","overlay-gradient":""},"tablet":{"background-color":"var(--ast-global-color-5)","background-image":"","background-repeat":"repeat","background-position":"center center","background-size":"auto","background-attachment":"scroll","background-type":"","background-media":"","overlay-type":"","overlay-color":"","overlay-opacity":"","overlay-gradient":""},"mobile":{"background-color":"var(--ast-global-color-5)","background-image":"","background-repeat":"repeat","background-position":"center center","background-size":"auto","background-attachment":"scroll","background-type":"","background-media":"","overlay-type":"","overlay-color":"","overlay-opacity":"","overlay-gradient":""}}},"categories":[60,63],"tags":[136,138,142,42,48,49,55,56,57,40,73,76,75,80,37,43,41,45,46,52,53,44,54,47,74,77,58,51,358,359,360,78],"class_list":["post-5812","page","type-page","status-publish","has-post-thumbnail","hentry","category-hydraulic-hose","category-hydraulic-hose-fittings","tag-2-wire-hydraulic-hose","tag-2-wire-hydraulic-hose-pressure-rating","tag-2-wire-hydraulic-hose-rating","tag-bulk-hydraulic-hose","tag-china-din-standard-hydraulic-hose","tag-china-flexible-hydraulic-hose","tag-china-hydraulic-hose","tag-china-hydraulic-hose-suppliers","tag-china-hydraulic-rubber-hose","tag-custom-hydraulic-hoses","tag-flexible-hydraulic-hose","tag-high-pressure-hose","tag-high-temperature-hoses","tag-high-pulse-hydraulic-hoses","tag-hose","tag-hydraulic-hose-bulk","tag-hydraulic-hose-custom","tag-hydraulic-hose-distributors","tag-hydraulic-hose-factory","tag-hydraulic-hose-pipe-manufacturer","tag-hydraulic-hose-pipe-supplier","tag-hydraulic-hose-supplier","tag-hydraulic-hose-wholesale","tag-hydraulic-hoses-manufacturer","tag-low-temperature-hose","tag-low-pressure-hose","tag-oem-hydraulic-hose","tag-pressure-hydraulic-hose","tag-sae-100r16","tag-sae-100r16-hose","tag-sae-100r16-type-s","tag-smooth-cover-hydraulic-hose"],"acf":[],"yoast_head":"<!-- This site is optimized with the Yoast SEO Premium plugin v23.1 (Yoast SEO v27.3) - https:\/\/yoast.com\/product\/yoast-seo-premium-wordpress\/ -->\n<title>SAE 100R16 Hoses - Sinopulse<\/title>\n<meta name=\"description\" content=\"If you need a hydraulic hose that can handle high pressure, then take a look at the SAE 100R16.\" \/>\n<meta name=\"robots\" content=\"index, follow, max-snippet:-1, max-image-preview:large, max-video-preview:-1\" \/>\n<link rel=\"canonical\" href=\"https:\/\/www.sinopulse.cn\/pt\/mangueira-sae-100r16\/\" \/>\n<meta property=\"og:locale\" content=\"pt_PT\" \/>\n<meta property=\"og:type\" content=\"article\" \/>\n<meta property=\"og:title\" content=\"SAE 100R16\" \/>\n<meta property=\"og:description\" content=\"If you need a hydraulic hose that can handle high pressure, then take a look at the SAE 100R16.\" \/>\n<meta property=\"og:url\" content=\"https:\/\/www.sinopulse.cn\/pt\/mangueira-sae-100r16\/\" \/>\n<meta property=\"og:site_name\" content=\"Sinopulse\" \/>\n<meta property=\"article:publisher\" content=\"https:\/\/www.facebook.com\/sinopulsehose\/\" \/>\n<meta property=\"article:modified_time\" content=\"2025-12-24T03:07:50+00:00\" \/>\n<meta property=\"og:image\" content=\"https:\/\/www.sinopulse.cn\/wp-content\/uploads\/2025\/04\/SAE-100r16-Hydraulic-hose.jpg\" \/>\n\t<meta property=\"og:image:width\" content=\"1280\" \/>\n\t<meta property=\"og:image:height\" content=\"720\" \/>\n\t<meta property=\"og:image:type\" content=\"image\/jpeg\" \/>\n<meta name=\"twitter:card\" content=\"summary_large_image\" \/>\n<meta name=\"twitter:label1\" content=\"Tempo estimado de leitura\" \/>\n\t<meta name=\"twitter:data1\" content=\"9 minutos\" \/>\n<script type=\"application\/ld+json\" class=\"yoast-schema-graph\">{\"@context\":\"https:\\\/\\\/schema.org\",\"@graph\":[{\"@type\":\"WebPage\",\"@id\":\"https:\\\/\\\/www.sinopulse.cn\\\/sae-100r16-hose\\\/\",\"url\":\"https:\\\/\\\/www.sinopulse.cn\\\/sae-100r16-hose\\\/\",\"name\":\"SAE 100R16 Hoses - Sinopulse\",\"isPartOf\":{\"@id\":\"https:\\\/\\\/www.sinopulse.cn\\\/#website\"},\"primaryImageOfPage\":{\"@id\":\"https:\\\/\\\/www.sinopulse.cn\\\/sae-100r16-hose\\\/#primaryimage\"},\"image\":{\"@id\":\"https:\\\/\\\/www.sinopulse.cn\\\/sae-100r16-hose\\\/#primaryimage\"},\"thumbnailUrl\":\"https:\\\/\\\/www.sinopulse.cn\\\/wp-content\\\/uploads\\\/2025\\\/04\\\/SAE-100r16-Hydraulic-hose.jpg\",\"datePublished\":\"2024-09-27T06:48:20+00:00\",\"dateModified\":\"2025-12-24T03:07:50+00:00\",\"description\":\"If you need a hydraulic hose that can handle high pressure, then take a look at the SAE 100R16.\",\"breadcrumb\":{\"@id\":\"https:\\\/\\\/www.sinopulse.cn\\\/sae-100r16-hose\\\/#breadcrumb\"},\"inLanguage\":\"pt-PT\",\"potentialAction\":[{\"@type\":\"ReadAction\",\"target\":[\"https:\\\/\\\/www.sinopulse.cn\\\/sae-100r16-hose\\\/\"]}]},{\"@type\":\"ImageObject\",\"inLanguage\":\"pt-PT\",\"@id\":\"https:\\\/\\\/www.sinopulse.cn\\\/sae-100r16-hose\\\/#primaryimage\",\"url\":\"https:\\\/\\\/www.sinopulse.cn\\\/wp-content\\\/uploads\\\/2025\\\/04\\\/SAE-100r16-Hydraulic-hose.jpg\",\"contentUrl\":\"https:\\\/\\\/www.sinopulse.cn\\\/wp-content\\\/uploads\\\/2025\\\/04\\\/SAE-100r16-Hydraulic-hose.jpg\",\"width\":1280,\"height\":720,\"caption\":\"SAE 100r16 Hydraulic hose\"},{\"@type\":\"BreadcrumbList\",\"@id\":\"https:\\\/\\\/www.sinopulse.cn\\\/sae-100r16-hose\\\/#breadcrumb\",\"itemListElement\":[{\"@type\":\"ListItem\",\"position\":1,\"name\":\"Home\",\"item\":\"https:\\\/\\\/www.sinopulse.cn\\\/\"},{\"@type\":\"ListItem\",\"position\":2,\"name\":\"Hydraulic hose\",\"item\":\"https:\\\/\\\/www.sinopulse.cn\\\/category\\\/hydraulic-hose\\\/\"},{\"@type\":\"ListItem\",\"position\":3,\"name\":\"SAE 100R16\"}]},{\"@type\":\"WebSite\",\"@id\":\"https:\\\/\\\/www.sinopulse.cn\\\/#website\",\"url\":\"https:\\\/\\\/www.sinopulse.cn\\\/\",\"name\":\"Sinopulse\",\"description\":\"Sinopulse Hydraulic Hose Manufacturer\",\"publisher\":{\"@id\":\"https:\\\/\\\/www.sinopulse.cn\\\/#organization\"},\"alternateName\":\"Best Hydraulic Hoses Manufacturer\",\"potentialAction\":[{\"@type\":\"SearchAction\",\"target\":{\"@type\":\"EntryPoint\",\"urlTemplate\":\"https:\\\/\\\/www.sinopulse.cn\\\/?s={search_term_string}\"},\"query-input\":{\"@type\":\"PropertyValueSpecification\",\"valueRequired\":true,\"valueName\":\"search_term_string\"}}],\"inLanguage\":\"pt-PT\"},{\"@type\":\"Organization\",\"@id\":\"https:\\\/\\\/www.sinopulse.cn\\\/#organization\",\"name\":\"Sinopulse Hose Factory Co., Ltd.\",\"alternateName\":\"Sinopulse Hose Factory\",\"url\":\"https:\\\/\\\/www.sinopulse.cn\\\/\",\"logo\":{\"@type\":\"ImageObject\",\"inLanguage\":\"pt-PT\",\"@id\":\"https:\\\/\\\/www.sinopulse.cn\\\/#\\\/schema\\\/logo\\\/image\\\/\",\"url\":\"https:\\\/\\\/www.sinopulse.cn\\\/wp-content\\\/uploads\\\/2022\\\/12\\\/cropped-SINOPULSE-logo-1.png\",\"contentUrl\":\"https:\\\/\\\/www.sinopulse.cn\\\/wp-content\\\/uploads\\\/2022\\\/12\\\/cropped-SINOPULSE-logo-1.png\",\"width\":466,\"height\":109,\"caption\":\"Sinopulse Hose Factory Co., Ltd.\"},\"image\":{\"@id\":\"https:\\\/\\\/www.sinopulse.cn\\\/#\\\/schema\\\/logo\\\/image\\\/\"},\"sameAs\":[\"https:\\\/\\\/www.facebook.com\\\/sinopulsehose\\\/\",\"https:\\\/\\\/www.linkedin.com\\\/in\\\/sinopulse-hydaulic-hose-manufacturer\\\/\"]}]}<\/script>\n<!-- \/ Yoast SEO Premium plugin. -->","yoast_head_json":{"title":"Mangueiras SAE 100R16 - Sinopulse","description":"Se voc\u00ea precisa de uma mangueira hidr\u00e1ulica que suporte alta press\u00e3o, d\u00ea uma olhada na SAE 100R16.","robots":{"index":"index","follow":"follow","max-snippet":"max-snippet:-1","max-image-preview":"max-image-preview:large","max-video-preview":"max-video-preview:-1"},"canonical":"https:\/\/www.sinopulse.cn\/pt\/mangueira-sae-100r16\/","og_locale":"pt_PT","og_type":"article","og_title":"SAE 100R16","og_description":"If you need a hydraulic hose that can handle high pressure, then take a look at the SAE 100R16.","og_url":"https:\/\/www.sinopulse.cn\/pt\/mangueira-sae-100r16\/","og_site_name":"Sinopulse","article_publisher":"https:\/\/www.facebook.com\/sinopulsehose\/","article_modified_time":"2025-12-24T03:07:50+00:00","og_image":[{"width":1280,"height":720,"url":"https:\/\/www.sinopulse.cn\/wp-content\/uploads\/2025\/04\/SAE-100r16-Hydraulic-hose.jpg","type":"image\/jpeg"}],"twitter_card":"summary_large_image","twitter_misc":{"Tempo estimado de leitura":"9 minutos"},"schema":{"@context":"https:\/\/schema.org","@graph":[{"@type":"WebPage","@id":"https:\/\/www.sinopulse.cn\/sae-100r16-hose\/","url":"https:\/\/www.sinopulse.cn\/sae-100r16-hose\/","name":"Mangueiras SAE 100R16 - Sinopulse","isPartOf":{"@id":"https:\/\/www.sinopulse.cn\/#website"},"primaryImageOfPage":{"@id":"https:\/\/www.sinopulse.cn\/sae-100r16-hose\/#primaryimage"},"image":{"@id":"https:\/\/www.sinopulse.cn\/sae-100r16-hose\/#primaryimage"},"thumbnailUrl":"https:\/\/www.sinopulse.cn\/wp-content\/uploads\/2025\/04\/SAE-100r16-Hydraulic-hose.jpg","datePublished":"2024-09-27T06:48:20+00:00","dateModified":"2025-12-24T03:07:50+00:00","description":"Se voc\u00ea precisa de uma mangueira hidr\u00e1ulica que suporte alta press\u00e3o, d\u00ea uma olhada na SAE 100R16.","breadcrumb":{"@id":"https:\/\/www.sinopulse.cn\/sae-100r16-hose\/#breadcrumb"},"inLanguage":"pt-PT","potentialAction":[{"@type":"ReadAction","target":["https:\/\/www.sinopulse.cn\/sae-100r16-hose\/"]}]},{"@type":"ImageObject","inLanguage":"pt-PT","@id":"https:\/\/www.sinopulse.cn\/sae-100r16-hose\/#primaryimage","url":"https:\/\/www.sinopulse.cn\/wp-content\/uploads\/2025\/04\/SAE-100r16-Hydraulic-hose.jpg","contentUrl":"https:\/\/www.sinopulse.cn\/wp-content\/uploads\/2025\/04\/SAE-100r16-Hydraulic-hose.jpg","width":1280,"height":720,"caption":"SAE 100r16 Hydraulic hose"},{"@type":"BreadcrumbList","@id":"https:\/\/www.sinopulse.cn\/sae-100r16-hose\/#breadcrumb","itemListElement":[{"@type":"ListItem","position":1,"name":"Home","item":"https:\/\/www.sinopulse.cn\/"},{"@type":"ListItem","position":2,"name":"Hydraulic hose","item":"https:\/\/www.sinopulse.cn\/category\/hydraulic-hose\/"},{"@type":"ListItem","position":3,"name":"SAE 100R16"}]},{"@type":"WebSite","@id":"https:\/\/www.sinopulse.cn\/#website","url":"https:\/\/www.sinopulse.cn\/","name":"Pulso Sino","description":"Fabricante de mangueiras hidr\u00e1ulicas Sinopulse","publisher":{"@id":"https:\/\/www.sinopulse.cn\/#organization"},"alternateName":"Best Hydraulic Hoses Manufacturer","potentialAction":[{"@type":"SearchAction","target":{"@type":"EntryPoint","urlTemplate":"https:\/\/www.sinopulse.cn\/?s={search_term_string}"},"query-input":{"@type":"PropertyValueSpecification","valueRequired":true,"valueName":"search_term_string"}}],"inLanguage":"pt-PT"},{"@type":"Organization","@id":"https:\/\/www.sinopulse.cn\/#organization","name":"F\u00e1brica de mangueiras Sinopulse Co., Ltd.","alternateName":"Sinopulse Hose Factory","url":"https:\/\/www.sinopulse.cn\/","logo":{"@type":"ImageObject","inLanguage":"pt-PT","@id":"https:\/\/www.sinopulse.cn\/#\/schema\/logo\/image\/","url":"https:\/\/www.sinopulse.cn\/wp-content\/uploads\/2022\/12\/cropped-SINOPULSE-logo-1.png","contentUrl":"https:\/\/www.sinopulse.cn\/wp-content\/uploads\/2022\/12\/cropped-SINOPULSE-logo-1.png","width":466,"height":109,"caption":"Sinopulse Hose Factory Co., Ltd."},"image":{"@id":"https:\/\/www.sinopulse.cn\/#\/schema\/logo\/image\/"},"sameAs":["https:\/\/www.facebook.com\/sinopulsehose\/","https:\/\/www.linkedin.com\/in\/sinopulse-hydaulic-hose-manufacturer\/"]}]}},"_links":{"self":[{"href":"https:\/\/www.sinopulse.cn\/pt\/wp-json\/wp\/v2\/pages\/5812","targetHints":{"allow":["GET"]}}],"collection":[{"href":"https:\/\/www.sinopulse.cn\/pt\/wp-json\/wp\/v2\/pages"}],"about":[{"href":"https:\/\/www.sinopulse.cn\/pt\/wp-json\/wp\/v2\/types\/page"}],"author":[{"embeddable":true,"href":"https:\/\/www.sinopulse.cn\/pt\/wp-json\/wp\/v2\/users\/2"}],"replies":[{"embeddable":true,"href":"https:\/\/www.sinopulse.cn\/pt\/wp-json\/wp\/v2\/comments?post=5812"}],"version-history":[{"count":0,"href":"https:\/\/www.sinopulse.cn\/pt\/wp-json\/wp\/v2\/pages\/5812\/revisions"}],"wp:featuredmedia":[{"embeddable":true,"href":"https:\/\/www.sinopulse.cn\/pt\/wp-json\/wp\/v2\/media\/13751"}],"wp:attachment":[{"href":"https:\/\/www.sinopulse.cn\/pt\/wp-json\/wp\/v2\/media?parent=5812"}],"wp:term":[{"taxonomy":"category","embeddable":true,"href":"https:\/\/www.sinopulse.cn\/pt\/wp-json\/wp\/v2\/categories?post=5812"},{"taxonomy":"post_tag","embeddable":true,"href":"https:\/\/www.sinopulse.cn\/pt\/wp-json\/wp\/v2\/tags?post=5812"}],"curies":[{"name":"wp","href":"https:\/\/api.w.org\/{rel}","templated":true}]}}