{"id":5821,"date":"2024-09-27T16:24:46","date_gmt":"2024-09-27T08:24:46","guid":{"rendered":"https:\/\/www.sinopulse.cn\/?page_id=5821"},"modified":"2025-12-24T10:53:24","modified_gmt":"2025-12-24T02:53:24","slug":"sae-100r19-hose","status":"publish","type":"page","link":"https:\/\/www.sinopulse.cn\/pt\/mangueira-sae-100r19\/","title":{"rendered":"SAE 100R19"},"content":{"rendered":"","protected":false},"excerpt":{"rendered":"","protected":false},"author":2,"featured_media":13747,"parent":0,"menu_order":0,"comment_status":"closed","ping_status":"closed","template":"product-category simple.php","meta":{"_acf_changed":false,"site-sidebar-layout":"default","site-content-layout":"","ast-site-content-layout":"default","site-content-style":"default","site-sidebar-style":"default","ast-global-header-display":"","ast-banner-title-visibility":"","ast-main-header-display":"","ast-hfb-above-header-display":"","ast-hfb-below-header-display":"","ast-hfb-mobile-header-display":"","site-post-title":"","ast-breadcrumbs-content":"","ast-featured-img":"","footer-sml-layout":"","ast-disable-related-posts":"","theme-transparent-header-meta":"default","adv-header-id-meta":"","stick-header-meta":"default","header-above-stick-meta":"","header-main-stick-meta":"","header-below-stick-meta":"","astra-migrate-meta-layouts":"set","ast-page-background-enabled":"default","ast-page-background-meta":{"desktop":{"background-color":"var(--ast-global-color-4)","background-image":"","background-repeat":"repeat","background-position":"center center","background-size":"auto","background-attachment":"scroll","background-type":"","background-media":"","overlay-type":"","overlay-color":"","overlay-opacity":"","overlay-gradient":""},"tablet":{"background-color":"","background-image":"","background-repeat":"repeat","background-position":"center center","background-size":"auto","background-attachment":"scroll","background-type":"","background-media":"","overlay-type":"","overlay-color":"","overlay-opacity":"","overlay-gradient":""},"mobile":{"background-color":"","background-image":"","background-repeat":"repeat","background-position":"center center","background-size":"auto","background-attachment":"scroll","background-type":"","background-media":"","overlay-type":"","overlay-color":"","overlay-opacity":"","overlay-gradient":""}},"ast-content-background-meta":{"desktop":{"background-color":"var(--ast-global-color-5)","background-image":"","background-repeat":"repeat","background-position":"center center","background-size":"auto","background-attachment":"scroll","background-type":"","background-media":"","overlay-type":"","overlay-color":"","overlay-opacity":"","overlay-gradient":""},"tablet":{"background-color":"var(--ast-global-color-5)","background-image":"","background-repeat":"repeat","background-position":"center center","background-size":"auto","background-attachment":"scroll","background-type":"","background-media":"","overlay-type":"","overlay-color":"","overlay-opacity":"","overlay-gradient":""},"mobile":{"background-color":"var(--ast-global-color-5)","background-image":"","background-repeat":"repeat","background-position":"center center","background-size":"auto","background-attachment":"scroll","background-type":"","background-media":"","overlay-type":"","overlay-color":"","overlay-opacity":"","overlay-gradient":""}}},"categories":[60,63,69],"tags":[42,48,49,55,56,57,40,73,76,75,80,37,43,41,45,46,52,53,44,54,47,74,77,58,51,78],"class_list":["post-5821","page","type-page","status-publish","has-post-thumbnail","hentry","category-hydraulic-hose","category-hydraulic-hose-fittings","category-hydraulic-systems","tag-bulk-hydraulic-hose","tag-china-din-standard-hydraulic-hose","tag-china-flexible-hydraulic-hose","tag-china-hydraulic-hose","tag-china-hydraulic-hose-suppliers","tag-china-hydraulic-rubber-hose","tag-custom-hydraulic-hoses","tag-flexible-hydraulic-hose","tag-high-pressure-hose","tag-high-temperature-hoses","tag-high-pulse-hydraulic-hoses","tag-hose","tag-hydraulic-hose-bulk","tag-hydraulic-hose-custom","tag-hydraulic-hose-distributors","tag-hydraulic-hose-factory","tag-hydraulic-hose-pipe-manufacturer","tag-hydraulic-hose-pipe-supplier","tag-hydraulic-hose-supplier","tag-hydraulic-hose-wholesale","tag-hydraulic-hoses-manufacturer","tag-low-temperature-hose","tag-low-pressure-hose","tag-oem-hydraulic-hose","tag-pressure-hydraulic-hose","tag-smooth-cover-hydraulic-hose"],"acf":[],"yoast_head":"<!-- This site is optimized with the Yoast SEO Premium plugin v23.1 (Yoast SEO v27.3) - https:\/\/yoast.com\/product\/yoast-seo-premium-wordpress\/ -->\n<title>SAE 100 R19 Hydraulic Hoses - Sinopulse<\/title>\n<meta name=\"description\" content=\"SAE 100R19 is rated to 4,000 psi constant pressure for applications in the construction industry, especially for those working with telescoping boom applications requiring a durable and light weight bonded assembly solution.\u00a0\" \/>\n<meta name=\"robots\" content=\"index, follow, max-snippet:-1, max-image-preview:large, max-video-preview:-1\" \/>\n<link rel=\"canonical\" href=\"https:\/\/www.sinopulse.cn\/pt\/mangueira-sae-100r19\/\" \/>\n<meta property=\"og:locale\" content=\"pt_PT\" \/>\n<meta property=\"og:type\" content=\"article\" \/>\n<meta property=\"og:title\" content=\"SAE 100R19\" \/>\n<meta property=\"og:description\" content=\"SAE 100R19 is rated to 4,000 psi constant pressure for applications in the construction industry, especially for those working with telescoping boom applications requiring a durable and light weight bonded assembly solution.\u00a0\" \/>\n<meta property=\"og:url\" content=\"https:\/\/www.sinopulse.cn\/pt\/mangueira-sae-100r19\/\" \/>\n<meta property=\"og:site_name\" content=\"Sinopulse\" \/>\n<meta property=\"article:publisher\" content=\"https:\/\/www.facebook.com\/sinopulsehose\/\" \/>\n<meta property=\"article:modified_time\" content=\"2025-12-24T02:53:24+00:00\" \/>\n<meta property=\"og:image\" content=\"https:\/\/www.sinopulse.cn\/wp-content\/uploads\/2025\/04\/SAE-100R19-hydraulic-hose.jpg\" \/>\n\t<meta property=\"og:image:width\" content=\"1280\" \/>\n\t<meta property=\"og:image:height\" content=\"720\" \/>\n\t<meta property=\"og:image:type\" content=\"image\/jpeg\" \/>\n<meta name=\"twitter:card\" content=\"summary_large_image\" \/>\n<meta name=\"twitter:label1\" content=\"Tempo estimado de leitura\" \/>\n\t<meta name=\"twitter:data1\" content=\"8 minutos\" \/>\n<script type=\"application\/ld+json\" class=\"yoast-schema-graph\">{\"@context\":\"https:\\\/\\\/schema.org\",\"@graph\":[{\"@type\":\"WebPage\",\"@id\":\"https:\\\/\\\/www.sinopulse.cn\\\/sae-100r19-hose\\\/\",\"url\":\"https:\\\/\\\/www.sinopulse.cn\\\/sae-100r19-hose\\\/\",\"name\":\"SAE 100 R19 Hydraulic Hoses - Sinopulse\",\"isPartOf\":{\"@id\":\"https:\\\/\\\/www.sinopulse.cn\\\/#website\"},\"primaryImageOfPage\":{\"@id\":\"https:\\\/\\\/www.sinopulse.cn\\\/sae-100r19-hose\\\/#primaryimage\"},\"image\":{\"@id\":\"https:\\\/\\\/www.sinopulse.cn\\\/sae-100r19-hose\\\/#primaryimage\"},\"thumbnailUrl\":\"https:\\\/\\\/www.sinopulse.cn\\\/wp-content\\\/uploads\\\/2025\\\/04\\\/SAE-100R19-hydraulic-hose.jpg\",\"datePublished\":\"2024-09-27T08:24:46+00:00\",\"dateModified\":\"2025-12-24T02:53:24+00:00\",\"description\":\"SAE 100R19 is rated to 4,000 psi constant pressure for applications in the construction industry, especially for those working with telescoping boom applications requiring a durable and light weight bonded assembly solution.\u00a0\",\"breadcrumb\":{\"@id\":\"https:\\\/\\\/www.sinopulse.cn\\\/sae-100r19-hose\\\/#breadcrumb\"},\"inLanguage\":\"pt-PT\",\"potentialAction\":[{\"@type\":\"ReadAction\",\"target\":[\"https:\\\/\\\/www.sinopulse.cn\\\/sae-100r19-hose\\\/\"]}]},{\"@type\":\"ImageObject\",\"inLanguage\":\"pt-PT\",\"@id\":\"https:\\\/\\\/www.sinopulse.cn\\\/sae-100r19-hose\\\/#primaryimage\",\"url\":\"https:\\\/\\\/www.sinopulse.cn\\\/wp-content\\\/uploads\\\/2025\\\/04\\\/SAE-100R19-hydraulic-hose.jpg\",\"contentUrl\":\"https:\\\/\\\/www.sinopulse.cn\\\/wp-content\\\/uploads\\\/2025\\\/04\\\/SAE-100R19-hydraulic-hose.jpg\",\"width\":1280,\"height\":720,\"caption\":\"SAE 100R19 hydraulic hose\"},{\"@type\":\"BreadcrumbList\",\"@id\":\"https:\\\/\\\/www.sinopulse.cn\\\/sae-100r19-hose\\\/#breadcrumb\",\"itemListElement\":[{\"@type\":\"ListItem\",\"position\":1,\"name\":\"Home\",\"item\":\"https:\\\/\\\/www.sinopulse.cn\\\/\"},{\"@type\":\"ListItem\",\"position\":2,\"name\":\"Hydraulic hose\",\"item\":\"https:\\\/\\\/www.sinopulse.cn\\\/category\\\/hydraulic-hose\\\/\"},{\"@type\":\"ListItem\",\"position\":3,\"name\":\"SAE 100R19\"}]},{\"@type\":\"WebSite\",\"@id\":\"https:\\\/\\\/www.sinopulse.cn\\\/#website\",\"url\":\"https:\\\/\\\/www.sinopulse.cn\\\/\",\"name\":\"Sinopulse\",\"description\":\"Sinopulse Hydraulic Hose Manufacturer\",\"publisher\":{\"@id\":\"https:\\\/\\\/www.sinopulse.cn\\\/#organization\"},\"alternateName\":\"Best Hydraulic Hoses Manufacturer\",\"potentialAction\":[{\"@type\":\"SearchAction\",\"target\":{\"@type\":\"EntryPoint\",\"urlTemplate\":\"https:\\\/\\\/www.sinopulse.cn\\\/?s={search_term_string}\"},\"query-input\":{\"@type\":\"PropertyValueSpecification\",\"valueRequired\":true,\"valueName\":\"search_term_string\"}}],\"inLanguage\":\"pt-PT\"},{\"@type\":\"Organization\",\"@id\":\"https:\\\/\\\/www.sinopulse.cn\\\/#organization\",\"name\":\"Sinopulse Hose Factory Co., Ltd.\",\"alternateName\":\"Sinopulse Hose Factory\",\"url\":\"https:\\\/\\\/www.sinopulse.cn\\\/\",\"logo\":{\"@type\":\"ImageObject\",\"inLanguage\":\"pt-PT\",\"@id\":\"https:\\\/\\\/www.sinopulse.cn\\\/#\\\/schema\\\/logo\\\/image\\\/\",\"url\":\"https:\\\/\\\/www.sinopulse.cn\\\/wp-content\\\/uploads\\\/2022\\\/12\\\/cropped-SINOPULSE-logo-1.png\",\"contentUrl\":\"https:\\\/\\\/www.sinopulse.cn\\\/wp-content\\\/uploads\\\/2022\\\/12\\\/cropped-SINOPULSE-logo-1.png\",\"width\":466,\"height\":109,\"caption\":\"Sinopulse Hose Factory Co., Ltd.\"},\"image\":{\"@id\":\"https:\\\/\\\/www.sinopulse.cn\\\/#\\\/schema\\\/logo\\\/image\\\/\"},\"sameAs\":[\"https:\\\/\\\/www.facebook.com\\\/sinopulsehose\\\/\",\"https:\\\/\\\/www.linkedin.com\\\/in\\\/sinopulse-hydaulic-hose-manufacturer\\\/\"]}]}<\/script>\n<!-- \/ Yoast SEO Premium plugin. -->","yoast_head_json":{"title":"Mangueiras Hidr\u00e1ulicas SAE 100 R19 - Sinopulse","description":"O SAE 100R19 \u00e9 classificado para press\u00e3o constante de 4.000 psi para aplica\u00e7\u00f5es na ind\u00fastria da constru\u00e7\u00e3o, especialmente para aqueles que trabalham com aplica\u00e7\u00f5es de lan\u00e7a telesc\u00f3pica que exigem uma solu\u00e7\u00e3o de montagem soldada dur\u00e1vel e leve.\u00a0","robots":{"index":"index","follow":"follow","max-snippet":"max-snippet:-1","max-image-preview":"max-image-preview:large","max-video-preview":"max-video-preview:-1"},"canonical":"https:\/\/www.sinopulse.cn\/pt\/mangueira-sae-100r19\/","og_locale":"pt_PT","og_type":"article","og_title":"SAE 100R19","og_description":"SAE 100R19 is rated to 4,000 psi constant pressure for applications in the construction industry, especially for those working with telescoping boom applications requiring a durable and light weight bonded assembly solution.\u00a0","og_url":"https:\/\/www.sinopulse.cn\/pt\/mangueira-sae-100r19\/","og_site_name":"Sinopulse","article_publisher":"https:\/\/www.facebook.com\/sinopulsehose\/","article_modified_time":"2025-12-24T02:53:24+00:00","og_image":[{"width":1280,"height":720,"url":"https:\/\/www.sinopulse.cn\/wp-content\/uploads\/2025\/04\/SAE-100R19-hydraulic-hose.jpg","type":"image\/jpeg"}],"twitter_card":"summary_large_image","twitter_misc":{"Tempo estimado de leitura":"8 minutos"},"schema":{"@context":"https:\/\/schema.org","@graph":[{"@type":"WebPage","@id":"https:\/\/www.sinopulse.cn\/sae-100r19-hose\/","url":"https:\/\/www.sinopulse.cn\/sae-100r19-hose\/","name":"Mangueiras Hidr\u00e1ulicas SAE 100 R19 - Sinopulse","isPartOf":{"@id":"https:\/\/www.sinopulse.cn\/#website"},"primaryImageOfPage":{"@id":"https:\/\/www.sinopulse.cn\/sae-100r19-hose\/#primaryimage"},"image":{"@id":"https:\/\/www.sinopulse.cn\/sae-100r19-hose\/#primaryimage"},"thumbnailUrl":"https:\/\/www.sinopulse.cn\/wp-content\/uploads\/2025\/04\/SAE-100R19-hydraulic-hose.jpg","datePublished":"2024-09-27T08:24:46+00:00","dateModified":"2025-12-24T02:53:24+00:00","description":"O SAE 100R19 \u00e9 classificado para press\u00e3o constante de 4.000 psi para aplica\u00e7\u00f5es na ind\u00fastria da constru\u00e7\u00e3o, especialmente para aqueles que trabalham com aplica\u00e7\u00f5es de lan\u00e7a telesc\u00f3pica que exigem uma solu\u00e7\u00e3o de montagem soldada dur\u00e1vel e leve.\u00a0","breadcrumb":{"@id":"https:\/\/www.sinopulse.cn\/sae-100r19-hose\/#breadcrumb"},"inLanguage":"pt-PT","potentialAction":[{"@type":"ReadAction","target":["https:\/\/www.sinopulse.cn\/sae-100r19-hose\/"]}]},{"@type":"ImageObject","inLanguage":"pt-PT","@id":"https:\/\/www.sinopulse.cn\/sae-100r19-hose\/#primaryimage","url":"https:\/\/www.sinopulse.cn\/wp-content\/uploads\/2025\/04\/SAE-100R19-hydraulic-hose.jpg","contentUrl":"https:\/\/www.sinopulse.cn\/wp-content\/uploads\/2025\/04\/SAE-100R19-hydraulic-hose.jpg","width":1280,"height":720,"caption":"SAE 100R19 hydraulic hose"},{"@type":"BreadcrumbList","@id":"https:\/\/www.sinopulse.cn\/sae-100r19-hose\/#breadcrumb","itemListElement":[{"@type":"ListItem","position":1,"name":"Home","item":"https:\/\/www.sinopulse.cn\/"},{"@type":"ListItem","position":2,"name":"Hydraulic hose","item":"https:\/\/www.sinopulse.cn\/category\/hydraulic-hose\/"},{"@type":"ListItem","position":3,"name":"SAE 100R19"}]},{"@type":"WebSite","@id":"https:\/\/www.sinopulse.cn\/#website","url":"https:\/\/www.sinopulse.cn\/","name":"Pulso Sino","description":"Fabricante de mangueiras hidr\u00e1ulicas Sinopulse","publisher":{"@id":"https:\/\/www.sinopulse.cn\/#organization"},"alternateName":"Best Hydraulic Hoses Manufacturer","potentialAction":[{"@type":"SearchAction","target":{"@type":"EntryPoint","urlTemplate":"https:\/\/www.sinopulse.cn\/?s={search_term_string}"},"query-input":{"@type":"PropertyValueSpecification","valueRequired":true,"valueName":"search_term_string"}}],"inLanguage":"pt-PT"},{"@type":"Organization","@id":"https:\/\/www.sinopulse.cn\/#organization","name":"F\u00e1brica de mangueiras Sinopulse Co., Ltd.","alternateName":"Sinopulse Hose Factory","url":"https:\/\/www.sinopulse.cn\/","logo":{"@type":"ImageObject","inLanguage":"pt-PT","@id":"https:\/\/www.sinopulse.cn\/#\/schema\/logo\/image\/","url":"https:\/\/www.sinopulse.cn\/wp-content\/uploads\/2022\/12\/cropped-SINOPULSE-logo-1.png","contentUrl":"https:\/\/www.sinopulse.cn\/wp-content\/uploads\/2022\/12\/cropped-SINOPULSE-logo-1.png","width":466,"height":109,"caption":"Sinopulse Hose Factory Co., Ltd."},"image":{"@id":"https:\/\/www.sinopulse.cn\/#\/schema\/logo\/image\/"},"sameAs":["https:\/\/www.facebook.com\/sinopulsehose\/","https:\/\/www.linkedin.com\/in\/sinopulse-hydaulic-hose-manufacturer\/"]}]}},"_links":{"self":[{"href":"https:\/\/www.sinopulse.cn\/pt\/wp-json\/wp\/v2\/pages\/5821","targetHints":{"allow":["GET"]}}],"collection":[{"href":"https:\/\/www.sinopulse.cn\/pt\/wp-json\/wp\/v2\/pages"}],"about":[{"href":"https:\/\/www.sinopulse.cn\/pt\/wp-json\/wp\/v2\/types\/page"}],"author":[{"embeddable":true,"href":"https:\/\/www.sinopulse.cn\/pt\/wp-json\/wp\/v2\/users\/2"}],"replies":[{"embeddable":true,"href":"https:\/\/www.sinopulse.cn\/pt\/wp-json\/wp\/v2\/comments?post=5821"}],"version-history":[{"count":0,"href":"https:\/\/www.sinopulse.cn\/pt\/wp-json\/wp\/v2\/pages\/5821\/revisions"}],"wp:featuredmedia":[{"embeddable":true,"href":"https:\/\/www.sinopulse.cn\/pt\/wp-json\/wp\/v2\/media\/13747"}],"wp:attachment":[{"href":"https:\/\/www.sinopulse.cn\/pt\/wp-json\/wp\/v2\/media?parent=5821"}],"wp:term":[{"taxonomy":"category","embeddable":true,"href":"https:\/\/www.sinopulse.cn\/pt\/wp-json\/wp\/v2\/categories?post=5821"},{"taxonomy":"post_tag","embeddable":true,"href":"https:\/\/www.sinopulse.cn\/pt\/wp-json\/wp\/v2\/tags?post=5821"}],"curies":[{"name":"wp","href":"https:\/\/api.w.org\/{rel}","templated":true}]}}