{"id":1225,"date":"2022-12-12T13:17:28","date_gmt":"2022-12-12T13:17:28","guid":{"rendered":"https:\/\/www.sinopulse.cn\/?page_id=1225"},"modified":"2026-02-10T17:31:48","modified_gmt":"2026-02-10T09:31:48","slug":"automotive-hose","status":"publish","type":"page","link":"https:\/\/www.sinopulse.cn\/tr\/otomotiv-hortumu\/","title":{"rendered":"Otomotiv Hortumu"},"content":{"rendered":"","protected":false},"excerpt":{"rendered":"","protected":false},"author":2,"featured_media":16291,"parent":0,"menu_order":0,"comment_status":"closed","ping_status":"closed","template":"product-category simple.php","meta":{"_acf_changed":false,"site-sidebar-layout":"default","site-content-layout":"default","ast-site-content-layout":"default","site-content-style":"default","site-sidebar-style":"default","ast-global-header-display":"","ast-banner-title-visibility":"","ast-main-header-display":"","ast-hfb-above-header-display":"","ast-hfb-below-header-display":"","ast-hfb-mobile-header-display":"","site-post-title":"","ast-breadcrumbs-content":"","ast-featured-img":"","footer-sml-layout":"","ast-disable-related-posts":"","theme-transparent-header-meta":"default","adv-header-id-meta":"","stick-header-meta":"default","header-above-stick-meta":"","header-main-stick-meta":"","header-below-stick-meta":"","astra-migrate-meta-layouts":"set","ast-page-background-enabled":"default","ast-page-background-meta":{"desktop":{"background-color":"var(--ast-global-color-4)","background-image":"","background-repeat":"repeat","background-position":"center center","background-size":"auto","background-attachment":"scroll","background-type":"","background-media":"","overlay-type":"","overlay-color":"","overlay-opacity":"","overlay-gradient":""},"tablet":{"background-color":"","background-image":"","background-repeat":"repeat","background-position":"center center","background-size":"auto","background-attachment":"scroll","background-type":"","background-media":"","overlay-type":"","overlay-color":"","overlay-opacity":"","overlay-gradient":""},"mobile":{"background-color":"","background-image":"","background-repeat":"repeat","background-position":"center center","background-size":"auto","background-attachment":"scroll","background-type":"","background-media":"","overlay-type":"","overlay-color":"","overlay-opacity":"","overlay-gradient":""}},"ast-content-background-meta":{"desktop":{"background-color":"var(--ast-global-color-5)","background-image":"","background-repeat":"repeat","background-position":"center center","background-size":"auto","background-attachment":"scroll","background-type":"","background-media":"","overlay-type":"","overlay-color":"","overlay-opacity":"","overlay-gradient":""},"tablet":{"background-color":"var(--ast-global-color-5)","background-image":"","background-repeat":"repeat","background-position":"center center","background-size":"auto","background-attachment":"scroll","background-type":"","background-media":"","overlay-type":"","overlay-color":"","overlay-opacity":"","overlay-gradient":""},"mobile":{"background-color":"var(--ast-global-color-5)","background-image":"","background-repeat":"repeat","background-position":"center center","background-size":"auto","background-attachment":"scroll","background-type":"","background-media":"","overlay-type":"","overlay-color":"","overlay-opacity":"","overlay-gradient":""}}},"categories":[61],"tags":[93,99,39],"class_list":["post-1225","page","type-page","status-publish","has-post-thumbnail","hentry","category-industrial-hose","tag-hose-manufacturing","tag-hydraulic-hose-manufacturing","tag-industrial-hose"],"acf":[],"yoast_head":"<!-- This site is optimized with the Yoast SEO Premium plugin v23.1 (Yoast SEO v27.3) - https:\/\/yoast.com\/product\/yoast-seo-premium-wordpress\/ -->\n<title>Automotive Hose Manufacturer in China - Sinopulse<\/title>\n<meta name=\"description\" content=\"Sinopulse is a Manufacturer and Supplier of automotive hoses for a variety of applications. Contact us for a quick quote!\" \/>\n<meta name=\"robots\" content=\"index, follow, max-snippet:-1, max-image-preview:large, max-video-preview:-1\" \/>\n<link rel=\"canonical\" href=\"https:\/\/www.sinopulse.cn\/tr\/otomotiv-hortumu\/\" \/>\n<meta property=\"og:locale\" content=\"tr_TR\" \/>\n<meta property=\"og:type\" content=\"article\" \/>\n<meta property=\"og:title\" content=\"Automotive Hose\" \/>\n<meta property=\"og:description\" content=\"Sinopulse is a Manufacturer and Supplier of automotive hoses for a variety of applications. Contact us for a quick quote!\" \/>\n<meta property=\"og:url\" content=\"https:\/\/www.sinopulse.cn\/tr\/otomotiv-hortumu\/\" \/>\n<meta property=\"og:site_name\" content=\"Sinopulse\" \/>\n<meta property=\"article:publisher\" content=\"https:\/\/www.facebook.com\/sinopulsehose\/\" \/>\n<meta property=\"article:modified_time\" content=\"2026-02-10T09:31:48+00:00\" \/>\n<meta property=\"og:image\" content=\"https:\/\/www.sinopulse.cn\/wp-content\/uploads\/2026\/02\/automotive-hose-type.jpg\" \/>\n\t<meta property=\"og:image:width\" content=\"800\" \/>\n\t<meta property=\"og:image:height\" content=\"400\" \/>\n\t<meta property=\"og:image:type\" content=\"image\/jpeg\" \/>\n<meta name=\"twitter:card\" content=\"summary_large_image\" \/>\n<meta name=\"twitter:label1\" content=\"Tahmini okuma s\u00fcresi\" \/>\n\t<meta name=\"twitter:data1\" content=\"19 dakika\" \/>\n<script type=\"application\/ld+json\" class=\"yoast-schema-graph\">{\"@context\":\"https:\\\/\\\/schema.org\",\"@graph\":[{\"@type\":\"WebPage\",\"@id\":\"https:\\\/\\\/www.sinopulse.cn\\\/automotive-hose\\\/\",\"url\":\"https:\\\/\\\/www.sinopulse.cn\\\/automotive-hose\\\/\",\"name\":\"Automotive Hose Manufacturer in China - Sinopulse\",\"isPartOf\":{\"@id\":\"https:\\\/\\\/www.sinopulse.cn\\\/#website\"},\"primaryImageOfPage\":{\"@id\":\"https:\\\/\\\/www.sinopulse.cn\\\/automotive-hose\\\/#primaryimage\"},\"image\":{\"@id\":\"https:\\\/\\\/www.sinopulse.cn\\\/automotive-hose\\\/#primaryimage\"},\"thumbnailUrl\":\"https:\\\/\\\/www.sinopulse.cn\\\/wp-content\\\/uploads\\\/2026\\\/02\\\/automotive-hose-type.jpg\",\"datePublished\":\"2022-12-12T13:17:28+00:00\",\"dateModified\":\"2026-02-10T09:31:48+00:00\",\"description\":\"Sinopulse is a Manufacturer and Supplier of automotive hoses for a variety of applications. Contact us for a quick quote!\",\"breadcrumb\":{\"@id\":\"https:\\\/\\\/www.sinopulse.cn\\\/automotive-hose\\\/#breadcrumb\"},\"inLanguage\":\"tr\",\"potentialAction\":[{\"@type\":\"ReadAction\",\"target\":[\"https:\\\/\\\/www.sinopulse.cn\\\/automotive-hose\\\/\"]}]},{\"@type\":\"ImageObject\",\"inLanguage\":\"tr\",\"@id\":\"https:\\\/\\\/www.sinopulse.cn\\\/automotive-hose\\\/#primaryimage\",\"url\":\"https:\\\/\\\/www.sinopulse.cn\\\/wp-content\\\/uploads\\\/2026\\\/02\\\/automotive-hose-type.jpg\",\"contentUrl\":\"https:\\\/\\\/www.sinopulse.cn\\\/wp-content\\\/uploads\\\/2026\\\/02\\\/automotive-hose-type.jpg\",\"width\":800,\"height\":400,\"caption\":\"automotive hose type\"},{\"@type\":\"BreadcrumbList\",\"@id\":\"https:\\\/\\\/www.sinopulse.cn\\\/automotive-hose\\\/#breadcrumb\",\"itemListElement\":[{\"@type\":\"ListItem\",\"position\":1,\"name\":\"Home\",\"item\":\"https:\\\/\\\/www.sinopulse.cn\\\/\"},{\"@type\":\"ListItem\",\"position\":2,\"name\":\"Industrial hose\",\"item\":\"https:\\\/\\\/www.sinopulse.cn\\\/category\\\/industrial-hose\\\/\"},{\"@type\":\"ListItem\",\"position\":3,\"name\":\"Automotive Hose\"}]},{\"@type\":\"WebSite\",\"@id\":\"https:\\\/\\\/www.sinopulse.cn\\\/#website\",\"url\":\"https:\\\/\\\/www.sinopulse.cn\\\/\",\"name\":\"Sinopulse\",\"description\":\"Sinopulse Hydraulic Hose Manufacturer\",\"publisher\":{\"@id\":\"https:\\\/\\\/www.sinopulse.cn\\\/#organization\"},\"alternateName\":\"Best Hydraulic Hoses Manufacturer\",\"potentialAction\":[{\"@type\":\"SearchAction\",\"target\":{\"@type\":\"EntryPoint\",\"urlTemplate\":\"https:\\\/\\\/www.sinopulse.cn\\\/?s={search_term_string}\"},\"query-input\":{\"@type\":\"PropertyValueSpecification\",\"valueRequired\":true,\"valueName\":\"search_term_string\"}}],\"inLanguage\":\"tr\"},{\"@type\":\"Organization\",\"@id\":\"https:\\\/\\\/www.sinopulse.cn\\\/#organization\",\"name\":\"Sinopulse Hose Factory Co., Ltd.\",\"alternateName\":\"Sinopulse Hose Factory\",\"url\":\"https:\\\/\\\/www.sinopulse.cn\\\/\",\"logo\":{\"@type\":\"ImageObject\",\"inLanguage\":\"tr\",\"@id\":\"https:\\\/\\\/www.sinopulse.cn\\\/#\\\/schema\\\/logo\\\/image\\\/\",\"url\":\"https:\\\/\\\/www.sinopulse.cn\\\/wp-content\\\/uploads\\\/2022\\\/12\\\/cropped-SINOPULSE-logo-1.png\",\"contentUrl\":\"https:\\\/\\\/www.sinopulse.cn\\\/wp-content\\\/uploads\\\/2022\\\/12\\\/cropped-SINOPULSE-logo-1.png\",\"width\":466,\"height\":109,\"caption\":\"Sinopulse Hose Factory Co., Ltd.\"},\"image\":{\"@id\":\"https:\\\/\\\/www.sinopulse.cn\\\/#\\\/schema\\\/logo\\\/image\\\/\"},\"sameAs\":[\"https:\\\/\\\/www.facebook.com\\\/sinopulsehose\\\/\",\"https:\\\/\\\/www.linkedin.com\\\/in\\\/sinopulse-hydaulic-hose-manufacturer\\\/\"]}]}<\/script>\n<!-- \/ Yoast SEO Premium plugin. -->","yoast_head_json":{"title":"\u00c7in&#039;de Otomotiv Hortum \u00dcreticisi - Sinopulse","description":"Sinopulse, \u00e7e\u015fitli uygulamalara y\u00f6nelik otomotiv hortumlar\u0131 \u00dcreticisi ve Tedarik\u00e7isidir. H\u0131zl\u0131 teklif i\u00e7in bizimle ileti\u015fime ge\u00e7in!","robots":{"index":"index","follow":"follow","max-snippet":"max-snippet:-1","max-image-preview":"max-image-preview:large","max-video-preview":"max-video-preview:-1"},"canonical":"https:\/\/www.sinopulse.cn\/tr\/otomotiv-hortumu\/","og_locale":"tr_TR","og_type":"article","og_title":"Automotive Hose","og_description":"Sinopulse is a Manufacturer and Supplier of automotive hoses for a variety of applications. Contact us for a quick quote!","og_url":"https:\/\/www.sinopulse.cn\/tr\/otomotiv-hortumu\/","og_site_name":"Sinopulse","article_publisher":"https:\/\/www.facebook.com\/sinopulsehose\/","article_modified_time":"2026-02-10T09:31:48+00:00","og_image":[{"width":800,"height":400,"url":"https:\/\/www.sinopulse.cn\/wp-content\/uploads\/2026\/02\/automotive-hose-type.jpg","type":"image\/jpeg"}],"twitter_card":"summary_large_image","twitter_misc":{"Tahmini okuma s\u00fcresi":"19 dakika"},"schema":{"@context":"https:\/\/schema.org","@graph":[{"@type":"WebPage","@id":"https:\/\/www.sinopulse.cn\/automotive-hose\/","url":"https:\/\/www.sinopulse.cn\/automotive-hose\/","name":"\u00c7in&#039;de Otomotiv Hortum \u00dcreticisi - Sinopulse","isPartOf":{"@id":"https:\/\/www.sinopulse.cn\/#website"},"primaryImageOfPage":{"@id":"https:\/\/www.sinopulse.cn\/automotive-hose\/#primaryimage"},"image":{"@id":"https:\/\/www.sinopulse.cn\/automotive-hose\/#primaryimage"},"thumbnailUrl":"https:\/\/www.sinopulse.cn\/wp-content\/uploads\/2026\/02\/automotive-hose-type.jpg","datePublished":"2022-12-12T13:17:28+00:00","dateModified":"2026-02-10T09:31:48+00:00","description":"Sinopulse, \u00e7e\u015fitli uygulamalara y\u00f6nelik otomotiv hortumlar\u0131 \u00dcreticisi ve Tedarik\u00e7isidir. H\u0131zl\u0131 teklif i\u00e7in bizimle ileti\u015fime ge\u00e7in!","breadcrumb":{"@id":"https:\/\/www.sinopulse.cn\/automotive-hose\/#breadcrumb"},"inLanguage":"tr","potentialAction":[{"@type":"ReadAction","target":["https:\/\/www.sinopulse.cn\/automotive-hose\/"]}]},{"@type":"ImageObject","inLanguage":"tr","@id":"https:\/\/www.sinopulse.cn\/automotive-hose\/#primaryimage","url":"https:\/\/www.sinopulse.cn\/wp-content\/uploads\/2026\/02\/automotive-hose-type.jpg","contentUrl":"https:\/\/www.sinopulse.cn\/wp-content\/uploads\/2026\/02\/automotive-hose-type.jpg","width":800,"height":400,"caption":"automotive hose type"},{"@type":"BreadcrumbList","@id":"https:\/\/www.sinopulse.cn\/automotive-hose\/#breadcrumb","itemListElement":[{"@type":"ListItem","position":1,"name":"Home","item":"https:\/\/www.sinopulse.cn\/"},{"@type":"ListItem","position":2,"name":"Industrial hose","item":"https:\/\/www.sinopulse.cn\/category\/industrial-hose\/"},{"@type":"ListItem","position":3,"name":"Automotive Hose"}]},{"@type":"WebSite","@id":"https:\/\/www.sinopulse.cn\/#website","url":"https:\/\/www.sinopulse.cn\/","name":"Sinop\u00fclse","description":"Sinopulse Hidrolik Hortum \u00dcreticisi","publisher":{"@id":"https:\/\/www.sinopulse.cn\/#organization"},"alternateName":"Best Hydraulic Hoses Manufacturer","potentialAction":[{"@type":"SearchAction","target":{"@type":"EntryPoint","urlTemplate":"https:\/\/www.sinopulse.cn\/?s={search_term_string}"},"query-input":{"@type":"PropertyValueSpecification","valueRequired":true,"valueName":"search_term_string"}}],"inLanguage":"tr"},{"@type":"Organization","@id":"https:\/\/www.sinopulse.cn\/#organization","name":"Sinopulse Hortum Fabrikas\u0131 Co., Ltd.","alternateName":"Sinopulse Hose Factory","url":"https:\/\/www.sinopulse.cn\/","logo":{"@type":"ImageObject","inLanguage":"tr","@id":"https:\/\/www.sinopulse.cn\/#\/schema\/logo\/image\/","url":"https:\/\/www.sinopulse.cn\/wp-content\/uploads\/2022\/12\/cropped-SINOPULSE-logo-1.png","contentUrl":"https:\/\/www.sinopulse.cn\/wp-content\/uploads\/2022\/12\/cropped-SINOPULSE-logo-1.png","width":466,"height":109,"caption":"Sinopulse Hose Factory Co., Ltd."},"image":{"@id":"https:\/\/www.sinopulse.cn\/#\/schema\/logo\/image\/"},"sameAs":["https:\/\/www.facebook.com\/sinopulsehose\/","https:\/\/www.linkedin.com\/in\/sinopulse-hydaulic-hose-manufacturer\/"]}]}},"_links":{"self":[{"href":"https:\/\/www.sinopulse.cn\/tr\/wp-json\/wp\/v2\/pages\/1225","targetHints":{"allow":["GET"]}}],"collection":[{"href":"https:\/\/www.sinopulse.cn\/tr\/wp-json\/wp\/v2\/pages"}],"about":[{"href":"https:\/\/www.sinopulse.cn\/tr\/wp-json\/wp\/v2\/types\/page"}],"author":[{"embeddable":true,"href":"https:\/\/www.sinopulse.cn\/tr\/wp-json\/wp\/v2\/users\/2"}],"replies":[{"embeddable":true,"href":"https:\/\/www.sinopulse.cn\/tr\/wp-json\/wp\/v2\/comments?post=1225"}],"version-history":[{"count":0,"href":"https:\/\/www.sinopulse.cn\/tr\/wp-json\/wp\/v2\/pages\/1225\/revisions"}],"wp:featuredmedia":[{"embeddable":true,"href":"https:\/\/www.sinopulse.cn\/tr\/wp-json\/wp\/v2\/media\/16291"}],"wp:attachment":[{"href":"https:\/\/www.sinopulse.cn\/tr\/wp-json\/wp\/v2\/media?parent=1225"}],"wp:term":[{"taxonomy":"category","embeddable":true,"href":"https:\/\/www.sinopulse.cn\/tr\/wp-json\/wp\/v2\/categories?post=1225"},{"taxonomy":"post_tag","embeddable":true,"href":"https:\/\/www.sinopulse.cn\/tr\/wp-json\/wp\/v2\/tags?post=1225"}],"curies":[{"name":"wp","href":"https:\/\/api.w.org\/{rel}","templated":true}]}}