{"id":9074,"date":"2024-11-05T16:32:14","date_gmt":"2024-11-05T08:32:14","guid":{"rendered":"https:\/\/www.sinopulse.cn\/?page_id=9074"},"modified":"2025-10-24T10:46:36","modified_gmt":"2025-10-24T02:46:36","slug":"wire-braided-hydraulic-hose","status":"publish","type":"page","link":"https:\/\/www.sinopulse.cn\/tr\/tel-orgulu-hidrolik-hortum\/","title":{"rendered":"Tel \u00d6rg\u00fcl\u00fc Hidrolik Hortum"},"content":{"rendered":"","protected":false},"excerpt":{"rendered":"","protected":false},"author":2,"featured_media":13689,"parent":0,"menu_order":0,"comment_status":"closed","ping_status":"closed","template":"product-category simple.php","meta":{"_acf_changed":false,"site-sidebar-layout":"default","site-content-layout":"","ast-site-content-layout":"default","site-content-style":"default","site-sidebar-style":"default","ast-global-header-display":"","ast-banner-title-visibility":"","ast-main-header-display":"","ast-hfb-above-header-display":"","ast-hfb-below-header-display":"","ast-hfb-mobile-header-display":"","site-post-title":"","ast-breadcrumbs-content":"","ast-featured-img":"","footer-sml-layout":"","ast-disable-related-posts":"","theme-transparent-header-meta":"default","adv-header-id-meta":"","stick-header-meta":"default","header-above-stick-meta":"","header-main-stick-meta":"","header-below-stick-meta":"","astra-migrate-meta-layouts":"set","ast-page-background-enabled":"default","ast-page-background-meta":{"desktop":{"background-color":"var(--ast-global-color-4)","background-image":"","background-repeat":"repeat","background-position":"center center","background-size":"auto","background-attachment":"scroll","background-type":"","background-media":"","overlay-type":"","overlay-color":"","overlay-opacity":"","overlay-gradient":""},"tablet":{"background-color":"","background-image":"","background-repeat":"repeat","background-position":"center center","background-size":"auto","background-attachment":"scroll","background-type":"","background-media":"","overlay-type":"","overlay-color":"","overlay-opacity":"","overlay-gradient":""},"mobile":{"background-color":"","background-image":"","background-repeat":"repeat","background-position":"center center","background-size":"auto","background-attachment":"scroll","background-type":"","background-media":"","overlay-type":"","overlay-color":"","overlay-opacity":"","overlay-gradient":""}},"ast-content-background-meta":{"desktop":{"background-color":"var(--ast-global-color-5)","background-image":"","background-repeat":"repeat","background-position":"center center","background-size":"auto","background-attachment":"scroll","background-type":"","background-media":"","overlay-type":"","overlay-color":"","overlay-opacity":"","overlay-gradient":""},"tablet":{"background-color":"var(--ast-global-color-5)","background-image":"","background-repeat":"repeat","background-position":"center center","background-size":"auto","background-attachment":"scroll","background-type":"","background-media":"","overlay-type":"","overlay-color":"","overlay-opacity":"","overlay-gradient":""},"mobile":{"background-color":"var(--ast-global-color-5)","background-image":"","background-repeat":"repeat","background-position":"center center","background-size":"auto","background-attachment":"scroll","background-type":"","background-media":"","overlay-type":"","overlay-color":"","overlay-opacity":"","overlay-gradient":""}}},"categories":[60,63,69],"tags":[42,48,49,55,56,57,40,373,73,76,75,80,93,95,38,104,43,41,45,46,99,52,53,44,54,47,74,77,58,51,374,78,375,281,370,372,371],"class_list":["post-9074","page","type-page","status-publish","has-post-thumbnail","hentry","category-hydraulic-hose","category-hydraulic-hose-fittings","category-hydraulic-systems","tag-bulk-hydraulic-hose","tag-china-din-standard-hydraulic-hose","tag-china-flexible-hydraulic-hose","tag-china-hydraulic-hose","tag-china-hydraulic-hose-suppliers","tag-china-hydraulic-rubber-hose","tag-custom-hydraulic-hoses","tag-double-wire-braided-hydraulic-hose","tag-flexible-hydraulic-hose","tag-high-pressure-hose","tag-high-temperature-hoses","tag-high-pulse-hydraulic-hoses","tag-hose-manufacturing","tag-hose-supplier","tag-hydraulic-hose","tag-hydraulic-hose-and-fittings-manufacturers","tag-hydraulic-hose-bulk","tag-hydraulic-hose-custom","tag-hydraulic-hose-distributors","tag-hydraulic-hose-factory","tag-hydraulic-hose-manufacturing","tag-hydraulic-hose-pipe-manufacturer","tag-hydraulic-hose-pipe-supplier","tag-hydraulic-hose-supplier","tag-hydraulic-hose-wholesale","tag-hydraulic-hoses-manufacturer","tag-low-temperature-hose","tag-low-pressure-hose","tag-oem-hydraulic-hose","tag-pressure-hydraulic-hose","tag-single-wire-braided-hydraulic-hose","tag-smooth-cover-hydraulic-hose","tag-steel-wire-braided-hydraulic-hose","tag-two-steel-wire-braided-hydraulic-hose","tag-wire-braided-hydraulic-hose","tag-wire-braided-hydraulic-hose-assembly","tag-wire-braided-hydraulic-hose-pipe"],"acf":[],"yoast_head":"<!-- This site is optimized with the Yoast SEO Premium plugin v23.1 (Yoast SEO v27.3) - https:\/\/yoast.com\/product\/yoast-seo-premium-wordpress\/ -->\n<title>Wire Braided Hydraulic Hose | Sinopulse Factory &amp; Supplier in China<\/title>\n<meta name=\"description\" content=\"Braided hoses are used in low to medium pressure, lower pressure applications such as engines, hydraulic lifts, and return lines. Spiral hoses are best suited for high pressures and frequent pressure fluctuations such as hydrostatic drives, large off-road earthmoving dump trucks, or mining excavators.\" \/>\n<meta name=\"robots\" content=\"index, follow, max-snippet:-1, max-image-preview:large, max-video-preview:-1\" \/>\n<link rel=\"canonical\" href=\"https:\/\/www.sinopulse.cn\/tr\/tel-orgulu-hidrolik-hortum\/\" \/>\n<meta property=\"og:locale\" content=\"tr_TR\" \/>\n<meta property=\"og:type\" content=\"article\" \/>\n<meta property=\"og:title\" content=\"Wire Braided Hydraulic Hose\" \/>\n<meta property=\"og:description\" content=\"Braided hoses are used in low to medium pressure, lower pressure applications such as engines, hydraulic lifts, and return lines. Spiral hoses are best suited for high pressures and frequent pressure fluctuations such as hydrostatic drives, large off-road earthmoving dump trucks, or mining excavators.\" \/>\n<meta property=\"og:url\" content=\"https:\/\/www.sinopulse.cn\/tr\/tel-orgulu-hidrolik-hortum\/\" \/>\n<meta property=\"og:site_name\" content=\"Sinopulse\" \/>\n<meta property=\"article:publisher\" content=\"https:\/\/www.facebook.com\/sinopulsehose\/\" \/>\n<meta property=\"article:modified_time\" content=\"2025-10-24T02:46:36+00:00\" \/>\n<meta property=\"og:image\" content=\"https:\/\/www.sinopulse.cn\/wp-content\/uploads\/2025\/04\/Wire-Braided-Hydraulic-Hose.jpg\" \/>\n\t<meta property=\"og:image:width\" content=\"1280\" \/>\n\t<meta property=\"og:image:height\" content=\"720\" \/>\n\t<meta property=\"og:image:type\" content=\"image\/jpeg\" \/>\n<meta name=\"twitter:card\" content=\"summary_large_image\" \/>\n<meta name=\"twitter:label1\" content=\"Tahmini okuma s\u00fcresi\" \/>\n\t<meta name=\"twitter:data1\" content=\"1 dakika\" \/>\n<script type=\"application\/ld+json\" class=\"yoast-schema-graph\">{\"@context\":\"https:\\\/\\\/schema.org\",\"@graph\":[{\"@type\":\"WebPage\",\"@id\":\"https:\\\/\\\/www.sinopulse.cn\\\/wire-braided-hydraulic-hose\\\/\",\"url\":\"https:\\\/\\\/www.sinopulse.cn\\\/wire-braided-hydraulic-hose\\\/\",\"name\":\"Wire Braided Hydraulic Hose | Sinopulse Factory & Supplier in China\",\"isPartOf\":{\"@id\":\"https:\\\/\\\/www.sinopulse.cn\\\/#website\"},\"primaryImageOfPage\":{\"@id\":\"https:\\\/\\\/www.sinopulse.cn\\\/wire-braided-hydraulic-hose\\\/#primaryimage\"},\"image\":{\"@id\":\"https:\\\/\\\/www.sinopulse.cn\\\/wire-braided-hydraulic-hose\\\/#primaryimage\"},\"thumbnailUrl\":\"https:\\\/\\\/www.sinopulse.cn\\\/wp-content\\\/uploads\\\/2025\\\/04\\\/Wire-Braided-Hydraulic-Hose.jpg\",\"datePublished\":\"2024-11-05T08:32:14+00:00\",\"dateModified\":\"2025-10-24T02:46:36+00:00\",\"description\":\"Braided hoses are used in low to medium pressure, lower pressure applications such as engines, hydraulic lifts, and return lines. Spiral hoses are best suited for high pressures and frequent pressure fluctuations such as hydrostatic drives, large off-road earthmoving dump trucks, or mining excavators.\",\"breadcrumb\":{\"@id\":\"https:\\\/\\\/www.sinopulse.cn\\\/wire-braided-hydraulic-hose\\\/#breadcrumb\"},\"inLanguage\":\"tr\",\"potentialAction\":[{\"@type\":\"ReadAction\",\"target\":[\"https:\\\/\\\/www.sinopulse.cn\\\/wire-braided-hydraulic-hose\\\/\"]}]},{\"@type\":\"ImageObject\",\"inLanguage\":\"tr\",\"@id\":\"https:\\\/\\\/www.sinopulse.cn\\\/wire-braided-hydraulic-hose\\\/#primaryimage\",\"url\":\"https:\\\/\\\/www.sinopulse.cn\\\/wp-content\\\/uploads\\\/2025\\\/04\\\/Wire-Braided-Hydraulic-Hose.jpg\",\"contentUrl\":\"https:\\\/\\\/www.sinopulse.cn\\\/wp-content\\\/uploads\\\/2025\\\/04\\\/Wire-Braided-Hydraulic-Hose.jpg\",\"width\":1280,\"height\":720,\"caption\":\"Wire Braided Hydraulic Hose\"},{\"@type\":\"BreadcrumbList\",\"@id\":\"https:\\\/\\\/www.sinopulse.cn\\\/wire-braided-hydraulic-hose\\\/#breadcrumb\",\"itemListElement\":[{\"@type\":\"ListItem\",\"position\":1,\"name\":\"Home\",\"item\":\"https:\\\/\\\/www.sinopulse.cn\\\/\"},{\"@type\":\"ListItem\",\"position\":2,\"name\":\"Hydraulic hose\",\"item\":\"https:\\\/\\\/www.sinopulse.cn\\\/category\\\/hydraulic-hose\\\/\"},{\"@type\":\"ListItem\",\"position\":3,\"name\":\"Wire Braided Hydraulic Hose\"}]},{\"@type\":\"WebSite\",\"@id\":\"https:\\\/\\\/www.sinopulse.cn\\\/#website\",\"url\":\"https:\\\/\\\/www.sinopulse.cn\\\/\",\"name\":\"Sinopulse\",\"description\":\"Sinopulse Hydraulic Hose Manufacturer\",\"publisher\":{\"@id\":\"https:\\\/\\\/www.sinopulse.cn\\\/#organization\"},\"alternateName\":\"Best Hydraulic Hoses Manufacturer\",\"potentialAction\":[{\"@type\":\"SearchAction\",\"target\":{\"@type\":\"EntryPoint\",\"urlTemplate\":\"https:\\\/\\\/www.sinopulse.cn\\\/?s={search_term_string}\"},\"query-input\":{\"@type\":\"PropertyValueSpecification\",\"valueRequired\":true,\"valueName\":\"search_term_string\"}}],\"inLanguage\":\"tr\"},{\"@type\":\"Organization\",\"@id\":\"https:\\\/\\\/www.sinopulse.cn\\\/#organization\",\"name\":\"Sinopulse Hose Factory Co., Ltd.\",\"alternateName\":\"Sinopulse Hose Factory\",\"url\":\"https:\\\/\\\/www.sinopulse.cn\\\/\",\"logo\":{\"@type\":\"ImageObject\",\"inLanguage\":\"tr\",\"@id\":\"https:\\\/\\\/www.sinopulse.cn\\\/#\\\/schema\\\/logo\\\/image\\\/\",\"url\":\"https:\\\/\\\/www.sinopulse.cn\\\/wp-content\\\/uploads\\\/2022\\\/12\\\/cropped-SINOPULSE-logo-1.png\",\"contentUrl\":\"https:\\\/\\\/www.sinopulse.cn\\\/wp-content\\\/uploads\\\/2022\\\/12\\\/cropped-SINOPULSE-logo-1.png\",\"width\":466,\"height\":109,\"caption\":\"Sinopulse Hose Factory Co., Ltd.\"},\"image\":{\"@id\":\"https:\\\/\\\/www.sinopulse.cn\\\/#\\\/schema\\\/logo\\\/image\\\/\"},\"sameAs\":[\"https:\\\/\\\/www.facebook.com\\\/sinopulsehose\\\/\",\"https:\\\/\\\/www.linkedin.com\\\/in\\\/sinopulse-hydaulic-hose-manufacturer\\\/\"]}]}<\/script>\n<!-- \/ Yoast SEO Premium plugin. -->","yoast_head_json":{"title":"Tel \u00d6rg\u00fcl\u00fc Hidrolik Hortum | \u00c7in&#039;deki Sinopulse Fabrikas\u0131 ve Tedarik\u00e7isi","description":"\u00d6rg\u00fcl\u00fc hortumlar, motorlar, hidrolik asans\u00f6rler ve d\u00f6n\u00fc\u015f hatlar\u0131 gibi d\u00fc\u015f\u00fck ila orta bas\u0131n\u00e7, d\u00fc\u015f\u00fck bas\u0131n\u00e7 uygulamalar\u0131nda kullan\u0131l\u0131r. Spiral hortumlar, hidrostatik tahrikler, b\u00fcy\u00fck arazi tipi toprak i\u015fleme damperli kamyonlar veya maden ekskavat\u00f6rleri gibi y\u00fcksek bas\u0131n\u00e7lar ve s\u0131k bas\u0131n\u00e7 dalgalanmalar\u0131 i\u00e7in en uygunudur.","robots":{"index":"index","follow":"follow","max-snippet":"max-snippet:-1","max-image-preview":"max-image-preview:large","max-video-preview":"max-video-preview:-1"},"canonical":"https:\/\/www.sinopulse.cn\/tr\/tel-orgulu-hidrolik-hortum\/","og_locale":"tr_TR","og_type":"article","og_title":"Wire Braided Hydraulic Hose","og_description":"Braided hoses are used in low to medium pressure, lower pressure applications such as engines, hydraulic lifts, and return lines. Spiral hoses are best suited for high pressures and frequent pressure fluctuations such as hydrostatic drives, large off-road earthmoving dump trucks, or mining excavators.","og_url":"https:\/\/www.sinopulse.cn\/tr\/tel-orgulu-hidrolik-hortum\/","og_site_name":"Sinopulse","article_publisher":"https:\/\/www.facebook.com\/sinopulsehose\/","article_modified_time":"2025-10-24T02:46:36+00:00","og_image":[{"width":1280,"height":720,"url":"https:\/\/www.sinopulse.cn\/wp-content\/uploads\/2025\/04\/Wire-Braided-Hydraulic-Hose.jpg","type":"image\/jpeg"}],"twitter_card":"summary_large_image","twitter_misc":{"Tahmini okuma s\u00fcresi":"1 dakika"},"schema":{"@context":"https:\/\/schema.org","@graph":[{"@type":"WebPage","@id":"https:\/\/www.sinopulse.cn\/wire-braided-hydraulic-hose\/","url":"https:\/\/www.sinopulse.cn\/wire-braided-hydraulic-hose\/","name":"Tel \u00d6rg\u00fcl\u00fc Hidrolik Hortum | \u00c7in&#039;deki Sinopulse Fabrikas\u0131 ve Tedarik\u00e7isi","isPartOf":{"@id":"https:\/\/www.sinopulse.cn\/#website"},"primaryImageOfPage":{"@id":"https:\/\/www.sinopulse.cn\/wire-braided-hydraulic-hose\/#primaryimage"},"image":{"@id":"https:\/\/www.sinopulse.cn\/wire-braided-hydraulic-hose\/#primaryimage"},"thumbnailUrl":"https:\/\/www.sinopulse.cn\/wp-content\/uploads\/2025\/04\/Wire-Braided-Hydraulic-Hose.jpg","datePublished":"2024-11-05T08:32:14+00:00","dateModified":"2025-10-24T02:46:36+00:00","description":"\u00d6rg\u00fcl\u00fc hortumlar, motorlar, hidrolik asans\u00f6rler ve d\u00f6n\u00fc\u015f hatlar\u0131 gibi d\u00fc\u015f\u00fck ila orta bas\u0131n\u00e7, d\u00fc\u015f\u00fck bas\u0131n\u00e7 uygulamalar\u0131nda kullan\u0131l\u0131r. Spiral hortumlar, hidrostatik tahrikler, b\u00fcy\u00fck arazi tipi toprak i\u015fleme damperli kamyonlar veya maden ekskavat\u00f6rleri gibi y\u00fcksek bas\u0131n\u00e7lar ve s\u0131k bas\u0131n\u00e7 dalgalanmalar\u0131 i\u00e7in en uygunudur.","breadcrumb":{"@id":"https:\/\/www.sinopulse.cn\/wire-braided-hydraulic-hose\/#breadcrumb"},"inLanguage":"tr","potentialAction":[{"@type":"ReadAction","target":["https:\/\/www.sinopulse.cn\/wire-braided-hydraulic-hose\/"]}]},{"@type":"ImageObject","inLanguage":"tr","@id":"https:\/\/www.sinopulse.cn\/wire-braided-hydraulic-hose\/#primaryimage","url":"https:\/\/www.sinopulse.cn\/wp-content\/uploads\/2025\/04\/Wire-Braided-Hydraulic-Hose.jpg","contentUrl":"https:\/\/www.sinopulse.cn\/wp-content\/uploads\/2025\/04\/Wire-Braided-Hydraulic-Hose.jpg","width":1280,"height":720,"caption":"Wire Braided Hydraulic Hose"},{"@type":"BreadcrumbList","@id":"https:\/\/www.sinopulse.cn\/wire-braided-hydraulic-hose\/#breadcrumb","itemListElement":[{"@type":"ListItem","position":1,"name":"Home","item":"https:\/\/www.sinopulse.cn\/"},{"@type":"ListItem","position":2,"name":"Hydraulic hose","item":"https:\/\/www.sinopulse.cn\/category\/hydraulic-hose\/"},{"@type":"ListItem","position":3,"name":"Wire Braided Hydraulic Hose"}]},{"@type":"WebSite","@id":"https:\/\/www.sinopulse.cn\/#website","url":"https:\/\/www.sinopulse.cn\/","name":"Sinop\u00fclse","description":"Sinopulse Hidrolik Hortum \u00dcreticisi","publisher":{"@id":"https:\/\/www.sinopulse.cn\/#organization"},"alternateName":"Best Hydraulic Hoses Manufacturer","potentialAction":[{"@type":"SearchAction","target":{"@type":"EntryPoint","urlTemplate":"https:\/\/www.sinopulse.cn\/?s={search_term_string}"},"query-input":{"@type":"PropertyValueSpecification","valueRequired":true,"valueName":"search_term_string"}}],"inLanguage":"tr"},{"@type":"Organization","@id":"https:\/\/www.sinopulse.cn\/#organization","name":"Sinopulse Hortum Fabrikas\u0131 Co., Ltd.","alternateName":"Sinopulse Hose Factory","url":"https:\/\/www.sinopulse.cn\/","logo":{"@type":"ImageObject","inLanguage":"tr","@id":"https:\/\/www.sinopulse.cn\/#\/schema\/logo\/image\/","url":"https:\/\/www.sinopulse.cn\/wp-content\/uploads\/2022\/12\/cropped-SINOPULSE-logo-1.png","contentUrl":"https:\/\/www.sinopulse.cn\/wp-content\/uploads\/2022\/12\/cropped-SINOPULSE-logo-1.png","width":466,"height":109,"caption":"Sinopulse Hose Factory Co., Ltd."},"image":{"@id":"https:\/\/www.sinopulse.cn\/#\/schema\/logo\/image\/"},"sameAs":["https:\/\/www.facebook.com\/sinopulsehose\/","https:\/\/www.linkedin.com\/in\/sinopulse-hydaulic-hose-manufacturer\/"]}]}},"_links":{"self":[{"href":"https:\/\/www.sinopulse.cn\/tr\/wp-json\/wp\/v2\/pages\/9074","targetHints":{"allow":["GET"]}}],"collection":[{"href":"https:\/\/www.sinopulse.cn\/tr\/wp-json\/wp\/v2\/pages"}],"about":[{"href":"https:\/\/www.sinopulse.cn\/tr\/wp-json\/wp\/v2\/types\/page"}],"author":[{"embeddable":true,"href":"https:\/\/www.sinopulse.cn\/tr\/wp-json\/wp\/v2\/users\/2"}],"replies":[{"embeddable":true,"href":"https:\/\/www.sinopulse.cn\/tr\/wp-json\/wp\/v2\/comments?post=9074"}],"version-history":[{"count":0,"href":"https:\/\/www.sinopulse.cn\/tr\/wp-json\/wp\/v2\/pages\/9074\/revisions"}],"wp:featuredmedia":[{"embeddable":true,"href":"https:\/\/www.sinopulse.cn\/tr\/wp-json\/wp\/v2\/media\/13689"}],"wp:attachment":[{"href":"https:\/\/www.sinopulse.cn\/tr\/wp-json\/wp\/v2\/media?parent=9074"}],"wp:term":[{"taxonomy":"category","embeddable":true,"href":"https:\/\/www.sinopulse.cn\/tr\/wp-json\/wp\/v2\/categories?post=9074"},{"taxonomy":"post_tag","embeddable":true,"href":"https:\/\/www.sinopulse.cn\/tr\/wp-json\/wp\/v2\/tags?post=9074"}],"curies":[{"name":"wp","href":"https:\/\/api.w.org\/{rel}","templated":true}]}}